{"id":750669,"date":"2025-08-28T04:27:07","date_gmt":"2025-08-28T01:27:07","guid":{"rendered":"https:\/\/roveyayinevi.com.tr\/index.php\/urun\/kirpi-kekik-ve-goldeki-hazine\/"},"modified":"2026-04-16T03:03:57","modified_gmt":"2026-04-16T00:03:57","slug":"kirpi-kekik-ve-goldeki-hazine","status":"publish","type":"product","link":"https:\/\/roveyayinevi.com.tr\/index.php\/urun\/kirpi-kekik-ve-goldeki-hazine\/","title":{"rendered":"Kirpi Kekik ve G\u00f6ldeki Hazine"},"content":{"rendered":"<p>Kirpi Kekik oltan\u0131n hareket etmesiyle birlikte uykusundan uyan\u0131verdi. Oltas\u0131na ne tak\u0131lm\u0131\u015ft\u0131 acaba? \u0130\u00e7inde harita bulunan bir \u015fi\u015fe! Kirpi Kekik vakit kaybetmeden yola koyuldu. Yolda tan\u0131\u015ft\u0131\u011f\u0131 hayvanlarla birlikte maceradan maceraya at\u0131l\u0131rken en sonunda haritada i\u015faretli yere ula\u015fmay\u0131 ba\u015fard\u0131. Orada b\u00fcy\u00fck bir s\u00fcrpriz onu bekliyordu! Labirent ve bulmacalar\u0131n \u00e7\u00f6z\u00fcmlerini kitab\u0131n i\u00e7inde bulabilirsin. <\/p>\n","protected":false},"excerpt":{"rendered":"<p>Kirpi Kekik oltan\u0131n hareket etmesiyle birlikte uykusundan uyan\u0131verdi. Oltas\u0131na ne tak\u0131lm\u0131\u015ft\u0131 acaba? \u0130\u00e7inde harita bulunan bir \u015fi\u015fe! Kirpi Kekik vakit kaybetmeden yola koyuldu. Yolda tan\u0131\u015ft\u0131\u011f\u0131 hayvanlarla<span class=\"excerpt-hellip\"> [\u2026]<\/span><\/p>\n","protected":false},"featured_media":0,"template":"","meta":{"_monsterinsights_skip_tracking":false,"_monsterinsights_sitenote_active":false,"_monsterinsights_sitenote_note":"","_monsterinsights_sitenote_category":0},"product_brand":[],"product_cat":[12274,12518],"product_tag":[],"class_list":{"0":"post-750669","1":"product","2":"type-product","3":"status-publish","5":"product_cat-cocuk-ve-genclik-kitaplari","6":"product_cat-okul-oncesi-kitaplar","7":"pa_cilt-ciltsiz","8":"pa_tur-kitap","9":"pa_yayinevi-is-bankasi-kultur-yayinlari","10":"pa_yazar-dirk-hennig","12":"first","13":"instock","14":"sale","15":"shipping-taxable","16":"purchasable","17":"product-type-simple"},"_links":{"self":[{"href":"https:\/\/roveyayinevi.com.tr\/index.php\/wp-json\/wp\/v2\/product\/750669","targetHints":{"allow":["GET"]}}],"collection":[{"href":"https:\/\/roveyayinevi.com.tr\/index.php\/wp-json\/wp\/v2\/product"}],"about":[{"href":"https:\/\/roveyayinevi.com.tr\/index.php\/wp-json\/wp\/v2\/types\/product"}],"wp:attachment":[{"href":"https:\/\/roveyayinevi.com.tr\/index.php\/wp-json\/wp\/v2\/media?parent=750669"}],"wp:term":[{"taxonomy":"product_brand","embeddable":true,"href":"https:\/\/roveyayinevi.com.tr\/index.php\/wp-json\/wp\/v2\/product_brand?post=750669"},{"taxonomy":"product_cat","embeddable":true,"href":"https:\/\/roveyayinevi.com.tr\/index.php\/wp-json\/wp\/v2\/product_cat?post=750669"},{"taxonomy":"product_tag","embeddable":true,"href":"https:\/\/roveyayinevi.com.tr\/index.php\/wp-json\/wp\/v2\/product_tag?post=750669"}],"curies":[{"name":"wp","href":"https:\/\/api.w.org\/{rel}","templated":true}]}}