{"id":750668,"date":"2025-08-28T04:27:06","date_gmt":"2025-08-28T01:27:06","guid":{"rendered":"https:\/\/roveyayinevi.com.tr\/index.php\/urun\/psikanalitik-kisilik-calismalari\/"},"modified":"2026-04-16T03:03:57","modified_gmt":"2026-04-16T00:03:57","slug":"psikanalitik-kisilik-calismalari","status":"publish","type":"product","link":"https:\/\/roveyayinevi.com.tr\/index.php\/urun\/psikanalitik-kisilik-calismalari\/","title":{"rendered":"Psikanalitik Ki\u015filik \u00c7al\u0131\u015fmalar\u0131"},"content":{"rendered":"<p>Psikanalitik Ki\u015filik \u00c7al\u0131\u015fmalar\u0131 \u00fcnl\u00fc \u0130sko\u00e7 psikanalist W. R. D. Fairbairn\u2019in 1952\u2019ye kadar \u00e7e\u015fitli dergilerde yay\u0131mlad\u0131\u011f\u0131 ve psikanalize yapt\u0131\u011f\u0131 yenilik\u00e7i katk\u0131lar\u0131 ortaya koyan bir derleme. Bebe\u011fin ve \u00e7ocu\u011fun ili\u015fki ihtiyac\u0131n\u0131 geli\u015fiminin merkezine yerle\u015ftiren bu makaleler psikanaliz kuram\u0131nda k\u00f6kl\u00fc bir de\u011fi\u015fiklik ger\u00e7ekle\u015ftirdi; ki\u015fili\u011fin yap\u0131s\u0131 ve dinamiklerine dair tamamen yeni bir bak\u0131\u015f a\u00e7\u0131s\u0131 sundu. Nesne ili\u015fkileri kuram\u0131n\u0131 i\u015fleyerek olu\u015fturdu\u011fu ruhsal yap\u0131 modelini, bak\u0131m verenlerle ilk tecr\u00fcbelerin i\u00e7selle\u015ftirilmesi \u00fczerine in\u015fa eden Fairbairn bu derlemede; benli\u011fin b\u00f6l\u00fcnmesi ve ac\u0131 verici i\u00e7sel nesne ili\u015fkilerinin bast\u0131r\u0131lmas\u0131 yoluyla t\u00fcm ili\u015fkilerde ka\u00e7\u0131n\u0131lmaz olan tatminsizliklerle nas\u0131l ba\u015f edildi\u011fini g\u00f6sterir. \u00c7ocu\u011fun ebeveyninin duygusal olarak duyarl\u0131 taraf\u0131n\u0131 tepkisiz taraftan ay\u0131rarak \u2018iyi\u2019 ve \u2018k\u00f6t\u00fc\u2019 nesneler yaratt\u0131\u011f\u0131n\u0131, ayn\u0131 zamanda, s\u0131kl\u0131kla s\u0131n\u0131r durumlara yol a\u00e7an bir s\u00fcre\u00e7 olarak benli\u011fi de \u2018iyi\u2019 ve \u2018k\u00f6t\u00fc\u2019 olarak b\u00f6ld\u00fc\u011f\u00fcn\u00fc ileri s\u00fcrer. Bowlby\u2019nin ba\u011flanma kuram\u0131na, Guntrip ve Sutherland\u2019in kendilik \u00fczerine yaz\u0131lar\u0131na, Kernberg\u2019in a\u011f\u0131r ki\u015filik bozukluklar\u0131n\u0131n tedavisine, Mitchell\u2019in ili\u015fkisel kuram\u0131na ba\u015flang\u0131\u00e7 noktas\u0131 olu\u015fturan fikirleriyle Fairbairn \u00e7a\u011fda\u015f psikanaliz kuram\u0131na \u015fekil vermi\u015f \u00f6nc\u00fclerden biridir. S\u0131n\u0131r durumlara y\u00f6nelik olduk\u00e7a yeni bir kuramsal ve klinik yakla\u015f\u0131m geli\u015ftirmesi, bug\u00fcn bu t\u00fcr rahats\u0131zl\u0131klar\u0131n tedavisinde \u00e7ok \u00f6nemli olmaya devam etmektedir. <\/p>\n","protected":false},"excerpt":{"rendered":"<p>Psikanalitik Ki\u015filik \u00c7al\u0131\u015fmalar\u0131 \u00fcnl\u00fc \u0130sko\u00e7 psikanalist W. R. D. Fairbairn\u2019in 1952\u2019ye kadar \u00e7e\u015fitli dergilerde yay\u0131mlad\u0131\u011f\u0131 ve psikanalize yapt\u0131\u011f\u0131 yenilik\u00e7i katk\u0131lar\u0131 ortaya koyan bir derleme. Bebe\u011fin ve<span class=\"excerpt-hellip\"> [\u2026]<\/span><\/p>\n","protected":false},"featured_media":0,"template":"","meta":{"_monsterinsights_skip_tracking":false,"_monsterinsights_sitenote_active":false,"_monsterinsights_sitenote_note":"","_monsterinsights_sitenote_category":0},"product_brand":[],"product_cat":[12357],"product_tag":[],"class_list":{"0":"post-750668","1":"product","2":"type-product","3":"status-publish","5":"product_cat-psikoloji","6":"pa_cilt-ciltsiz","7":"pa_tur-kitap","8":"pa_yayinevi-is-bankasi-kultur-yayinlari","9":"pa_yazar-w-r-d-fairbairn","11":"first","12":"instock","13":"sale","14":"shipping-taxable","15":"purchasable","16":"product-type-simple"},"_links":{"self":[{"href":"https:\/\/roveyayinevi.com.tr\/index.php\/wp-json\/wp\/v2\/product\/750668","targetHints":{"allow":["GET"]}}],"collection":[{"href":"https:\/\/roveyayinevi.com.tr\/index.php\/wp-json\/wp\/v2\/product"}],"about":[{"href":"https:\/\/roveyayinevi.com.tr\/index.php\/wp-json\/wp\/v2\/types\/product"}],"wp:attachment":[{"href":"https:\/\/roveyayinevi.com.tr\/index.php\/wp-json\/wp\/v2\/media?parent=750668"}],"wp:term":[{"taxonomy":"product_brand","embeddable":true,"href":"https:\/\/roveyayinevi.com.tr\/index.php\/wp-json\/wp\/v2\/product_brand?post=750668"},{"taxonomy":"product_cat","embeddable":true,"href":"https:\/\/roveyayinevi.com.tr\/index.php\/wp-json\/wp\/v2\/product_cat?post=750668"},{"taxonomy":"product_tag","embeddable":true,"href":"https:\/\/roveyayinevi.com.tr\/index.php\/wp-json\/wp\/v2\/product_tag?post=750668"}],"curies":[{"name":"wp","href":"https:\/\/api.w.org\/{rel}","templated":true}]}}