{"id":750663,"date":"2025-08-28T04:26:58","date_gmt":"2025-08-28T01:26:58","guid":{"rendered":"https:\/\/roveyayinevi.com.tr\/index.php\/urun\/bir-ada-icat-etmek\/"},"modified":"2026-04-16T03:03:57","modified_gmt":"2026-04-16T00:03:57","slug":"bir-ada-icat-etmek","status":"publish","type":"product","link":"https:\/\/roveyayinevi.com.tr\/index.php\/urun\/bir-ada-icat-etmek\/","title":{"rendered":"Bir Ada \u0130cat Etmek"},"content":{"rendered":"<p>\u00c7in\u2019de bir \u015fantiyede \u00e7al\u0131\u015f\u0131rken, yedi ya\u015f\u0131ndaki o\u011flu Tom\u2019un \u00f6ld\u00fc\u011f\u00fcn\u00fc \u00f6\u011frenen Dani, haberi al\u0131r almaz Fransa\u2019ya e\u015fi Nora\u2019n\u0131n yan\u0131na d\u00f6nerek cenaze haz\u0131rl\u0131klar\u0131na ba\u015flar. Fakat o\u011flunun \u00f6l\u00fcm\u00fcn\u00fc kabullenmekte zorlanmakta, yas tutmay\u0131 reddetmektedir. Y\u0131l\u0131n b\u00fcy\u00fck bir k\u0131sm\u0131nda onu evinden uzak b\u0131rakan bir i\u015f se\u00e7ti\u011fi, o\u011fluyla istedi\u011fi kadar vakit ge\u00e7iremedi\u011fi i\u00e7in pi\u015fmand\u0131r. O bu duygularla m\u00fccadele ederken hi\u00e7 beklenmedik bir \u015fey olur, k\u00fc\u00e7\u00fck Tom kar\u015f\u0131s\u0131nda belirmi\u015f onunla konu\u015fmaktad\u0131r. Ba\u015fta akl\u0131n\u0131 ka\u00e7\u0131rd\u0131\u011f\u0131n\u0131 d\u00fc\u015f\u00fcnen Dani, \u00e7ok ge\u00e7meden o\u011flunun b\u00fcy\u00fcl\u00fc ve a\u00e7\u0131klanamaz bir bi\u00e7imde yeniden ortaya \u00e7\u0131k\u0131\u015f\u0131n\u0131 kabullenir. Birlikte daha \u00f6nce planlasalar da bir t\u00fcrl\u00fc ger\u00e7ekle\u015ftiremedikleri bir ada yolculu\u011funa \u00e7\u0131karlar. Alain Gillot bir ailenin en sanc\u0131l\u0131 zamanlar\u0131n\u0131 konu alan bu roman\u0131nda yas tutman\u0131n farkl\u0131 t\u00fcrleri, bir baban\u0131n o\u011flundan \u00f6\u011frenebilecekleri, hayattaki ezberlerimiz ve g\u00f6nl\u00fcm\u00fczden ge\u00e7enler \u00fczerine yal\u0131n, zarif ve samimi bir romana imza at\u0131yor. \u201cKalpleri (her \u015feye ra\u011fmen) \u0131s\u0131tan bu narin, kadifemsi yas hik\u00e2yesinde \u2013saklanan, g\u00f6rmezden gelinen \u00f6l\u00fcm, yan\u0131 ba\u015f\u0131m\u0131zda olsa bile\u2013 sevgi, korkun\u00e7 ger\u00e7e\u011fe galip geliyor. Bir nevi delilikle, bir ba\u015fka boyuta ge\u00e7en babayla tan\u0131\u015f\u0131yor, ona e\u015flik ediyor, onu anl\u0131yoruz.\u201d                                                                                                                                                                        -La Voix du Norde <\/p>\n","protected":false},"excerpt":{"rendered":"<p>\u00c7in\u2019de bir \u015fantiyede \u00e7al\u0131\u015f\u0131rken, yedi ya\u015f\u0131ndaki o\u011flu Tom\u2019un \u00f6ld\u00fc\u011f\u00fcn\u00fc \u00f6\u011frenen Dani, haberi al\u0131r almaz Fransa\u2019ya e\u015fi Nora\u2019n\u0131n yan\u0131na d\u00f6nerek cenaze haz\u0131rl\u0131klar\u0131na ba\u015flar. Fakat o\u011flunun \u00f6l\u00fcm\u00fcn\u00fc kabullenmekte<span class=\"excerpt-hellip\"> [\u2026]<\/span><\/p>\n","protected":false},"featured_media":0,"template":"","meta":{"_monsterinsights_skip_tracking":false,"_monsterinsights_sitenote_active":false,"_monsterinsights_sitenote_note":"","_monsterinsights_sitenote_category":0},"product_brand":[],"product_cat":[12291,18202],"product_tag":[],"class_list":{"0":"post-750663","1":"product","2":"type-product","3":"status-publish","5":"product_cat-edebiyat","6":"product_cat-hikaye","7":"pa_cilt-ciltsiz","8":"pa_tur-kitap","9":"pa_yayinevi-is-bankasi-kultur-yayinlari","10":"pa_yazar-alain-gillot","12":"first","13":"instock","14":"sale","15":"shipping-taxable","16":"purchasable","17":"product-type-simple"},"_links":{"self":[{"href":"https:\/\/roveyayinevi.com.tr\/index.php\/wp-json\/wp\/v2\/product\/750663","targetHints":{"allow":["GET"]}}],"collection":[{"href":"https:\/\/roveyayinevi.com.tr\/index.php\/wp-json\/wp\/v2\/product"}],"about":[{"href":"https:\/\/roveyayinevi.com.tr\/index.php\/wp-json\/wp\/v2\/types\/product"}],"wp:attachment":[{"href":"https:\/\/roveyayinevi.com.tr\/index.php\/wp-json\/wp\/v2\/media?parent=750663"}],"wp:term":[{"taxonomy":"product_brand","embeddable":true,"href":"https:\/\/roveyayinevi.com.tr\/index.php\/wp-json\/wp\/v2\/product_brand?post=750663"},{"taxonomy":"product_cat","embeddable":true,"href":"https:\/\/roveyayinevi.com.tr\/index.php\/wp-json\/wp\/v2\/product_cat?post=750663"},{"taxonomy":"product_tag","embeddable":true,"href":"https:\/\/roveyayinevi.com.tr\/index.php\/wp-json\/wp\/v2\/product_tag?post=750663"}],"curies":[{"name":"wp","href":"https:\/\/api.w.org\/{rel}","templated":true}]}}