{"id":750660,"date":"2025-08-28T04:26:52","date_gmt":"2025-08-28T01:26:52","guid":{"rendered":"https:\/\/roveyayinevi.com.tr\/index.php\/urun\/incir-cekirdegi-sendromu\/"},"modified":"2026-04-16T03:03:57","modified_gmt":"2026-04-16T00:03:57","slug":"incir-cekirdegi-sendromu","status":"publish","type":"product","link":"https:\/\/roveyayinevi.com.tr\/index.php\/urun\/incir-cekirdegi-sendromu\/","title":{"rendered":"\u0130ncir \u00c7ekirde\u011fi Sendromu"},"content":{"rendered":"<p>Y\u0131llar boyunca \u201ck\u00fc\u00e7\u00fck \u015feyler\u201din ya\u015famlar\u0131m\u0131zdaki yeri konusunda toplumumuzu bilin\u00e7lendirmeyi g\u00f6rev saym\u0131\u015f olan Prof. Dr. \u00dcst\u00fcn D\u00f6kmen, bu kez hangi sorunlar\u0131n incir \u00e7ekirde\u011fini doldurdu\u011funu, hangilerinin \u00f6nemsenmeyecek denli k\u00fc\u00e7\u00fck oldu\u011funu duyumsat\u0131yor. \u00dcstelik, d\u00fcnya ruhbilim literat\u00fcr\u00fcne arma\u011fan etti\u011fi \u201cBoyutsall\u0131k\u201d kavram\u0131 ve yakla\u015f\u0131m\u0131n\u0131 a\u00e7\u0131mlayarak, g\u00fcnl\u00fck hayat\u0131m\u0131zda yararlanabilece\u011fimiz ufak ipu\u00e7lar\u0131 vererek\u2026 Birikimlerini Cumhuriyet gazetesinde payla\u015fmay\u0131 s\u00fcrd\u00fcren Prof. Dr. \u00dcst\u00fcn D\u00f6kmen, son yaz\u0131lar\u0131ndan olu\u015fan bir derlemeyle okuyucular\u0131n\u0131 selaml\u0131yor, keyifli ve \u00f6\u011fretici bir okuma deneyiminin kap\u0131lar\u0131n\u0131 a\u00e7\u0131yor. \u201cHayat boyu att\u0131\u011f\u0131n\u0131z, fark\u0131na bile varmad\u0131\u011f\u0131n\u0131z binlerce ad\u0131mdan birisi, bazen b\u00fct\u00fcn bir hayat\u0131n\u0131z\u0131 de\u011fi\u015ftirme g\u00fcc\u00fc kazan\u0131r, ge\u00e7mi\u015fteki t\u00fcm ad\u0131mlan\u0131z\u0131n \u00f6n\u00fcne ge\u00e7er. Bizim att\u0131\u011f\u0131m\u0131z ad\u0131mlar bizim i\u00e7in incir \u00e7ekirde\u011fi gibi, bazen \u00f6nemli, bazen \u00f6nemsiz olabilir, ancak yeter ki att\u0131\u011f\u0131m\u0131z ad\u0131mlar, verdi\u011fimiz kararlar, imzalad\u0131\u011f\u0131m\u0131z belgeler insanlar\u0131, hayvanlar\u0131, do\u011fay\u0131, toplumun de\u011ferlerini \u00f6ld\u00fcrmesin.\u201d <\/p>\n","protected":false},"excerpt":{"rendered":"<p>Y\u0131llar boyunca \u201ck\u00fc\u00e7\u00fck \u015feyler\u201din ya\u015famlar\u0131m\u0131zdaki yeri konusunda toplumumuzu bilin\u00e7lendirmeyi g\u00f6rev saym\u0131\u015f olan Prof. Dr. \u00dcst\u00fcn D\u00f6kmen, bu kez hangi sorunlar\u0131n incir \u00e7ekirde\u011fini doldurdu\u011funu, hangilerinin \u00f6nemsenmeyecek denli<span class=\"excerpt-hellip\"> [\u2026]<\/span><\/p>\n","protected":false},"featured_media":0,"template":"","meta":{"_monsterinsights_skip_tracking":false,"_monsterinsights_sitenote_active":false,"_monsterinsights_sitenote_note":"","_monsterinsights_sitenote_category":0},"product_brand":[],"product_cat":[12357],"product_tag":[],"class_list":{"0":"post-750660","1":"product","2":"type-product","3":"status-publish","5":"product_cat-psikoloji","6":"pa_cilt-ciltsiz","7":"pa_tur-kitap","8":"pa_yayinevi-cumhuriyet-kitaplari","9":"pa_yazar-ustun-dokmen","11":"first","12":"instock","13":"sale","14":"shipping-taxable","15":"purchasable","16":"product-type-simple"},"_links":{"self":[{"href":"https:\/\/roveyayinevi.com.tr\/index.php\/wp-json\/wp\/v2\/product\/750660","targetHints":{"allow":["GET"]}}],"collection":[{"href":"https:\/\/roveyayinevi.com.tr\/index.php\/wp-json\/wp\/v2\/product"}],"about":[{"href":"https:\/\/roveyayinevi.com.tr\/index.php\/wp-json\/wp\/v2\/types\/product"}],"wp:attachment":[{"href":"https:\/\/roveyayinevi.com.tr\/index.php\/wp-json\/wp\/v2\/media?parent=750660"}],"wp:term":[{"taxonomy":"product_brand","embeddable":true,"href":"https:\/\/roveyayinevi.com.tr\/index.php\/wp-json\/wp\/v2\/product_brand?post=750660"},{"taxonomy":"product_cat","embeddable":true,"href":"https:\/\/roveyayinevi.com.tr\/index.php\/wp-json\/wp\/v2\/product_cat?post=750660"},{"taxonomy":"product_tag","embeddable":true,"href":"https:\/\/roveyayinevi.com.tr\/index.php\/wp-json\/wp\/v2\/product_tag?post=750660"}],"curies":[{"name":"wp","href":"https:\/\/api.w.org\/{rel}","templated":true}]}}