{"id":750658,"date":"2025-08-28T04:26:50","date_gmt":"2025-08-28T01:26:50","guid":{"rendered":"https:\/\/roveyayinevi.com.tr\/index.php\/urun\/misir-mucizesi\/"},"modified":"2026-04-16T03:03:57","modified_gmt":"2026-04-16T00:03:57","slug":"misir-mucizesi","status":"publish","type":"product","link":"https:\/\/roveyayinevi.com.tr\/index.php\/urun\/misir-mucizesi\/","title":{"rendered":"M\u0131s\u0131r Mucizesi"},"content":{"rendered":"<p>Bilgeli\u011fin en \u00f6nemli merkezlerinden biri olan Antik M\u0131s\u0131r d\u00fcnyas\u0131 tarihe, sanata, mimariye ve bilime merak duyan herkesin ilgisini \u00e7ekmi\u015ftir. Esasen b\u00fct\u00fcn Antik M\u0131s\u0131r k\u00fclt\u00fcr\u00fc ve firavun\u00ee gelenek, \u00e7\u00f6z\u00fcmlenmeyi bekleyen bir\u00e7ok gizemin kayna\u011f\u0131 olarak da g\u00f6r\u00fclm\u00fc\u015ft\u00fcr. D\u00fcnyadaki say\u0131l\u0131 M\u0131s\u0131rbilim uzmanlar\u0131ndan Lubicz\u2019in bu yap\u0131t\u0131 ezoterizm, hermetizm, hiyeroglifler, sembol ve tasvirler, anlat\u0131 ve mitoslar, say\u0131 ve elementler, renkler ve geometrik formlar, harfler, tap\u0131naklar, g\u00f6ksel cisim ve sistemlerle ilgili g\u00fcn\u00fcm\u00fcz insan\u0131 i\u00e7in epey \u015fa\u015f\u0131rt\u0131c\u0131 bilgiler sunuyor. Uzun y\u0131llar bilgi ve verileri bizzat yerinde tespit eden yazar, t\u00fcm bunlar\u0131n nas\u0131l yorumlanmas\u0131 gerekti\u011fine dair \u00f6nc\u00fc bir \u00e7al\u0131\u015fmaya imza at\u0131yor.   Antik M\u0131s\u0131r\u2019da Bilgi\u2019nin yery\u00fcz\u00fcndeki temel varl\u0131k amac\u0131 ve hedefi olarak Tap\u0131nak, salt dinsel bir mabet de\u011fil, esasen Mutlak Evrensel Hakikat\u2019in hem yery\u00fcz\u00fcndeki nihai ve biricik tezah\u00fcr\u00fc hem de izd\u00fc\u015f\u00fcm\u00fc, konumu, ikametg\u00e2h\u0131 ve evidir. \u0130nsan tap\u0131na\u011f\u0131 in\u015fa ederken, tap\u0131nak da kendisini yaratacak bilgeli\u011fe ula\u015fan insan\u0131 bizzat bu yarat\u0131m s\u00fcreci i\u00e7inde in\u015fa eder, tamama erdirir. Mutlak bilgiye ve dolay\u0131s\u0131yla bilgeli\u011fe eri\u015fen insan, d\u00fcnyevi bir bedenden ibaret olmad\u0131\u011f\u0131n\u0131, Evrensel Hakikat\u2019in say\u0131lar, orant\u0131lar, formlar, vas\u0131flar ve i\u015flevler suretindeki tecellisi oldu\u011funu bilir: \u0130nsan tap\u0131nakt\u0131r.   \u201cEski M\u0131s\u0131r d\u00fcnyas\u0131nda her \u015fey bir sembold\u00fcr; ya\u015famdaki her eylem, her din\u00ee rit\u00fcel, her dikilita\u015f, her an\u0131t, her hiyeroglif, hatt\u00e2 hiyeroglifin rengi ve yeri, her tasvir, kullan\u0131lan her objenin \u015fekli, k\u0131sacas\u0131 her \u015fey Bilgelik Yasas\u0131\u2019na riayet eder ki bu yasa her \u015feyi kendi kozmik do\u011fas\u0131n\u0131n ahenkli alan\u0131na yerle\u015ftirir.\u201d <\/p>\n","protected":false},"excerpt":{"rendered":"<p>Bilgeli\u011fin en \u00f6nemli merkezlerinden biri olan Antik M\u0131s\u0131r d\u00fcnyas\u0131 tarihe, sanata, mimariye ve bilime merak duyan herkesin ilgisini \u00e7ekmi\u015ftir. Esasen b\u00fct\u00fcn Antik M\u0131s\u0131r k\u00fclt\u00fcr\u00fc ve firavun\u00ee<span class=\"excerpt-hellip\"> [\u2026]<\/span><\/p>\n","protected":false},"featured_media":0,"template":"","meta":{"_monsterinsights_skip_tracking":false,"_monsterinsights_sitenote_active":false,"_monsterinsights_sitenote_note":"","_monsterinsights_sitenote_category":0},"product_brand":[],"product_cat":[12304],"product_tag":[],"class_list":{"0":"post-750658","1":"product","2":"type-product","3":"status-publish","5":"product_cat-tarih","6":"pa_cilt-ciltsiz","7":"pa_tur-kitap","8":"pa_yayinevi-dogu-bati-yayinlari","9":"pa_yazar-r-a-schwaller-de-lubicz","11":"first","12":"instock","13":"sale","14":"shipping-taxable","15":"purchasable","16":"product-type-simple"},"_links":{"self":[{"href":"https:\/\/roveyayinevi.com.tr\/index.php\/wp-json\/wp\/v2\/product\/750658","targetHints":{"allow":["GET"]}}],"collection":[{"href":"https:\/\/roveyayinevi.com.tr\/index.php\/wp-json\/wp\/v2\/product"}],"about":[{"href":"https:\/\/roveyayinevi.com.tr\/index.php\/wp-json\/wp\/v2\/types\/product"}],"wp:attachment":[{"href":"https:\/\/roveyayinevi.com.tr\/index.php\/wp-json\/wp\/v2\/media?parent=750658"}],"wp:term":[{"taxonomy":"product_brand","embeddable":true,"href":"https:\/\/roveyayinevi.com.tr\/index.php\/wp-json\/wp\/v2\/product_brand?post=750658"},{"taxonomy":"product_cat","embeddable":true,"href":"https:\/\/roveyayinevi.com.tr\/index.php\/wp-json\/wp\/v2\/product_cat?post=750658"},{"taxonomy":"product_tag","embeddable":true,"href":"https:\/\/roveyayinevi.com.tr\/index.php\/wp-json\/wp\/v2\/product_tag?post=750658"}],"curies":[{"name":"wp","href":"https:\/\/api.w.org\/{rel}","templated":true}]}}