{"id":750656,"date":"2025-08-28T04:26:46","date_gmt":"2025-08-28T01:26:46","guid":{"rendered":"https:\/\/roveyayinevi.com.tr\/index.php\/urun\/tefekkuru-seven-peygamberim-hz-ibrahim\/"},"modified":"2026-04-16T03:03:57","modified_gmt":"2026-04-16T00:03:57","slug":"tefekkuru-seven-peygamberim-hz-ibrahim","status":"publish","type":"product","link":"https:\/\/roveyayinevi.com.tr\/index.php\/urun\/tefekkuru-seven-peygamberim-hz-ibrahim\/","title":{"rendered":"Tefekk\u00fcr\u00fc Seven Peygamberim \u2013 Hz. \u0130brahim"},"content":{"rendered":"<p>Merakl\u0131, ara\u015ft\u0131rmay\u0131 seven ve iyi bir g\u00f6zlemci olan Hz. \u0130brahim Peygamber de bir zamanlar \u00e7ocuktu elbette. Rabb\u2019ini bulmak ve tan\u0131mak i\u00e7in \u00e7\u0131kt\u0131\u011f\u0131 yolda g\u00f6ky\u00fcz\u00fcndeki ay ve y\u0131ld\u0131zlardan, k\u00e2inattaki t\u00fcm canl\u0131lar\u0131n hayat\u0131na kadar her \u015fey onun i\u00e7in bir pusulayd\u0131. Tefekk\u00fcr\u00fc Seven Peygamberim kitab\u0131nda, Hz. \u0130brahim\u2019in bu pusula sayesinde buldu\u011fu Rabb\u2019inin varl\u0131\u011f\u0131n\u0131 t\u00fcm insanlara duyurma gayretinin hik\u00e2yesini bir \u00e7ocu\u011fun dilinden okuyacaks\u0131n\u0131z. Okul \u00f6ncesi d\u00f6nemde \u00e7ocuklara peygamberlerini \u00f6\u011fretmek \u00f6zel bir anlat\u0131m \u015fekli ister. Bu kitapta Merve G\u00fclcemal samimi ve \u015fiirsel bir anlat\u0131mla \u00e7ocuklar\u0131 Hz. \u0130brahim ile tan\u0131\u015ft\u0131r\u0131yor. Kitap sonunda yer alan etkinliklerle merak etme, ara\u015ft\u0131rma, soru sorma ve el i\u015fi gibi becerilere odaklan\u0131rken tefekk\u00fcr, fark\u0131ndal\u0131k, dikkatle bakma, misafir a\u011f\u0131rlama adab\u0131, g\u00f6rg\u00fc kurallar\u0131 ve namaz ibadetine muhabbet duyma ve geli\u015ftirme gibi konular ele al\u0131n\u0131yor. Tefekk\u00fcr\u00fc Seven Peygamberim, model alarak \u00f6\u011frenme y\u00f6ntemi esas al\u0131narak haz\u0131rlanan, peygamber hayatlar\u0131n\u0131n anlat\u0131ld\u0131\u011f\u0131 serinin d\u00f6rd\u00fcnc\u00fc kitab\u0131.<\/p>\n","protected":false},"excerpt":{"rendered":"<p>Merakl\u0131, ara\u015ft\u0131rmay\u0131 seven ve iyi bir g\u00f6zlemci olan Hz. \u0130brahim Peygamber de bir zamanlar \u00e7ocuktu elbette. Rabb\u2019ini bulmak ve tan\u0131mak i\u00e7in \u00e7\u0131kt\u0131\u011f\u0131 yolda g\u00f6ky\u00fcz\u00fcndeki ay ve<span class=\"excerpt-hellip\"> [\u2026]<\/span><\/p>\n","protected":false},"featured_media":0,"template":"","meta":{"_monsterinsights_skip_tracking":false,"_monsterinsights_sitenote_active":false,"_monsterinsights_sitenote_note":"","_monsterinsights_sitenote_category":0},"product_brand":[],"product_cat":[12274,18802],"product_tag":[],"class_list":{"0":"post-750656","1":"product","2":"type-product","3":"status-publish","5":"product_cat-cocuk-ve-genclik-kitaplari","6":"product_cat-din-egitimi","7":"pa_cilt-ciltsiz","8":"pa_tur-kitap","9":"pa_yayinevi-dus-degirmeni","10":"pa_yazar-merve-gulcemal","12":"first","13":"instock","14":"sale","15":"shipping-taxable","16":"purchasable","17":"product-type-simple"},"_links":{"self":[{"href":"https:\/\/roveyayinevi.com.tr\/index.php\/wp-json\/wp\/v2\/product\/750656","targetHints":{"allow":["GET"]}}],"collection":[{"href":"https:\/\/roveyayinevi.com.tr\/index.php\/wp-json\/wp\/v2\/product"}],"about":[{"href":"https:\/\/roveyayinevi.com.tr\/index.php\/wp-json\/wp\/v2\/types\/product"}],"wp:attachment":[{"href":"https:\/\/roveyayinevi.com.tr\/index.php\/wp-json\/wp\/v2\/media?parent=750656"}],"wp:term":[{"taxonomy":"product_brand","embeddable":true,"href":"https:\/\/roveyayinevi.com.tr\/index.php\/wp-json\/wp\/v2\/product_brand?post=750656"},{"taxonomy":"product_cat","embeddable":true,"href":"https:\/\/roveyayinevi.com.tr\/index.php\/wp-json\/wp\/v2\/product_cat?post=750656"},{"taxonomy":"product_tag","embeddable":true,"href":"https:\/\/roveyayinevi.com.tr\/index.php\/wp-json\/wp\/v2\/product_tag?post=750656"}],"curies":[{"name":"wp","href":"https:\/\/api.w.org\/{rel}","templated":true}]}}