{"id":750655,"date":"2025-08-28T04:26:45","date_gmt":"2025-08-28T01:26:45","guid":{"rendered":"https:\/\/roveyayinevi.com.tr\/index.php\/urun\/dusunuyorum-oyleyse-hindiyim-2-posta-kutusundaki-felsefe\/"},"modified":"2026-04-16T03:03:57","modified_gmt":"2026-04-16T00:03:57","slug":"dusunuyorum-oyleyse-hindiyim-2-posta-kutusundaki-felsefe","status":"publish","type":"product","link":"https:\/\/roveyayinevi.com.tr\/index.php\/urun\/dusunuyorum-oyleyse-hindiyim-2-posta-kutusundaki-felsefe\/","title":{"rendered":"D\u00fc\u015f\u00fcn\u00fcyorum \u00d6yleyse Hindiyim 2 \u2013 Posta Kutusundaki Felsefe"},"content":{"rendered":"<p>Sorular \u00e7ocuklar i\u00e7in hayat\u0131 ke\u015ffetmeye, anlamamaya dair a\u00e7\u0131lan kap\u0131lard\u0131r. Bu seri tam da bu fikirden hareket ederek, \u00e7ocuklar\u0131n heyecan, gizem ve macera sever \u00f6zellikleri de dikkate al\u0131narak olu\u015fturuldu.  Bu serinin her bir kitab\u0131nda kahraman\u0131m\u0131z olan \u00e7ocu\u011fa sorular yaz\u0131l\u0131 gizemli notlar gelir,  kahraman\u0131m\u0131z \u00f6nce sorular\u0131 kimin g\u00f6nderdi\u011fine odaklan\u0131r ama bir s\u00fcre sonra sorular hakk\u0131nda d\u00fc\u015f\u00fcn\u00fcr, tart\u0131\u015f\u0131r hatta konuya farkl\u0131 noktalardan bakmaya ba\u015flar.  Bu keyifli aray\u0131\u015f kahraman\u0131m\u0131za ve okura hayat\u0131 anlamaya ve yorumlamaya dair kap\u0131lar a\u00e7ar. P4C tekniklerine uyularak haz\u0131rlanan seri \u00e7ocuklar\u0131n d\u00fc\u015f\u00fcnme, sorgulama, analiz etme ve yorumlama becerilerini geli\u015ftirmeye y\u00f6nelik olarak haz\u0131rland\u0131. Ayr\u0131ca kitap sonlar\u0131nda yer alan etkinlikler de bu becerileri geli\u015ftirecek niteliktedir. Bu kitab\u0131n kahraman\u0131 Zeynep, bilim insanlar\u0131 hakk\u0131nda videolar haz\u0131rlayan bir v\u0131log\u0131r. Zeynep posta kutular\u0131nda kendisine b\u0131rak\u0131lm\u0131\u015f mektuplar bulur. Mektupta \u201cGer\u00e7e\u011fi gizleyerek ya da yalan s\u00f6yleyerek iyilik yap\u0131labilir mi?\u201d sorusu yer al\u0131r. Cevab\u0131n\u0131 da Portakal Sokak\u2019taki dereye b\u0131rak\u0131lmas\u0131 belirtilmi\u015ftir.  Zeynep soru hakk\u0131nda d\u00fc\u015f\u00fcn\u00fcr de d\u00fc\u015f\u00fcn\u00fcr\u2026 Sonunda cevab\u0131n\u0131 yazar fakat sorular\u0131n ard\u0131 arkas\u0131 kesilmez: \u201c\u0130yi nedir, k\u00f6t\u00fc nedir?\u201d, \u201cHer \u015fey de\u011fi\u015fir mi?\u201d\u2026 Zeynep, bu gizemli oyuna kendini kapt\u0131r\u0131r ve cevaplar bulmaya \u00e7al\u0131\u015f\u0131r.<\/p>\n","protected":false},"excerpt":{"rendered":"<p>Sorular \u00e7ocuklar i\u00e7in hayat\u0131 ke\u015ffetmeye, anlamamaya dair a\u00e7\u0131lan kap\u0131lard\u0131r. Bu seri tam da bu fikirden hareket ederek, \u00e7ocuklar\u0131n heyecan, gizem ve macera sever \u00f6zellikleri de dikkate<span class=\"excerpt-hellip\"> [\u2026]<\/span><\/p>\n","protected":false},"featured_media":0,"template":"","meta":{"_monsterinsights_skip_tracking":false,"_monsterinsights_sitenote_active":false,"_monsterinsights_sitenote_note":"","_monsterinsights_sitenote_category":0},"product_brand":[],"product_cat":[12274,12284],"product_tag":[],"class_list":{"0":"post-750655","1":"product","2":"type-product","3":"status-publish","5":"product_cat-cocuk-ve-genclik-kitaplari","6":"product_cat-hikayeler","7":"pa_cilt-ciltsiz","8":"pa_tur-kitap","9":"pa_yayinevi-dus-degirmeni","10":"pa_yazar-ayse-can-yagmur","12":"first","13":"instock","14":"sale","15":"shipping-taxable","16":"purchasable","17":"product-type-simple"},"_links":{"self":[{"href":"https:\/\/roveyayinevi.com.tr\/index.php\/wp-json\/wp\/v2\/product\/750655","targetHints":{"allow":["GET"]}}],"collection":[{"href":"https:\/\/roveyayinevi.com.tr\/index.php\/wp-json\/wp\/v2\/product"}],"about":[{"href":"https:\/\/roveyayinevi.com.tr\/index.php\/wp-json\/wp\/v2\/types\/product"}],"wp:attachment":[{"href":"https:\/\/roveyayinevi.com.tr\/index.php\/wp-json\/wp\/v2\/media?parent=750655"}],"wp:term":[{"taxonomy":"product_brand","embeddable":true,"href":"https:\/\/roveyayinevi.com.tr\/index.php\/wp-json\/wp\/v2\/product_brand?post=750655"},{"taxonomy":"product_cat","embeddable":true,"href":"https:\/\/roveyayinevi.com.tr\/index.php\/wp-json\/wp\/v2\/product_cat?post=750655"},{"taxonomy":"product_tag","embeddable":true,"href":"https:\/\/roveyayinevi.com.tr\/index.php\/wp-json\/wp\/v2\/product_tag?post=750655"}],"curies":[{"name":"wp","href":"https:\/\/api.w.org\/{rel}","templated":true}]}}