{"id":750654,"date":"2025-08-28T04:26:43","date_gmt":"2025-08-28T01:26:43","guid":{"rendered":"https:\/\/roveyayinevi.com.tr\/index.php\/urun\/dusunuyorum-oyleyse-hindiyim-3-olasiliklar-treni\/"},"modified":"2026-04-16T03:03:57","modified_gmt":"2026-04-16T00:03:57","slug":"dusunuyorum-oyleyse-hindiyim-3-olasiliklar-treni","status":"publish","type":"product","link":"https:\/\/roveyayinevi.com.tr\/index.php\/urun\/dusunuyorum-oyleyse-hindiyim-3-olasiliklar-treni\/","title":{"rendered":"D\u00fc\u015f\u00fcn\u00fcyorum \u00d6yleyse Hindiyim 3 \u2013 Olas\u0131l\u0131klar Treni"},"content":{"rendered":"<p>Sorular \u00e7ocuklar i\u00e7in hayat\u0131 ke\u015ffetmeye, anlamamaya dair a\u00e7\u0131lan kap\u0131lard\u0131r. Bu seri tam da bu fikirden hareket ederek, \u00e7ocuklar\u0131n heyecan, gizem ve macera sever \u00f6zellikleri de dikkate al\u0131narak olu\u015fturuldu.  Bu serinin her bir kitab\u0131nda kahraman\u0131m\u0131z olan \u00e7ocu\u011fa sorular yaz\u0131l\u0131 gizemli notlar gelir,  kahraman\u0131m\u0131z \u00f6nce sorular\u0131 kimin g\u00f6nderdi\u011fine odaklan\u0131r ama bir s\u00fcre sonra sorular hakk\u0131nda d\u00fc\u015f\u00fcn\u00fcr, tart\u0131\u015f\u0131r hatta konuya farkl\u0131 noktalardan bakmaya ba\u015flar.  Bu keyifli aray\u0131\u015f kahraman\u0131m\u0131za ve okura hayat\u0131 anlamaya ve yorumlamaya dair kap\u0131lar a\u00e7ar. P4C tekniklerine uyularak haz\u0131rlanan seri \u00e7ocuklar\u0131n d\u00fc\u015f\u00fcnme, sorgulama, analiz etme ve yorumlama becerilerini geli\u015ftirmeye y\u00f6nelik olarak haz\u0131rland\u0131. Ayr\u0131ca kitap sonlar\u0131nda yer alan etkinlikler de bu becerileri geli\u015ftirecek niteliktedir. Serinin bu kitab\u0131n\u0131n kahraman\u0131 \u00d6mer, T\u00fcrkiye\u2019den Avusturya\u2019ya giden bir trende yolculuk yapmaktad\u0131r. Uzun yolculukta s\u0131k\u0131l\u0131r ve renkli k\u00e2\u011f\u0131tlara sorular ve muzip c\u00fcmleler yazar. \u201cYonca diye bir \u015fey var m\u0131?\u201d \u201cBir insan\u0131n u\u00e7abilme ihtimali y\u00fczde ka\u00e7t\u0131r?\u201d, \u201c Cem\u2019in sana selam\u0131 var.\u201d  Bu k\u00e2\u011f\u0131tlar\u0131 kompart\u0131manlar\u0131n \u00f6n\u00fcne b\u0131rak\u0131r. Trende ba\u015flayan bu oyun, \u00d6mer\u2019e gelen cevaplarla nas\u0131l devam edecektir?<\/p>\n","protected":false},"excerpt":{"rendered":"<p>Sorular \u00e7ocuklar i\u00e7in hayat\u0131 ke\u015ffetmeye, anlamamaya dair a\u00e7\u0131lan kap\u0131lard\u0131r. Bu seri tam da bu fikirden hareket ederek, \u00e7ocuklar\u0131n heyecan, gizem ve macera sever \u00f6zellikleri de dikkate<span class=\"excerpt-hellip\"> [\u2026]<\/span><\/p>\n","protected":false},"featured_media":0,"template":"","meta":{"_monsterinsights_skip_tracking":false,"_monsterinsights_sitenote_active":false,"_monsterinsights_sitenote_note":"","_monsterinsights_sitenote_category":0},"product_brand":[],"product_cat":[12274,12284],"product_tag":[],"class_list":{"0":"post-750654","1":"product","2":"type-product","3":"status-publish","5":"product_cat-cocuk-ve-genclik-kitaplari","6":"product_cat-hikayeler","7":"pa_cilt-ciltsiz","8":"pa_tur-kitap","9":"pa_yayinevi-dus-degirmeni","10":"pa_yazar-ayse-can-yagmur","12":"first","13":"instock","14":"sale","15":"shipping-taxable","16":"purchasable","17":"product-type-simple"},"_links":{"self":[{"href":"https:\/\/roveyayinevi.com.tr\/index.php\/wp-json\/wp\/v2\/product\/750654","targetHints":{"allow":["GET"]}}],"collection":[{"href":"https:\/\/roveyayinevi.com.tr\/index.php\/wp-json\/wp\/v2\/product"}],"about":[{"href":"https:\/\/roveyayinevi.com.tr\/index.php\/wp-json\/wp\/v2\/types\/product"}],"wp:attachment":[{"href":"https:\/\/roveyayinevi.com.tr\/index.php\/wp-json\/wp\/v2\/media?parent=750654"}],"wp:term":[{"taxonomy":"product_brand","embeddable":true,"href":"https:\/\/roveyayinevi.com.tr\/index.php\/wp-json\/wp\/v2\/product_brand?post=750654"},{"taxonomy":"product_cat","embeddable":true,"href":"https:\/\/roveyayinevi.com.tr\/index.php\/wp-json\/wp\/v2\/product_cat?post=750654"},{"taxonomy":"product_tag","embeddable":true,"href":"https:\/\/roveyayinevi.com.tr\/index.php\/wp-json\/wp\/v2\/product_tag?post=750654"}],"curies":[{"name":"wp","href":"https:\/\/api.w.org\/{rel}","templated":true}]}}