{"id":750653,"date":"2025-08-28T04:26:42","date_gmt":"2025-08-28T01:26:42","guid":{"rendered":"https:\/\/roveyayinevi.com.tr\/index.php\/urun\/dusunuyorum-oyleyse-hindiyim-1-nereden-cikti-bu-sorular\/"},"modified":"2026-04-16T03:03:57","modified_gmt":"2026-04-16T00:03:57","slug":"dusunuyorum-oyleyse-hindiyim-1-nereden-cikti-bu-sorular","status":"publish","type":"product","link":"https:\/\/roveyayinevi.com.tr\/index.php\/urun\/dusunuyorum-oyleyse-hindiyim-1-nereden-cikti-bu-sorular\/","title":{"rendered":"D\u00fc\u015f\u00fcn\u00fcyorum \u00d6yleyse Hindiyim 1 \u2013 Nereden \u00c7\u0131kt\u0131 Bu sorular?"},"content":{"rendered":"<p>Sorular \u00e7ocuklar i\u00e7in hayat\u0131 ke\u015ffetmeye, anlamamaya dair a\u00e7\u0131lan kap\u0131lard\u0131r. Bu seri tam da bu fikirden hareket ederek, \u00e7ocuklar\u0131n heyecan, gizem ve macera sever \u00f6zellikleri de dikkate al\u0131narak olu\u015fturuldu.  Bu serinin her bir kitab\u0131nda kahraman\u0131m\u0131z olan \u00e7ocu\u011fa sorular yaz\u0131l\u0131 gizemli notlar gelir,  kahraman\u0131m\u0131z \u00f6nce sorular\u0131 kimin g\u00f6nderdi\u011fine odaklan\u0131r ama bir s\u00fcre sonra sorular hakk\u0131nda d\u00fc\u015f\u00fcn\u00fcr, tart\u0131\u015f\u0131r hatta konuya farkl\u0131 noktalardan bakmaya ba\u015flar.  Bu keyifli aray\u0131\u015f kahraman\u0131m\u0131za ve okura hayat\u0131 anlamaya ve yorumlamaya dair kap\u0131lar a\u00e7ar. P4C tekniklerine uyularak haz\u0131rlanan seri \u00e7ocuklar\u0131n d\u00fc\u015f\u00fcnme, sorgulama, analiz etme ve yorumlama becerilerini geli\u015ftirmeye y\u00f6nelik olarak haz\u0131rland\u0131. Ayr\u0131ca kitap sonlar\u0131nda yer alan etkinlikler de bu becerileri geli\u015ftirecek niteliktedir. Emre okulda s\u0131ras\u0131n\u0131n alt\u0131nda \u201cEmre Yal\u00e7\u0131n sen kimsin?\u201d diye yazan bir k\u00e2\u011f\u0131t bulur. Emre, bu notu kim b\u0131rakt\u0131 diye d\u00fc\u015f\u00fcnmeye ba\u015flar: Arkada\u015flar\u0131 m\u0131, \u00f6\u011fretmeni mi, anne- babas\u0131 m\u0131? Notlar Emre\u2019nin pe\u015fini b\u0131rakmaz. \u201cNeden buradas\u0131n?\u201d, \u201cSevgi nedir?\u201d\u2026 Soru i\u015faretinin \u00e7engeli art\u0131k Emre\u2019nin zihnine tak\u0131lm\u0131\u015ft\u0131r.  Emre hem bu sorulara kendince bir cevap bulmaya hem de bu sorular\u0131 kimin g\u00f6nderdi\u011fini \u00f6\u011frenmeye \u00e7al\u0131\u015f\u0131r.<\/p>\n","protected":false},"excerpt":{"rendered":"<p>Sorular \u00e7ocuklar i\u00e7in hayat\u0131 ke\u015ffetmeye, anlamamaya dair a\u00e7\u0131lan kap\u0131lard\u0131r. Bu seri tam da bu fikirden hareket ederek, \u00e7ocuklar\u0131n heyecan, gizem ve macera sever \u00f6zellikleri de dikkate<span class=\"excerpt-hellip\"> [\u2026]<\/span><\/p>\n","protected":false},"featured_media":0,"template":"","meta":{"_monsterinsights_skip_tracking":false,"_monsterinsights_sitenote_active":false,"_monsterinsights_sitenote_note":"","_monsterinsights_sitenote_category":0},"product_brand":[],"product_cat":[12274,12284],"product_tag":[],"class_list":{"0":"post-750653","1":"product","2":"type-product","3":"status-publish","5":"product_cat-cocuk-ve-genclik-kitaplari","6":"product_cat-hikayeler","7":"pa_cilt-ciltsiz","8":"pa_tur-kitap","9":"pa_yayinevi-dus-degirmeni","10":"pa_yazar-ayse-can-yagmur","12":"first","13":"instock","14":"sale","15":"shipping-taxable","16":"purchasable","17":"product-type-simple"},"_links":{"self":[{"href":"https:\/\/roveyayinevi.com.tr\/index.php\/wp-json\/wp\/v2\/product\/750653","targetHints":{"allow":["GET"]}}],"collection":[{"href":"https:\/\/roveyayinevi.com.tr\/index.php\/wp-json\/wp\/v2\/product"}],"about":[{"href":"https:\/\/roveyayinevi.com.tr\/index.php\/wp-json\/wp\/v2\/types\/product"}],"wp:attachment":[{"href":"https:\/\/roveyayinevi.com.tr\/index.php\/wp-json\/wp\/v2\/media?parent=750653"}],"wp:term":[{"taxonomy":"product_brand","embeddable":true,"href":"https:\/\/roveyayinevi.com.tr\/index.php\/wp-json\/wp\/v2\/product_brand?post=750653"},{"taxonomy":"product_cat","embeddable":true,"href":"https:\/\/roveyayinevi.com.tr\/index.php\/wp-json\/wp\/v2\/product_cat?post=750653"},{"taxonomy":"product_tag","embeddable":true,"href":"https:\/\/roveyayinevi.com.tr\/index.php\/wp-json\/wp\/v2\/product_tag?post=750653"}],"curies":[{"name":"wp","href":"https:\/\/api.w.org\/{rel}","templated":true}]}}