{"id":750650,"date":"2025-08-28T04:26:36","date_gmt":"2025-08-28T01:26:36","guid":{"rendered":"https:\/\/roveyayinevi.com.tr\/index.php\/urun\/kizil-serap-2\/"},"modified":"2026-04-16T03:03:57","modified_gmt":"2026-04-16T00:03:57","slug":"kizil-serap-2","status":"publish","type":"product","link":"https:\/\/roveyayinevi.com.tr\/index.php\/urun\/kizil-serap-2\/","title":{"rendered":"K\u0131z\u0131l Serap"},"content":{"rendered":"<p>Hayal k\u0131r\u0131kl\u0131klar\u0131yla dolu bir a\u015fk ve m\u00fccadele roman\u0131 olan K\u0131z\u0131l Serap\u2019ta, varl\u0131kl\u0131 bir ailenin iyi e\u011fitimli k\u0131z\u0131 Ayten\u2019in, \u0130stanbul\u2019un kibar semtlerinde, sayfiyelerinde ve Trabzon\u2019da ge\u00e7en maceralar\u0131 konu ediliyor. \u00d6zg\u00fcr iradesiyle onurlu bir hayat kurmak isterken, kad\u0131n\u0131 haz nesnesi olarak g\u00f6ren riyak\u00e2r anlay\u0131\u015f\u0131n tuzaklar\u0131na d\u00fc\u015fen Ayten, duygular\u0131n\u0131, u\u011frad\u0131\u011f\u0131 ihanetleri, i\u00e7 \u00e7at\u0131\u015fmalar\u0131n\u0131 ve erkekleri anlamaya \u00e7al\u0131\u015f\u0131r. H\u00fcsranla sonu\u00e7lanan ili\u015fkilerden sonra, ailesinin deste\u011fini de kaybederek hepten y\u0131k\u0131lan Ayten, her \u015feyden vazge\u00e7ti\u011fi bir anda, Doktor Macit\u2019le tekrar ya\u015fama tutunur. Zamanla Doktor Macit de di\u011ferleri gibi bir hayal k\u0131r\u0131kl\u0131\u011f\u0131na d\u00f6n\u00fc\u015f\u00fcrken, bu yasak a\u015fk\u0131n meyvesiyle Ayten\u2019in hayat\u0131nda yeni bir sayfa a\u00e7\u0131l\u0131r. <\/p>\n","protected":false},"excerpt":{"rendered":"<p>Hayal k\u0131r\u0131kl\u0131klar\u0131yla dolu bir a\u015fk ve m\u00fccadele roman\u0131 olan K\u0131z\u0131l Serap\u2019ta, varl\u0131kl\u0131 bir ailenin iyi e\u011fitimli k\u0131z\u0131 Ayten\u2019in, \u0130stanbul\u2019un kibar semtlerinde, sayfiyelerinde ve Trabzon\u2019da ge\u00e7en maceralar\u0131<span class=\"excerpt-hellip\"> [\u2026]<\/span><\/p>\n","protected":false},"featured_media":0,"template":"","meta":{"_monsterinsights_skip_tracking":false,"_monsterinsights_sitenote_active":false,"_monsterinsights_sitenote_note":"","_monsterinsights_sitenote_category":0},"product_brand":[],"product_cat":[12291,12711],"product_tag":[],"class_list":{"0":"post-750650","1":"product","2":"type-product","3":"status-publish","5":"product_cat-edebiyat","6":"product_cat-roman-oyku","7":"pa_cilt-ciltsiz","8":"pa_tur-kitap","9":"pa_yayinevi-is-bankasi-kultur-yayinlari","10":"pa_yazar-burhan-cahit-morkaya","12":"first","13":"instock","14":"sale","15":"shipping-taxable","16":"purchasable","17":"product-type-simple"},"_links":{"self":[{"href":"https:\/\/roveyayinevi.com.tr\/index.php\/wp-json\/wp\/v2\/product\/750650","targetHints":{"allow":["GET"]}}],"collection":[{"href":"https:\/\/roveyayinevi.com.tr\/index.php\/wp-json\/wp\/v2\/product"}],"about":[{"href":"https:\/\/roveyayinevi.com.tr\/index.php\/wp-json\/wp\/v2\/types\/product"}],"wp:attachment":[{"href":"https:\/\/roveyayinevi.com.tr\/index.php\/wp-json\/wp\/v2\/media?parent=750650"}],"wp:term":[{"taxonomy":"product_brand","embeddable":true,"href":"https:\/\/roveyayinevi.com.tr\/index.php\/wp-json\/wp\/v2\/product_brand?post=750650"},{"taxonomy":"product_cat","embeddable":true,"href":"https:\/\/roveyayinevi.com.tr\/index.php\/wp-json\/wp\/v2\/product_cat?post=750650"},{"taxonomy":"product_tag","embeddable":true,"href":"https:\/\/roveyayinevi.com.tr\/index.php\/wp-json\/wp\/v2\/product_tag?post=750650"}],"curies":[{"name":"wp","href":"https:\/\/api.w.org\/{rel}","templated":true}]}}