{"id":750649,"date":"2025-08-28T04:26:35","date_gmt":"2025-08-28T01:26:35","guid":{"rendered":"https:\/\/roveyayinevi.com.tr\/index.php\/urun\/ayasli-ile-kiracilari-ciltli\/"},"modified":"2026-04-16T03:03:57","modified_gmt":"2026-04-16T00:03:57","slug":"ayasli-ile-kiracilari-ciltli","status":"publish","type":"product","link":"https:\/\/roveyayinevi.com.tr\/index.php\/urun\/ayasli-ile-kiracilari-ciltli\/","title":{"rendered":"Aya\u015fl\u0131 \u0130le Kirac\u0131lar\u0131 (Ciltli)"},"content":{"rendered":"<p>Ankara\u2019da yeni yap\u0131lm\u0131\u015f bir apartman\u0131n dokuz odal\u0131 b\u00f6l\u00fc\u011f\u00fcnde ya\u015fayan Aya\u015fl\u0131 ile kirac\u0131lar\u0131n\u0131n ili\u015fkileridir anlat\u0131lan. Kad\u0131nl\u0131 erkekli bu mozaikte, in\u015fas\u0131 s\u00fcren Cumhuriyet\u2019in sosyal meseleleri de i\u015flenir. Memduh \u015eevket her bir kirac\u0131s\u0131n\u0131, ayr\u0131 ayr\u0131 roman\u0131 yaz\u0131lacak ilgin\u00e7likte ki\u015filerden se\u00e7er. Bunu yaparken k\u00fc\u00e7\u00fck bahislerle aralar\u0131ndaki m\u00fccadeleyi s\u00fcr\u00fckleyici, ak\u0131c\u0131 bir dille yazmay\u0131 ba\u015far\u0131r.   <\/p>\n","protected":false},"excerpt":{"rendered":"<p>Ankara\u2019da yeni yap\u0131lm\u0131\u015f bir apartman\u0131n dokuz odal\u0131 b\u00f6l\u00fc\u011f\u00fcnde ya\u015fayan Aya\u015fl\u0131 ile kirac\u0131lar\u0131n\u0131n ili\u015fkileridir anlat\u0131lan. Kad\u0131nl\u0131 erkekli bu mozaikte, in\u015fas\u0131 s\u00fcren Cumhuriyet\u2019in sosyal meseleleri de i\u015flenir. Memduh<span class=\"excerpt-hellip\"> [\u2026]<\/span><\/p>\n","protected":false},"featured_media":0,"template":"","meta":{"_monsterinsights_skip_tracking":false,"_monsterinsights_sitenote_active":false,"_monsterinsights_sitenote_note":"","_monsterinsights_sitenote_category":0},"product_brand":[],"product_cat":[12291,12711],"product_tag":[],"class_list":{"0":"post-750649","1":"product","2":"type-product","3":"status-publish","5":"product_cat-edebiyat","6":"product_cat-roman-oyku","7":"pa_cilt-ciltli","8":"pa_tur-kitap","9":"pa_yayinevi-is-bankasi-kultur-yayinlari","10":"pa_yazar-memduh-sevket-esendal","12":"first","13":"instock","14":"sale","15":"shipping-taxable","16":"purchasable","17":"product-type-simple"},"_links":{"self":[{"href":"https:\/\/roveyayinevi.com.tr\/index.php\/wp-json\/wp\/v2\/product\/750649","targetHints":{"allow":["GET"]}}],"collection":[{"href":"https:\/\/roveyayinevi.com.tr\/index.php\/wp-json\/wp\/v2\/product"}],"about":[{"href":"https:\/\/roveyayinevi.com.tr\/index.php\/wp-json\/wp\/v2\/types\/product"}],"wp:attachment":[{"href":"https:\/\/roveyayinevi.com.tr\/index.php\/wp-json\/wp\/v2\/media?parent=750649"}],"wp:term":[{"taxonomy":"product_brand","embeddable":true,"href":"https:\/\/roveyayinevi.com.tr\/index.php\/wp-json\/wp\/v2\/product_brand?post=750649"},{"taxonomy":"product_cat","embeddable":true,"href":"https:\/\/roveyayinevi.com.tr\/index.php\/wp-json\/wp\/v2\/product_cat?post=750649"},{"taxonomy":"product_tag","embeddable":true,"href":"https:\/\/roveyayinevi.com.tr\/index.php\/wp-json\/wp\/v2\/product_tag?post=750649"}],"curies":[{"name":"wp","href":"https:\/\/api.w.org\/{rel}","templated":true}]}}