{"id":750645,"date":"2025-08-28T04:26:27","date_gmt":"2025-08-28T01:26:27","guid":{"rendered":"https:\/\/roveyayinevi.com.tr\/index.php\/urun\/haydutlar-ciltli\/"},"modified":"2026-04-16T03:03:57","modified_gmt":"2026-04-16T00:03:57","slug":"haydutlar-ciltli","status":"publish","type":"product","link":"https:\/\/roveyayinevi.com.tr\/index.php\/urun\/haydutlar-ciltli\/","title":{"rendered":"Haydutlar (Ciltli)"},"content":{"rendered":"<p>Friedrich Schiller (1759-1805): Alman \u015fair, d\u00fc\u015f\u00fcn\u00fcr, tarih\u00e7i ve oyun yazar\u0131. Hukuk ve t\u0131p e\u011fitimi g\u00f6rd\u00fc. Edebiyat ya\u015fam\u0131n\u0131n ilk y\u0131llar\u0131nda Alman toplumunun \u00f6nyarg\u0131lar\u0131n\u0131 epey sert ele\u015ftiren yaz\u0131lar yazd\u0131. 1789 y\u0131l\u0131nda Jena \u00dcniversitesi\u2019nde tarih profes\u00f6rl\u00fc\u011f\u00fcne getirildi. Tarih ve estetik \u00fczerine yazd\u0131\u011f\u0131 \u00e7o\u011fu eser bu d\u00f6nemin \u00fcr\u00fcn\u00fcd\u00fcr. 1794 y\u0131l\u0131ndan sonra Goethe\u2019yle g\u00fc\u00e7l\u00fc bir dostluk kurdu. \u00d6zellikle bu d\u00f6nemde yazd\u0131\u011f\u0131 lirik \u015fiirler ve oyunlarla Goethe\u2019yle birlikte Alman edebiyat\u0131na y\u00f6n verdi. 1781\u2019de yay\u0131mlanan ilk oyunu Haydutlar Alman gen\u00e7li\u011fini sarsan co\u015fkulu ve isyank\u00e2r yap\u0131s\u0131yla b\u00fcy\u00fck bir ba\u015far\u0131 kazand\u0131. Schiller Haydutlar\u2019da muhteris bir karde\u015f, sad\u0131k bir sevgili ve deh\u015fet sa\u00e7an bir haydut \u00e7etesiyle reisinin etraf\u0131nda geli\u015fen olaylar\u0131 sergilerken adalet ve yarg\u0131, siyaset ve iktidar, ahlak ve din \u00fczerine \u015fiddetli ele\u015ftirilerde bulundu, k\u00f6t\u00fcl\u00fc\u011f\u00fcn do\u011fas\u0131 \u00fczerine karma\u015f\u0131k bir \u00e7\u00f6z\u00fcmlemeye giri\u015fti. <\/p>\n","protected":false},"excerpt":{"rendered":"<p>Friedrich Schiller (1759-1805): Alman \u015fair, d\u00fc\u015f\u00fcn\u00fcr, tarih\u00e7i ve oyun yazar\u0131. Hukuk ve t\u0131p e\u011fitimi g\u00f6rd\u00fc. Edebiyat ya\u015fam\u0131n\u0131n ilk y\u0131llar\u0131nda Alman toplumunun \u00f6nyarg\u0131lar\u0131n\u0131 epey sert ele\u015ftiren yaz\u0131lar<span class=\"excerpt-hellip\"> [\u2026]<\/span><\/p>\n","protected":false},"featured_media":0,"template":"","meta":{"_monsterinsights_skip_tracking":false,"_monsterinsights_sitenote_active":false,"_monsterinsights_sitenote_note":"","_monsterinsights_sitenote_category":0},"product_brand":[],"product_cat":[12291,12711],"product_tag":[],"class_list":{"0":"post-750645","1":"product","2":"type-product","3":"status-publish","5":"product_cat-edebiyat","6":"product_cat-roman-oyku","7":"pa_cilt-ciltli","8":"pa_tur-kitap","9":"pa_yayinevi-is-bankasi-kultur-yayinlari","10":"pa_yazar-friedrich-schiller","12":"first","13":"instock","14":"sale","15":"shipping-taxable","16":"purchasable","17":"product-type-simple"},"_links":{"self":[{"href":"https:\/\/roveyayinevi.com.tr\/index.php\/wp-json\/wp\/v2\/product\/750645","targetHints":{"allow":["GET"]}}],"collection":[{"href":"https:\/\/roveyayinevi.com.tr\/index.php\/wp-json\/wp\/v2\/product"}],"about":[{"href":"https:\/\/roveyayinevi.com.tr\/index.php\/wp-json\/wp\/v2\/types\/product"}],"wp:attachment":[{"href":"https:\/\/roveyayinevi.com.tr\/index.php\/wp-json\/wp\/v2\/media?parent=750645"}],"wp:term":[{"taxonomy":"product_brand","embeddable":true,"href":"https:\/\/roveyayinevi.com.tr\/index.php\/wp-json\/wp\/v2\/product_brand?post=750645"},{"taxonomy":"product_cat","embeddable":true,"href":"https:\/\/roveyayinevi.com.tr\/index.php\/wp-json\/wp\/v2\/product_cat?post=750645"},{"taxonomy":"product_tag","embeddable":true,"href":"https:\/\/roveyayinevi.com.tr\/index.php\/wp-json\/wp\/v2\/product_tag?post=750645"}],"curies":[{"name":"wp","href":"https:\/\/api.w.org\/{rel}","templated":true}]}}