{"id":750642,"date":"2025-08-28T04:26:23","date_gmt":"2025-08-28T01:26:23","guid":{"rendered":"https:\/\/roveyayinevi.com.tr\/index.php\/urun\/homeopati-2\/"},"modified":"2026-04-16T03:03:57","modified_gmt":"2026-04-16T00:03:57","slug":"homeopati-2","status":"publish","type":"product","link":"https:\/\/roveyayinevi.com.tr\/index.php\/urun\/homeopati-2\/","title":{"rendered":"Homeopati"},"content":{"rendered":"<p>HOMEOPAT\u0130 Milenyumun Tedavi Sistemi, d\u00fcnyaca \u00fcnl\u00fc homeopat George Vithoulkas\u2019\u0131n homeopatinin temellerini ve i\u015fleyi\u015fini \u00f6rnekler \u00fczerinden anlatt\u0131\u011f\u0131 harika bir kitap. Vithoulkas, bu kitab\u0131nda homeopatinin yaln\u0131zca ki\u015finin b\u00fct\u00fcnc\u00fcl sa\u011fl\u0131\u011f\u0131n\u0131 ele almakla kalmay\u0131p konvansiyonel t\u0131p taraf\u0131ndan tedavi edilemez olarak kabul edilen bir\u00e7ok kronik hastal\u0131\u011f\u0131 da tedavi etmede ne kadar ba\u015far\u0131l\u0131 oldu\u011funu g\u00f6zler \u00f6n\u00fcne seriyor. Kitapta yer alan ba\u015fl\u0131klara \u015f\u00f6yle bir bakt\u0131\u011f\u0131m\u0131zda; ya\u015fam g\u00fcc\u00fc, benzerler yasas\u0131, homeopatik remedilerin haz\u0131rlanmas\u0131, hastal\u0131\u011fa yatk\u0131nl\u0131k, dinamik ve s\u00fcbtil d\u00fczlem, \u00f6rnek vakalar, tedavinin yasalar\u0131, uygulama, konuyu derinlemesine anlamak i\u00e7in ele al\u0131nan be\u015f remedi resmi ve ulusal sa\u011fl\u0131k politikalar\u0131 i\u00e7in devrimci bir \u00f6neri konu ba\u015fl\u0131klar\u0131yla bizi hemen yakal\u0131yor.  \u201cHomeopati nedir?\u201di merak edenler, ki\u015fiye \u00f6zg\u00fc bu sistemin nas\u0131l \u00e7al\u0131\u015ft\u0131\u011f\u0131n\u0131 anlamak isteyenler, homeopatiye yeni ba\u015flayanlar ve homeopatlar i\u00e7in \u00e7ok \u00f6zel bir kaynak.   <\/p>\n","protected":false},"excerpt":{"rendered":"<p>HOMEOPAT\u0130 Milenyumun Tedavi Sistemi, d\u00fcnyaca \u00fcnl\u00fc homeopat George Vithoulkas\u2019\u0131n homeopatinin temellerini ve i\u015fleyi\u015fini \u00f6rnekler \u00fczerinden anlatt\u0131\u011f\u0131 harika bir kitap. Vithoulkas, bu kitab\u0131nda homeopatinin yaln\u0131zca ki\u015finin b\u00fct\u00fcnc\u00fcl<span class=\"excerpt-hellip\"> [\u2026]<\/span><\/p>\n","protected":false},"featured_media":0,"template":"","meta":{"_monsterinsights_skip_tracking":false,"_monsterinsights_sitenote_active":false,"_monsterinsights_sitenote_note":"","_monsterinsights_sitenote_category":0},"product_brand":[],"product_cat":[13365],"product_tag":[],"class_list":{"0":"post-750642","1":"product","2":"type-product","3":"status-publish","5":"product_cat-saglik","6":"pa_cilt-ciltsiz","7":"pa_tur-kitap","8":"pa_yayinevi-gunce-yayinlari","9":"pa_yazar-george-vithoulkas","11":"first","12":"instock","13":"sale","14":"shipping-taxable","15":"purchasable","16":"product-type-simple"},"_links":{"self":[{"href":"https:\/\/roveyayinevi.com.tr\/index.php\/wp-json\/wp\/v2\/product\/750642","targetHints":{"allow":["GET"]}}],"collection":[{"href":"https:\/\/roveyayinevi.com.tr\/index.php\/wp-json\/wp\/v2\/product"}],"about":[{"href":"https:\/\/roveyayinevi.com.tr\/index.php\/wp-json\/wp\/v2\/types\/product"}],"wp:attachment":[{"href":"https:\/\/roveyayinevi.com.tr\/index.php\/wp-json\/wp\/v2\/media?parent=750642"}],"wp:term":[{"taxonomy":"product_brand","embeddable":true,"href":"https:\/\/roveyayinevi.com.tr\/index.php\/wp-json\/wp\/v2\/product_brand?post=750642"},{"taxonomy":"product_cat","embeddable":true,"href":"https:\/\/roveyayinevi.com.tr\/index.php\/wp-json\/wp\/v2\/product_cat?post=750642"},{"taxonomy":"product_tag","embeddable":true,"href":"https:\/\/roveyayinevi.com.tr\/index.php\/wp-json\/wp\/v2\/product_tag?post=750642"}],"curies":[{"name":"wp","href":"https:\/\/api.w.org\/{rel}","templated":true}]}}