{"id":750639,"date":"2025-08-28T04:26:18","date_gmt":"2025-08-28T01:26:18","guid":{"rendered":"https:\/\/roveyayinevi.com.tr\/index.php\/urun\/cumhuriyetin-diplomati-olmak\/"},"modified":"2026-04-16T03:03:57","modified_gmt":"2026-04-16T00:03:57","slug":"cumhuriyetin-diplomati-olmak","status":"publish","type":"product","link":"https:\/\/roveyayinevi.com.tr\/index.php\/urun\/cumhuriyetin-diplomati-olmak\/","title":{"rendered":"Cumhuriyetin Diplomat\u0131 Olmak"},"content":{"rendered":"<p>Hariciyeciler,\u201d Osmanl\u0131\u2019n\u0131n son do\u0308neminde, askerlerle birlikte, I\u0307mparatorlug\u0306un c\u0327o\u0308ku\u0308s\u0327u\u0308nu\u0308 o\u0308nleyebileceg\u0306i du\u0308s\u0327u\u0308nu\u0308len ayr\u0131cal\u0131kl\u0131 bu\u0308rokrat s\u0131n\u0131f\u0131 konumuna gelmis\u0327lerdi. Cumhuriyet do\u0308neminde de bu ayr\u0131cal\u0131kl\u0131 konum devam etti. Zira diplomatlar, hem yeni Tu\u0308rkiye Cumhuriyeti\u2019nin Avrupa devletler sisteminde es\u0327it ve egemen bir devlet olarak yer alma misyonunun, hem de u\u0308lkedeki modernles\u0327me su\u0308recinin o\u0308nde gelen tas\u0327\u0131y\u0131c\u0131lar\u0131 ve temsilcileri say\u0131ld\u0131lar. Mu\u0308zeyyen Ezel U\u0308nal, erken cumhuriyet do\u0308nemi diplomatlar\u0131n\u0131n bu misyon ic\u0327indeki karakteristiklerini inceliyor. Bat\u0131l\u0131 eg\u0306itim alm\u0131s\u0327, iyi yabanc\u0131 dil bilen, Mustafa Kemal\u2019in ve yak\u0131n c\u0327evresinin gu\u0308venini kazanm\u0131s\u0327 kis\u0327ilerden olus\u0327an bu zu\u0308mrenin mesleki ideolojisinin ve habitus\u2019unun olus\u0327umunu ve kendi ic\u0327indeki gruplas\u0327malar\u0131n\u0131 go\u0308ru\u0308yoruz. Yeni Tu\u0308rkiye\u2019nin modern kad\u0131n\u0131n\u0131n d\u0131s\u0327 du\u0308nya go\u0308zu\u0308ndeki temsilcileri olma misyonunun yu\u0308klendig\u0306i \u201csefireleri,\u201d yani bu\u0308yu\u0308kelc\u0327i han\u0131mlar\u0131n\u0131 da ihmal etmeden&#8230; Cumhuriyetin Diplomat\u0131 Olmak, bir prosopografi, yani kolektif biyografi anlat\u0131s\u0131 ic\u0327inde erken Cumhuriyet do\u0308neminin birc\u0327ok u\u0308nlu\u0308 s\u0327ahsiyetinin portre eskizlerini de ic\u0327eren zengin bir aras\u0327t\u0131rma. \u201cS\u0327airlik u\u0308stu\u0308n olsa sefir olup gezer mi\/ Yakup Kadri Tiran\u2019da, Rus\u0327en Es\u0327ref Yunan\u2019da\u201d Yahya Kemal Beyatl\u0131<\/p>\n","protected":false},"excerpt":{"rendered":"<p>Hariciyeciler,\u201d Osmanl\u0131\u2019n\u0131n son do\u0308neminde, askerlerle birlikte, I\u0307mparatorlug\u0306un c\u0327o\u0308ku\u0308s\u0327u\u0308nu\u0308 o\u0308nleyebileceg\u0306i du\u0308s\u0327u\u0308nu\u0308len ayr\u0131cal\u0131kl\u0131 bu\u0308rokrat s\u0131n\u0131f\u0131 konumuna gelmis\u0327lerdi. Cumhuriyet do\u0308neminde de bu ayr\u0131cal\u0131kl\u0131 konum devam etti. Zira diplomatlar, hem<span class=\"excerpt-hellip\"> [\u2026]<\/span><\/p>\n","protected":false},"featured_media":0,"template":"","meta":{"_monsterinsights_skip_tracking":false,"_monsterinsights_sitenote_active":false,"_monsterinsights_sitenote_note":"","_monsterinsights_sitenote_category":0},"product_brand":[],"product_cat":[13590,12337],"product_tag":[],"class_list":{"0":"post-750639","1":"product","2":"type-product","3":"status-publish","5":"product_cat-arastirma-inceleme-politika-siyaset","6":"product_cat-politika-siyaset","7":"pa_cilt-ciltsiz","8":"pa_tur-kitap","9":"pa_yayinevi-iletisim-yayinlari","10":"pa_yazar-muzeyyen-ezel-unal","12":"first","13":"instock","14":"sale","15":"shipping-taxable","16":"purchasable","17":"product-type-simple"},"_links":{"self":[{"href":"https:\/\/roveyayinevi.com.tr\/index.php\/wp-json\/wp\/v2\/product\/750639","targetHints":{"allow":["GET"]}}],"collection":[{"href":"https:\/\/roveyayinevi.com.tr\/index.php\/wp-json\/wp\/v2\/product"}],"about":[{"href":"https:\/\/roveyayinevi.com.tr\/index.php\/wp-json\/wp\/v2\/types\/product"}],"wp:attachment":[{"href":"https:\/\/roveyayinevi.com.tr\/index.php\/wp-json\/wp\/v2\/media?parent=750639"}],"wp:term":[{"taxonomy":"product_brand","embeddable":true,"href":"https:\/\/roveyayinevi.com.tr\/index.php\/wp-json\/wp\/v2\/product_brand?post=750639"},{"taxonomy":"product_cat","embeddable":true,"href":"https:\/\/roveyayinevi.com.tr\/index.php\/wp-json\/wp\/v2\/product_cat?post=750639"},{"taxonomy":"product_tag","embeddable":true,"href":"https:\/\/roveyayinevi.com.tr\/index.php\/wp-json\/wp\/v2\/product_tag?post=750639"}],"curies":[{"name":"wp","href":"https:\/\/api.w.org\/{rel}","templated":true}]}}