{"id":750638,"date":"2025-08-28T04:26:17","date_gmt":"2025-08-28T01:26:17","guid":{"rendered":"https:\/\/roveyayinevi.com.tr\/index.php\/urun\/bu-yollar-uzar\/"},"modified":"2026-04-08T03:10:33","modified_gmt":"2026-04-08T00:10:33","slug":"bu-yollar-uzar","status":"publish","type":"product","link":"https:\/\/roveyayinevi.com.tr\/index.php\/urun\/bu-yollar-uzar\/","title":{"rendered":"Bu Yollar Uzar"},"content":{"rendered":"<p>Memduh S\u0327evket Esendal, al\u0131s\u0327\u0131k oldug\u0306umuz u\u0308slubuyla, sakin du\u0308nyalar\u0131 ve kendi yag\u0306\u0131nda kavrulan insanlar\u0131 anlatmaya Bu Yollar Uzar\u2019da da devam ediyor. Tas\u0327ra-s\u0327ehir, bu\u0308rokrasi-toplum, Dog\u0306u-Bat\u0131 gibi temel ikilemler u\u0308zerinden yaratt\u0131g\u0306\u0131 c\u0327at\u0131s\u0327malar\u0131n eksik olmad\u0131g\u0306\u0131, karakterlerin ic\u0327inde var olduklar\u0131 zaman\u0131n ve meka\u0302n\u0131n ruhuyla harmanland\u0131g\u0306\u0131 bu derlemedeki o\u0308yku\u0308lerinde onun edebiyat\u0131n\u0131n alemetifarikas\u0131 olan yal\u0131n anlat\u0131m ve diyalog kurma ustal\u0131g\u0306\u0131 yine o\u0308ne c\u0327\u0131k\u0131yor. Memduh S\u0327evket Esendal\u2019\u0131n sag\u0306l\u0131g\u0306\u0131nda dergilerde yay\u0131mlanan, ancak ilk iki o\u0308yku\u0308 kitab\u0131na, Otlakc\u0327\u0131 ve Mendil Alt\u0131nda\u2019ya almad\u0131g\u0306\u0131, o\u0308lu\u0308mu\u0308nu\u0308n ard\u0131ndan kitaplar\u0131n\u0131n ikinci bask\u0131lar\u0131na eklenmis\u0327 o\u0308yku\u0308ler bu kitapta bir arada&#8230; \u201cEsendal\u2019\u0131n mizah\u0131nda ic\u0327li bir yan bulundug\u0306u gibi, hu\u0308sranlardan, kederlerden so\u0308z ettig\u0306i o\u0308yku\u0308lerinde nes\u0327eli deg\u0306ilse bile canl\u0131l\u0131g\u0306a is\u0327aret eden k\u0131v\u0131lc\u0131mlara rastlamak da mu\u0308mku\u0308ndu\u0308r.\u201d BEHC\u0327ET C\u0327ELIK<\/p>\n","protected":false},"excerpt":{"rendered":"<p>Memduh S\u0327evket Esendal, al\u0131s\u0327\u0131k oldug\u0306umuz u\u0308slubuyla, sakin du\u0308nyalar\u0131 ve kendi yag\u0306\u0131nda kavrulan insanlar\u0131 anlatmaya Bu Yollar Uzar\u2019da da devam ediyor. Tas\u0327ra-s\u0327ehir, bu\u0308rokrasi-toplum, Dog\u0306u-Bat\u0131 gibi temel ikilemler<span class=\"excerpt-hellip\"> [\u2026]<\/span><\/p>\n","protected":false},"featured_media":0,"template":"","meta":{"_monsterinsights_skip_tracking":false,"_monsterinsights_sitenote_active":false,"_monsterinsights_sitenote_note":"","_monsterinsights_sitenote_category":0},"product_brand":[],"product_cat":[12291,12292],"product_tag":[],"class_list":{"0":"post-750638","1":"product","2":"type-product","3":"status-publish","5":"product_cat-edebiyat","6":"product_cat-turk-edebiyati","7":"pa_cilt-ciltsiz","8":"pa_tur-kitap","9":"pa_yayinevi-iletisim-yayinlari","10":"pa_yazar-memduh-sevket-esendal","12":"first","13":"instock","14":"sale","15":"shipping-taxable","16":"purchasable","17":"product-type-simple"},"_links":{"self":[{"href":"https:\/\/roveyayinevi.com.tr\/index.php\/wp-json\/wp\/v2\/product\/750638","targetHints":{"allow":["GET"]}}],"collection":[{"href":"https:\/\/roveyayinevi.com.tr\/index.php\/wp-json\/wp\/v2\/product"}],"about":[{"href":"https:\/\/roveyayinevi.com.tr\/index.php\/wp-json\/wp\/v2\/types\/product"}],"wp:attachment":[{"href":"https:\/\/roveyayinevi.com.tr\/index.php\/wp-json\/wp\/v2\/media?parent=750638"}],"wp:term":[{"taxonomy":"product_brand","embeddable":true,"href":"https:\/\/roveyayinevi.com.tr\/index.php\/wp-json\/wp\/v2\/product_brand?post=750638"},{"taxonomy":"product_cat","embeddable":true,"href":"https:\/\/roveyayinevi.com.tr\/index.php\/wp-json\/wp\/v2\/product_cat?post=750638"},{"taxonomy":"product_tag","embeddable":true,"href":"https:\/\/roveyayinevi.com.tr\/index.php\/wp-json\/wp\/v2\/product_tag?post=750638"}],"curies":[{"name":"wp","href":"https:\/\/api.w.org\/{rel}","templated":true}]}}