{"id":750636,"date":"2025-08-28T04:26:14","date_gmt":"2025-08-28T01:26:14","guid":{"rendered":"https:\/\/roveyayinevi.com.tr\/index.php\/urun\/haklarimiz-ve-sorumluluklarimiz-2\/"},"modified":"2025-11-11T09:03:33","modified_gmt":"2025-11-11T06:03:33","slug":"haklarimiz-ve-sorumluluklarimiz-2","status":"publish","type":"product","link":"https:\/\/roveyayinevi.com.tr\/index.php\/urun\/haklarimiz-ve-sorumluluklarimiz-2\/","title":{"rendered":"Haklar\u0131m\u0131z ve Sorumluluklar\u0131m\u0131z"},"content":{"rendered":"<p>Biliyor musun, d\u00fcnyan\u0131n baz\u0131 b\u00f6lgelerinde \u00e7ocuklar okula gidemiyorlar, beslenmek i\u00e7in yeterince g\u0131da bulam\u0131yorlar, hasta olduklar\u0131nda tedavi g\u00f6remiyorlar ya da farkl\u0131 \u00f6zelliklerinden dolay\u0131 ayr\u0131mc\u0131l\u0131\u011fa u\u011frayabiliyorlar\u2026 \u00c7ocuk Haklar\u0131 tam da bu nedenlerle bizleri korumak amac\u0131yla do\u011fdu. Ama dikkat! HAKLARIMIZ oldu\u011fu kadar SORUMLULUKLARIMIZ da var. Onlar\u0131 \u00f6\u011frenmeye ve \u00e7evrendekilerle payla\u015fmaya ne dersin? K\u00fcresel \u00d6\u011fretmen \u00d6d\u00fcl\u00fc finalisti C\u00e9sar Bona\u2019dan t\u00fcm \u00e7ocuklar\u0131, s\u0131cak bir dil ve e\u011flenceli etkinlikler e\u015fli\u011finde, haklar\u0131na ve sorumluluklar\u0131na dair fark\u0131ndal\u0131k kazanmaya davet eden reng\u00e2renk bir \u00e7a\u011fr\u0131! <\/p>\n","protected":false},"excerpt":{"rendered":"<p>Biliyor musun, d\u00fcnyan\u0131n baz\u0131 b\u00f6lgelerinde \u00e7ocuklar okula gidemiyorlar, beslenmek i\u00e7in yeterince g\u0131da bulam\u0131yorlar, hasta olduklar\u0131nda tedavi g\u00f6remiyorlar ya da farkl\u0131 \u00f6zelliklerinden dolay\u0131 ayr\u0131mc\u0131l\u0131\u011fa u\u011frayabiliyorlar\u2026 \u00c7ocuk Haklar\u0131<span class=\"excerpt-hellip\"> [\u2026]<\/span><\/p>\n","protected":false},"featured_media":0,"template":"","meta":{"_monsterinsights_skip_tracking":false,"_monsterinsights_sitenote_active":false,"_monsterinsights_sitenote_note":"","_monsterinsights_sitenote_category":0},"product_brand":[],"product_cat":[12274,15842],"product_tag":[],"class_list":{"0":"post-750636","1":"product","2":"type-product","3":"status-publish","5":"product_cat-cocuk-ve-genclik-kitaplari","6":"product_cat-egitici-kitaplar","7":"pa_cilt-ciltsiz","8":"pa_tur-kitap","9":"pa_yayinevi-dogan-cocuk","10":"pa_yazar-cesa-bona-joan-turu","12":"first","13":"instock","14":"sale","15":"shipping-taxable","16":"purchasable","17":"product-type-simple"},"_links":{"self":[{"href":"https:\/\/roveyayinevi.com.tr\/index.php\/wp-json\/wp\/v2\/product\/750636","targetHints":{"allow":["GET"]}}],"collection":[{"href":"https:\/\/roveyayinevi.com.tr\/index.php\/wp-json\/wp\/v2\/product"}],"about":[{"href":"https:\/\/roveyayinevi.com.tr\/index.php\/wp-json\/wp\/v2\/types\/product"}],"wp:attachment":[{"href":"https:\/\/roveyayinevi.com.tr\/index.php\/wp-json\/wp\/v2\/media?parent=750636"}],"wp:term":[{"taxonomy":"product_brand","embeddable":true,"href":"https:\/\/roveyayinevi.com.tr\/index.php\/wp-json\/wp\/v2\/product_brand?post=750636"},{"taxonomy":"product_cat","embeddable":true,"href":"https:\/\/roveyayinevi.com.tr\/index.php\/wp-json\/wp\/v2\/product_cat?post=750636"},{"taxonomy":"product_tag","embeddable":true,"href":"https:\/\/roveyayinevi.com.tr\/index.php\/wp-json\/wp\/v2\/product_tag?post=750636"}],"curies":[{"name":"wp","href":"https:\/\/api.w.org\/{rel}","templated":true}]}}