{"id":750634,"date":"2025-08-28T04:26:10","date_gmt":"2025-08-28T01:26:10","guid":{"rendered":"https:\/\/roveyayinevi.com.tr\/index.php\/urun\/gitme-3\/"},"modified":"2026-04-16T03:03:57","modified_gmt":"2026-04-16T00:03:57","slug":"gitme-3","status":"publish","type":"product","link":"https:\/\/roveyayinevi.com.tr\/index.php\/urun\/gitme-3\/","title":{"rendered":"Gitme"},"content":{"rendered":"<p>Liyakatsize verdiysek d\u00fcmeni Alaboraya kapt\u0131rd\u0131ysak gemiyi Yabanc\u0131lara toplat\u0131yorsak a\u011flar\u0131 Irgat \u00e7ocuklar, bozuyorsa ba\u011flar\u0131 K\u00f6yde \u00e7ocuklar okul bulam\u0131yorsa Madenciler tedbirsizlikten \u00f6l\u00fcyorsa Yurtta\u015f\u0131m\u0131z depremde can veriyorsa Hala m\u00fch\u00fcrs\u00fcz oy ge\u00e7erli say\u0131l\u0131yorsa G\u2026 k\u0131l\u0131 olup ayakkab\u0131 alt\u0131 yalan\u0131yorsa K\u0131sa \u00e7\u00f6p uzun \u00e7\u00f6pten hakk\u0131n alam\u0131yorsa Y\u00fcr\u00fcm\u00fcyorsak sert ad\u0131mla \u00fcst\u00fcne, \u00fcst\u00fcne Sahip de \u00e7\u0131kamay\u0131z kurucu iradenin fikr\u00eene Bayramda \u00e7elenk koyamay\u0131z atan\u0131n b\u00fcst\u00fcne <\/p>\n","protected":false},"excerpt":{"rendered":"<p>Liyakatsize verdiysek d\u00fcmeni Alaboraya kapt\u0131rd\u0131ysak gemiyi Yabanc\u0131lara toplat\u0131yorsak a\u011flar\u0131 Irgat \u00e7ocuklar, bozuyorsa ba\u011flar\u0131 K\u00f6yde \u00e7ocuklar okul bulam\u0131yorsa Madenciler tedbirsizlikten \u00f6l\u00fcyorsa Yurtta\u015f\u0131m\u0131z depremde can veriyorsa Hala m\u00fch\u00fcrs\u00fcz<span class=\"excerpt-hellip\"> [\u2026]<\/span><\/p>\n","protected":false},"featured_media":0,"template":"","meta":{"_monsterinsights_skip_tracking":false,"_monsterinsights_sitenote_active":false,"_monsterinsights_sitenote_note":"","_monsterinsights_sitenote_category":0},"product_brand":[],"product_cat":[12291,12509],"product_tag":[],"class_list":{"0":"post-750634","1":"product","2":"type-product","3":"status-publish","5":"product_cat-edebiyat","6":"product_cat-siir","7":"pa_cilt-ciltsiz","8":"pa_tur-kitap","9":"pa_yayinevi-platanus-publishing","10":"pa_yazar-himmet-bayram","12":"first","13":"instock","14":"sale","15":"shipping-taxable","16":"purchasable","17":"product-type-simple"},"_links":{"self":[{"href":"https:\/\/roveyayinevi.com.tr\/index.php\/wp-json\/wp\/v2\/product\/750634","targetHints":{"allow":["GET"]}}],"collection":[{"href":"https:\/\/roveyayinevi.com.tr\/index.php\/wp-json\/wp\/v2\/product"}],"about":[{"href":"https:\/\/roveyayinevi.com.tr\/index.php\/wp-json\/wp\/v2\/types\/product"}],"wp:attachment":[{"href":"https:\/\/roveyayinevi.com.tr\/index.php\/wp-json\/wp\/v2\/media?parent=750634"}],"wp:term":[{"taxonomy":"product_brand","embeddable":true,"href":"https:\/\/roveyayinevi.com.tr\/index.php\/wp-json\/wp\/v2\/product_brand?post=750634"},{"taxonomy":"product_cat","embeddable":true,"href":"https:\/\/roveyayinevi.com.tr\/index.php\/wp-json\/wp\/v2\/product_cat?post=750634"},{"taxonomy":"product_tag","embeddable":true,"href":"https:\/\/roveyayinevi.com.tr\/index.php\/wp-json\/wp\/v2\/product_tag?post=750634"}],"curies":[{"name":"wp","href":"https:\/\/api.w.org\/{rel}","templated":true}]}}