{"id":750632,"date":"2025-08-28T04:26:06","date_gmt":"2025-08-28T01:26:06","guid":{"rendered":"https:\/\/roveyayinevi.com.tr\/index.php\/urun\/itirafci\/"},"modified":"2026-04-16T03:03:57","modified_gmt":"2026-04-16T00:03:57","slug":"itirafci","status":"publish","type":"product","link":"https:\/\/roveyayinevi.com.tr\/index.php\/urun\/itirafci\/","title":{"rendered":"\u0130tiraf\u00e7\u0131"},"content":{"rendered":"<p>Zehra: \u201cBar\u0131\u015f Amca, bir \u015fey soraca\u011f\u0131m. Bana do\u011fruyu s\u00f6yler misin?\u201d Bar\u0131\u015f, \u201cTabi k\u0131z\u0131m, bildi\u011fim bir \u015feyse neden s\u00f6ylemeyeyim.\u201d Zehra, \u201cBar\u0131\u015f Amca sen yine eski bildi\u011fimiz, ilkeli, d\u00fcr\u00fcst, demokrat, devrimci birisi misin? Yoksa babam ve bizler gibi yanard\u00f6ner, bukalemun musun?\u201d der. Bar\u0131\u015f, bir \u015feylerin de\u011fi\u015fti\u011finin fark\u0131ndal\u0131\u011f\u0131n\u0131 yakalar. \u201cK\u0131z\u0131m, ben ve benim gibiler ge\u00e7mi\u015fimizde ne idiysek yine oyuz. Ben yine ayn\u0131 Bar\u0131\u015f\u2019\u0131m, arkada\u015flar\u0131m yine ayn\u0131 devrimci arkada\u015flard\u0131r.\u201d Zehra, tekrar aya\u011fa kalkarak, Bar\u0131\u015f Amca\u2019s\u0131n\u0131n boynuna y\u00fcrekten, sanki can\u0131ndan bir par\u00e7ay\u0131 bedenine koyar gibi sar\u0131l\u0131r. Yetmez birka\u00e7 defa daha sar\u0131l\u0131r. Sonra Zehra oturdu\u011fu yerde sa\u00e7lar\u0131n\u0131 y\u00fcz\u00fcne kapatarak, sessizce h\u00fcng\u00fcr h\u00fcng\u00fcr a\u011flamaya ba\u015flar. \u00d6nce ne oldu\u011funun fark\u0131na varamayan Bar\u0131\u015f, sonra Zehra\u2019n\u0131n arkada\u015flar\u0131 ve kafeteryadaki t\u00fcm g\u00f6zler Zehra\u2019n\u0131n masas\u0131na y\u00f6nelir. Biraz sonra Zehra kendine gelir. Herkesten \u00f6z\u00fcr diler. <\/p>\n","protected":false},"excerpt":{"rendered":"<p>Zehra: \u201cBar\u0131\u015f Amca, bir \u015fey soraca\u011f\u0131m. Bana do\u011fruyu s\u00f6yler misin?\u201d Bar\u0131\u015f, \u201cTabi k\u0131z\u0131m, bildi\u011fim bir \u015feyse neden s\u00f6ylemeyeyim.\u201d Zehra, \u201cBar\u0131\u015f Amca sen yine eski bildi\u011fimiz, ilkeli,<span class=\"excerpt-hellip\"> [\u2026]<\/span><\/p>\n","protected":false},"featured_media":0,"template":"","meta":{"_monsterinsights_skip_tracking":false,"_monsterinsights_sitenote_active":false,"_monsterinsights_sitenote_note":"","_monsterinsights_sitenote_category":0},"product_brand":[],"product_cat":[12291,12711],"product_tag":[],"class_list":{"0":"post-750632","1":"product","2":"type-product","3":"status-publish","5":"product_cat-edebiyat","6":"product_cat-roman-oyku","7":"pa_cilt-ciltsiz","8":"pa_tur-kitap","9":"pa_yayinevi-platanus-publishing","10":"pa_yazar-ozer-aydin","12":"first","13":"instock","14":"sale","15":"shipping-taxable","16":"purchasable","17":"product-type-simple"},"_links":{"self":[{"href":"https:\/\/roveyayinevi.com.tr\/index.php\/wp-json\/wp\/v2\/product\/750632","targetHints":{"allow":["GET"]}}],"collection":[{"href":"https:\/\/roveyayinevi.com.tr\/index.php\/wp-json\/wp\/v2\/product"}],"about":[{"href":"https:\/\/roveyayinevi.com.tr\/index.php\/wp-json\/wp\/v2\/types\/product"}],"wp:attachment":[{"href":"https:\/\/roveyayinevi.com.tr\/index.php\/wp-json\/wp\/v2\/media?parent=750632"}],"wp:term":[{"taxonomy":"product_brand","embeddable":true,"href":"https:\/\/roveyayinevi.com.tr\/index.php\/wp-json\/wp\/v2\/product_brand?post=750632"},{"taxonomy":"product_cat","embeddable":true,"href":"https:\/\/roveyayinevi.com.tr\/index.php\/wp-json\/wp\/v2\/product_cat?post=750632"},{"taxonomy":"product_tag","embeddable":true,"href":"https:\/\/roveyayinevi.com.tr\/index.php\/wp-json\/wp\/v2\/product_tag?post=750632"}],"curies":[{"name":"wp","href":"https:\/\/api.w.org\/{rel}","templated":true}]}}