{"id":750630,"date":"2025-08-28T04:26:03","date_gmt":"2025-08-28T01:26:03","guid":{"rendered":"https:\/\/roveyayinevi.com.tr\/index.php\/urun\/bilal-i-habesi\/"},"modified":"2026-04-16T03:03:57","modified_gmt":"2026-04-16T00:03:57","slug":"bilal-i-habesi","status":"publish","type":"product","link":"https:\/\/roveyayinevi.com.tr\/index.php\/urun\/bilal-i-habesi\/","title":{"rendered":"Bilal-i Habe\u015fi"},"content":{"rendered":"<p>Di\u011fer kavimlerden esir olarak al\u0131nanlar insan ticareti olarak al\u0131n\u0131p sat\u0131l\u0131yordu. \u00d6zg\u00fcr olduklar\u0131 tek husus soluk al\u0131p vermekte izin almamalar\u0131yd\u0131. Bunun d\u0131\u015f\u0131nda her \u015fey efendileri sahiplerinin insaf\u0131na kalm\u0131\u015ft\u0131. Tabii ki o insaf da varsa\u2026 \u0130\u015fte annesi k\u00f6le, babas\u0131 k\u00f6le olanlar\u0131n kaderi de k\u00f6le olarak do\u011fmak ve \u00f6lmekti.   Bu k\u00f6lelerden birisi de derisi parlak me\u015fin gibi simsiyah olan Habe\u015fli Bilal\u2019di.   \u0130slam\u2019\u0131n ilk m\u00fcezzini,, bir zamanlar \u00f6n\u00fcnde i\u015fkenceler u\u011fray\u0131p her yan\u0131 kan i\u00e7inde kalana kadar d\u00f6v\u00fclen Bilal, seneler sonra K\u00e2be\u2019nin \u00fczerinde ezan okuma \u015ferefine nail olacakt\u0131. <\/p>\n","protected":false},"excerpt":{"rendered":"<p>Di\u011fer kavimlerden esir olarak al\u0131nanlar insan ticareti olarak al\u0131n\u0131p sat\u0131l\u0131yordu. \u00d6zg\u00fcr olduklar\u0131 tek husus soluk al\u0131p vermekte izin almamalar\u0131yd\u0131. Bunun d\u0131\u015f\u0131nda her \u015fey efendileri sahiplerinin insaf\u0131na<span class=\"excerpt-hellip\"> [\u2026]<\/span><\/p>\n","protected":false},"featured_media":0,"template":"","meta":{"_monsterinsights_skip_tracking":false,"_monsterinsights_sitenote_active":false,"_monsterinsights_sitenote_note":"","_monsterinsights_sitenote_category":0},"product_brand":[],"product_cat":[12291],"product_tag":[],"class_list":{"0":"post-750630","1":"product","2":"type-product","3":"status-publish","5":"product_cat-edebiyat","6":"pa_cilt-ciltsiz","7":"pa_tur-kitap","8":"pa_yayinevi-korkut-yayinlari","9":"pa_yazar-sinan-yagmur","11":"first","12":"instock","13":"sale","14":"shipping-taxable","15":"purchasable","16":"product-type-simple"},"_links":{"self":[{"href":"https:\/\/roveyayinevi.com.tr\/index.php\/wp-json\/wp\/v2\/product\/750630","targetHints":{"allow":["GET"]}}],"collection":[{"href":"https:\/\/roveyayinevi.com.tr\/index.php\/wp-json\/wp\/v2\/product"}],"about":[{"href":"https:\/\/roveyayinevi.com.tr\/index.php\/wp-json\/wp\/v2\/types\/product"}],"wp:attachment":[{"href":"https:\/\/roveyayinevi.com.tr\/index.php\/wp-json\/wp\/v2\/media?parent=750630"}],"wp:term":[{"taxonomy":"product_brand","embeddable":true,"href":"https:\/\/roveyayinevi.com.tr\/index.php\/wp-json\/wp\/v2\/product_brand?post=750630"},{"taxonomy":"product_cat","embeddable":true,"href":"https:\/\/roveyayinevi.com.tr\/index.php\/wp-json\/wp\/v2\/product_cat?post=750630"},{"taxonomy":"product_tag","embeddable":true,"href":"https:\/\/roveyayinevi.com.tr\/index.php\/wp-json\/wp\/v2\/product_tag?post=750630"}],"curies":[{"name":"wp","href":"https:\/\/api.w.org\/{rel}","templated":true}]}}