{"id":750626,"date":"2025-08-28T04:25:21","date_gmt":"2025-08-28T01:25:21","guid":{"rendered":"https:\/\/roveyayinevi.com.tr\/index.php\/urun\/bir-de-benden-dinleyin-chp-kurt-sorununun-cozumunde-ne-dedi\/"},"modified":"2026-04-16T03:03:56","modified_gmt":"2026-04-16T00:03:56","slug":"bir-de-benden-dinleyin-chp-kurt-sorununun-cozumunde-ne-dedi","status":"publish","type":"product","link":"https:\/\/roveyayinevi.com.tr\/index.php\/urun\/bir-de-benden-dinleyin-chp-kurt-sorununun-cozumunde-ne-dedi\/","title":{"rendered":"Bir De Benden Dinleyin &#8211; CHP K\u00fcrt Sorununun \u00c7\u00f6z\u00fcm\u00fcnde Ne Dedi?"},"content":{"rendered":"<p>\u00d6mr\u00fcn\u00fc insan haklar\u0131 savunuculu\u011funa adam\u0131\u015f, Cumhuriyet Halk Partisi\u2019nin adalet ve insan haklar\u0131 m\u00fccadelesine \u00f6nemli katk\u0131lar sa\u011flam\u0131\u015f olan milletvekilimiz Sezgin Tanr\u0131kulu\u2019nun bu kitapta aktard\u0131klar\u0131, K\u00fcrt sorununun \u00e7\u00f6z\u00fcm\u00fc konusundaki \u00e7al\u0131\u015fmalar\u0131m\u0131z\u0131n ne kadar ger\u00e7ek\u00e7i ve somut oldu\u011funu ortaya koyuyor. E\u011fer \u00e7\u00f6z\u00fcm s\u00fcrecinde CHP\u2019nin sesine kulak verilseydi, T\u00fcrkiye Cumhuriyeti y\u00fcz\u00fcnc\u00fc ya\u015f\u0131na ekonomik krizle, toplumsal kutupla\u015fmayla de\u011fil, bayram havas\u0131nda girecekti. Nitekim bu kitapta okuyaca\u011f\u0131n\u0131z \u00fczere CHP\u2019nin sundu\u011fu \u00f6neriler, \u00e7\u00f6z\u00fcm\u00fcn ancak toplumsal mutabakatla, i\u00e7 bar\u0131\u015fla m\u00fcmk\u00fcn oldu\u011fu ger\u00e7e\u011fi \u00fczerine kuruludur. Bizim CHP olarak bir T\u00fcrkiye hayalimiz var. O hayal, \u00fclkemizin birlik ve beraberlik, yurtta\u015flar\u0131m\u0131z\u0131n bar\u0131\u015f ve karde\u015flik i\u00e7inde, e\u015fit ve \u00f6zg\u00fcr bir ya\u015fam s\u00fcrd\u00fcrebildi\u011fi m\u00fcreffeh bir T\u00fcrkiye\u2019dir. 6 \u015eubat 2023 g\u00fcn\u00fc ya\u015fanan deprem felaketinden \u00f6nce yap\u0131 denetim mekanizmalar\u0131n\u0131 i\u015fletmeyen, deprem sonras\u0131nda da erken m\u00fcdahaleye giri\u015fmeyen ve b\u00f6ylece felakete felaket ekleyerek onbinlerce yurtta\u015f\u0131m\u0131z\u0131 kaybetmemize neden olan bu iktidardan \u00fclkemizi kurtaraca\u011f\u0131z. Bu iktidar\u0131n a\u00e7t\u0131\u011f\u0131 yaralar\u0131 birbirimize sar\u0131larak, bar\u0131\u015farak saraca\u011f\u0131z. Bu gemiyi o g\u00fczel limana ula\u015ft\u0131rmakta, gelecek ku\u015faklara yap\u0131sal sorunlar\u0131ndan kurtulmu\u015f, sars\u0131nt\u0131lar kar\u015f\u0131s\u0131nda temeli sa\u011flamla\u015ft\u0131r\u0131lm\u0131\u015f, g\u00fc\u00e7l\u00fc, demokratik, laik bir T\u00fcrkiye b\u0131rakmakta kararl\u0131y\u0131z ve mutlaka ba\u015faraca\u011f\u0131z! Kemal K\u0131l\u0131\u00e7daro\u011flu CHP Genel Ba\u015fkan\u0131<\/p>\n","protected":false},"excerpt":{"rendered":"<p>\u00d6mr\u00fcn\u00fc insan haklar\u0131 savunuculu\u011funa adam\u0131\u015f, Cumhuriyet Halk Partisi\u2019nin adalet ve insan haklar\u0131 m\u00fccadelesine \u00f6nemli katk\u0131lar sa\u011flam\u0131\u015f olan milletvekilimiz Sezgin Tanr\u0131kulu\u2019nun bu kitapta aktard\u0131klar\u0131, K\u00fcrt sorununun \u00e7\u00f6z\u00fcm\u00fc<span class=\"excerpt-hellip\"> [\u2026]<\/span><\/p>\n","protected":false},"featured_media":0,"template":"","meta":{"_monsterinsights_skip_tracking":false,"_monsterinsights_sitenote_active":false,"_monsterinsights_sitenote_note":"","_monsterinsights_sitenote_category":0},"product_brand":[],"product_cat":[12337,14543],"product_tag":[],"class_list":{"0":"post-750626","1":"product","2":"type-product","3":"status-publish","5":"product_cat-politika-siyaset","6":"product_cat-turkiye-siyaseti-ve-politikasi","7":"pa_cilt-ciltsiz","8":"pa_tur-kitap","9":"pa_yayinevi-scala-yayincilik","10":"pa_yazar-sezgin-tanrikulu","12":"first","13":"instock","14":"sale","15":"shipping-taxable","16":"purchasable","17":"product-type-simple"},"_links":{"self":[{"href":"https:\/\/roveyayinevi.com.tr\/index.php\/wp-json\/wp\/v2\/product\/750626","targetHints":{"allow":["GET"]}}],"collection":[{"href":"https:\/\/roveyayinevi.com.tr\/index.php\/wp-json\/wp\/v2\/product"}],"about":[{"href":"https:\/\/roveyayinevi.com.tr\/index.php\/wp-json\/wp\/v2\/types\/product"}],"wp:attachment":[{"href":"https:\/\/roveyayinevi.com.tr\/index.php\/wp-json\/wp\/v2\/media?parent=750626"}],"wp:term":[{"taxonomy":"product_brand","embeddable":true,"href":"https:\/\/roveyayinevi.com.tr\/index.php\/wp-json\/wp\/v2\/product_brand?post=750626"},{"taxonomy":"product_cat","embeddable":true,"href":"https:\/\/roveyayinevi.com.tr\/index.php\/wp-json\/wp\/v2\/product_cat?post=750626"},{"taxonomy":"product_tag","embeddable":true,"href":"https:\/\/roveyayinevi.com.tr\/index.php\/wp-json\/wp\/v2\/product_tag?post=750626"}],"curies":[{"name":"wp","href":"https:\/\/api.w.org\/{rel}","templated":true}]}}