{"id":750623,"date":"2025-08-28T04:25:16","date_gmt":"2025-08-28T01:25:16","guid":{"rendered":"https:\/\/roveyayinevi.com.tr\/index.php\/urun\/bencileyin-sozler\/"},"modified":"2026-04-13T03:09:44","modified_gmt":"2026-04-13T00:09:44","slug":"bencileyin-sozler","status":"publish","type":"product","link":"https:\/\/roveyayinevi.com.tr\/index.php\/urun\/bencileyin-sozler\/","title":{"rendered":"Bencileyin S\u00f6zler"},"content":{"rendered":"<p>Fikirlerim ho\u015fa gitmeyebilir; bir y\u00f6n\u00fcyle ba\u015fka fikirlere benzeyebilir lakin varl\u0131\u011f\u0131m\u0131 d\u00fc\u015f\u00fcncelerimle anlatabilmek; y\u00fcre\u011fimin ve akl\u0131m\u0131n g\u00f6rd\u00fc\u011f\u00fcn\u00fc ben gibi s\u00f6ylemek derdim benim.   . \u00d6l\u00fcm\u00fc d\u00fc\u011f\u00fcn bilenlerin nik\u00e2h \u015fahidi k\u0131yamettir.   . Konacak dal\u0131 olmayanlara kanat tak\u0131lsa ne \u00e7are\u2026   . A\u015fk, \u00f6l\u00fcm\u00fcn i\u00e7indeki \u00f6l\u00fcmde ya\u015famakt\u0131r; a\u015fk, ayr\u0131l\u0131kta bile sevdan\u0131n koko\u015fuyla hayalden ger\u00e7e\u011fe ve de sonsuzluk denen vuslata kanat a\u00e7makt\u0131r.   . G\u00fcnler haftalar, aylar, y\u0131llar, binlerce saat ge\u00e7irdi\u011finizle Toplam zaman\u0131n\u0131z bir saniye bile etmiyorsa g\u00f6nl\u00fcn\u00fczde; siz ger\u00e7ekten \u00e2\u015f\u0131ksan\u0131z demektir..\u0130nsan bir u\u00e7urtma, hayalleriyse esen r\u00fczg\u00e2rd\u0131r;zirvelere ula\u015fabilenler iseancak o r\u00fczg\u00e2r\u0131 arkas\u0131na alabilenlerdir. <\/p>\n","protected":false},"excerpt":{"rendered":"<p>Fikirlerim ho\u015fa gitmeyebilir; bir y\u00f6n\u00fcyle ba\u015fka fikirlere benzeyebilir lakin varl\u0131\u011f\u0131m\u0131 d\u00fc\u015f\u00fcncelerimle anlatabilmek; y\u00fcre\u011fimin ve akl\u0131m\u0131n g\u00f6rd\u00fc\u011f\u00fcn\u00fc ben gibi s\u00f6ylemek derdim benim. . \u00d6l\u00fcm\u00fc d\u00fc\u011f\u00fcn bilenlerin nik\u00e2h<span class=\"excerpt-hellip\"> [\u2026]<\/span><\/p>\n","protected":false},"featured_media":0,"template":"","meta":{"_monsterinsights_skip_tracking":false,"_monsterinsights_sitenote_active":false,"_monsterinsights_sitenote_note":"","_monsterinsights_sitenote_category":0},"product_brand":[],"product_cat":[12291],"product_tag":[],"class_list":{"0":"post-750623","1":"product","2":"type-product","3":"status-publish","5":"product_cat-edebiyat","6":"pa_cilt-ciltsiz","7":"pa_tur-kitap","8":"pa_yayinevi-semenderkitap-yayinlari","9":"pa_yazar-mehmet-nuri-parmaksiz","11":"first","12":"instock","13":"sale","14":"shipping-taxable","15":"purchasable","16":"product-type-simple"},"_links":{"self":[{"href":"https:\/\/roveyayinevi.com.tr\/index.php\/wp-json\/wp\/v2\/product\/750623","targetHints":{"allow":["GET"]}}],"collection":[{"href":"https:\/\/roveyayinevi.com.tr\/index.php\/wp-json\/wp\/v2\/product"}],"about":[{"href":"https:\/\/roveyayinevi.com.tr\/index.php\/wp-json\/wp\/v2\/types\/product"}],"wp:attachment":[{"href":"https:\/\/roveyayinevi.com.tr\/index.php\/wp-json\/wp\/v2\/media?parent=750623"}],"wp:term":[{"taxonomy":"product_brand","embeddable":true,"href":"https:\/\/roveyayinevi.com.tr\/index.php\/wp-json\/wp\/v2\/product_brand?post=750623"},{"taxonomy":"product_cat","embeddable":true,"href":"https:\/\/roveyayinevi.com.tr\/index.php\/wp-json\/wp\/v2\/product_cat?post=750623"},{"taxonomy":"product_tag","embeddable":true,"href":"https:\/\/roveyayinevi.com.tr\/index.php\/wp-json\/wp\/v2\/product_tag?post=750623"}],"curies":[{"name":"wp","href":"https:\/\/api.w.org\/{rel}","templated":true}]}}