{"id":750621,"date":"2025-08-28T04:25:12","date_gmt":"2025-08-28T01:25:12","guid":{"rendered":"https:\/\/roveyayinevi.com.tr\/index.php\/urun\/hasretin-gizi\/"},"modified":"2026-04-16T03:03:56","modified_gmt":"2026-04-16T00:03:56","slug":"hasretin-gizi","status":"publish","type":"product","link":"https:\/\/roveyayinevi.com.tr\/index.php\/urun\/hasretin-gizi\/","title":{"rendered":"Hasretin Gizi"},"content":{"rendered":"<p>Geceleri zincirleyebilsem akl\u0131mda, Bir susturabilsem kald\u0131r\u0131mlarda y\u00fcr\u00fcyen ad\u0131mlar\u0131\u2026 Elemi vursam bir ku\u015f gibi Ayr\u0131l\u0131\u011f\u0131 mah\u015fere dek assam vuslat a\u011fc\u0131na. Ad\u0131n\u0131 yazsam terkedilmi\u015f duvarlara Diner mi i\u00e7imdeki hasretin? \u00c2h bir s\u00f6nse bilinmezleri yakan belirsizlik Dursa, \u00e7\/a\u011flamasa i\u00e7imdeki d\u00fc\u015f\u00fcnceler\u2026 Benim en b\u00fcy\u00fck derdim Nedir biliyor musun y\u00e2r? Sen-siz-lik. <\/p>\n","protected":false},"excerpt":{"rendered":"<p>Geceleri zincirleyebilsem akl\u0131mda, Bir susturabilsem kald\u0131r\u0131mlarda y\u00fcr\u00fcyen ad\u0131mlar\u0131\u2026 Elemi vursam bir ku\u015f gibi Ayr\u0131l\u0131\u011f\u0131 mah\u015fere dek assam vuslat a\u011fc\u0131na. Ad\u0131n\u0131 yazsam terkedilmi\u015f duvarlara Diner mi i\u00e7imdeki<span class=\"excerpt-hellip\"> [\u2026]<\/span><\/p>\n","protected":false},"featured_media":0,"template":"","meta":{"_monsterinsights_skip_tracking":false,"_monsterinsights_sitenote_active":false,"_monsterinsights_sitenote_note":"","_monsterinsights_sitenote_category":0},"product_brand":[],"product_cat":[12291,12509],"product_tag":[],"class_list":{"0":"post-750621","1":"product","2":"type-product","3":"status-publish","5":"product_cat-edebiyat","6":"product_cat-siir","7":"pa_cilt-ciltsiz","8":"pa_tur-kitap","9":"pa_yayinevi-semenderkitap-yayinlari","10":"pa_yazar-mehmet-nuri-parmaksiz","12":"first","13":"instock","14":"sale","15":"shipping-taxable","16":"purchasable","17":"product-type-simple"},"_links":{"self":[{"href":"https:\/\/roveyayinevi.com.tr\/index.php\/wp-json\/wp\/v2\/product\/750621","targetHints":{"allow":["GET"]}}],"collection":[{"href":"https:\/\/roveyayinevi.com.tr\/index.php\/wp-json\/wp\/v2\/product"}],"about":[{"href":"https:\/\/roveyayinevi.com.tr\/index.php\/wp-json\/wp\/v2\/types\/product"}],"wp:attachment":[{"href":"https:\/\/roveyayinevi.com.tr\/index.php\/wp-json\/wp\/v2\/media?parent=750621"}],"wp:term":[{"taxonomy":"product_brand","embeddable":true,"href":"https:\/\/roveyayinevi.com.tr\/index.php\/wp-json\/wp\/v2\/product_brand?post=750621"},{"taxonomy":"product_cat","embeddable":true,"href":"https:\/\/roveyayinevi.com.tr\/index.php\/wp-json\/wp\/v2\/product_cat?post=750621"},{"taxonomy":"product_tag","embeddable":true,"href":"https:\/\/roveyayinevi.com.tr\/index.php\/wp-json\/wp\/v2\/product_tag?post=750621"}],"curies":[{"name":"wp","href":"https:\/\/api.w.org\/{rel}","templated":true}]}}