{"id":750619,"date":"2025-08-28T04:25:09","date_gmt":"2025-08-28T01:25:09","guid":{"rendered":"https:\/\/roveyayinevi.com.tr\/index.php\/urun\/mahsere-dek\/"},"modified":"2026-04-16T03:03:56","modified_gmt":"2026-04-16T00:03:56","slug":"mahsere-dek","status":"publish","type":"product","link":"https:\/\/roveyayinevi.com.tr\/index.php\/urun\/mahsere-dek\/","title":{"rendered":"Mah\u015fere Dek"},"content":{"rendered":"<p>Erdem kalesinin kalp diyar\u0131, duy sesimi dinle beni. G\u00f6n\u00fcl denen k\u00fcheylan su yerine a\u015fk adl\u0131 \u00fc\u00e7 harfte gizli olan \u00e2b-\u0131 hayat\u0131 i\u00e7erse ne olur bilir misin?   S\u00f6ylesene bana a\u015fka \u00e2\u015f\u0131k g\u00f6nl\u00fcm, A\u015eK adl\u0131 hecede \u015eifrelenen muammay\u0131 \u201cAllah, \u015e\u00fck\u00fcr ve Kader\u201d diye \u00e7\u00f6z\u00fcp O\u2019na teslim olduktan sonra mah\u015fere dek a\u015fk ate\u015fiyle yansa da k\u00fcle d\u00f6ner mi?   Sevgili sevgilidir; \u00e2\u015f\u0131k da \u00c2\u015f\u0131k lakin bu a\u015fk\u0131 g\u00f6n\u00fcl denen \u00e2leme koyan ger\u00e7ek ma\u015fuk unutulabilir mi?   Y\u00fcre\u011fim co\u015fan nehir a\u015fk\u0131n bene l\u00e2l eden, G\u00fclden vazge\u00e7ilir de, vazge\u00e7ilmez l\u00e2lden.Sana d\u00e2ir ya\u015fananlar; sana d\u00e2ir bu hayat\u2026Bil ki sensiz olacaksam duruversin bu saat. <\/p>\n","protected":false},"excerpt":{"rendered":"<p>Erdem kalesinin kalp diyar\u0131, duy sesimi dinle beni. G\u00f6n\u00fcl denen k\u00fcheylan su yerine a\u015fk adl\u0131 \u00fc\u00e7 harfte gizli olan \u00e2b-\u0131 hayat\u0131 i\u00e7erse ne olur bilir misin?<span class=\"excerpt-hellip\"> [\u2026]<\/span><\/p>\n","protected":false},"featured_media":0,"template":"","meta":{"_monsterinsights_skip_tracking":false,"_monsterinsights_sitenote_active":false,"_monsterinsights_sitenote_note":"","_monsterinsights_sitenote_category":0},"product_brand":[],"product_cat":[12291,12509],"product_tag":[],"class_list":{"0":"post-750619","1":"product","2":"type-product","3":"status-publish","5":"product_cat-edebiyat","6":"product_cat-siir","7":"pa_cilt-ciltsiz","8":"pa_tur-kitap","9":"pa_yayinevi-semenderkitap-yayinlari","10":"pa_yazar-mehmet-nuri-parmaksiz","12":"first","13":"instock","14":"sale","15":"shipping-taxable","16":"purchasable","17":"product-type-simple"},"_links":{"self":[{"href":"https:\/\/roveyayinevi.com.tr\/index.php\/wp-json\/wp\/v2\/product\/750619","targetHints":{"allow":["GET"]}}],"collection":[{"href":"https:\/\/roveyayinevi.com.tr\/index.php\/wp-json\/wp\/v2\/product"}],"about":[{"href":"https:\/\/roveyayinevi.com.tr\/index.php\/wp-json\/wp\/v2\/types\/product"}],"wp:attachment":[{"href":"https:\/\/roveyayinevi.com.tr\/index.php\/wp-json\/wp\/v2\/media?parent=750619"}],"wp:term":[{"taxonomy":"product_brand","embeddable":true,"href":"https:\/\/roveyayinevi.com.tr\/index.php\/wp-json\/wp\/v2\/product_brand?post=750619"},{"taxonomy":"product_cat","embeddable":true,"href":"https:\/\/roveyayinevi.com.tr\/index.php\/wp-json\/wp\/v2\/product_cat?post=750619"},{"taxonomy":"product_tag","embeddable":true,"href":"https:\/\/roveyayinevi.com.tr\/index.php\/wp-json\/wp\/v2\/product_tag?post=750619"}],"curies":[{"name":"wp","href":"https:\/\/api.w.org\/{rel}","templated":true}]}}