{"id":750617,"date":"2025-08-28T04:25:05","date_gmt":"2025-08-28T01:25:05","guid":{"rendered":"https:\/\/roveyayinevi.com.tr\/index.php\/urun\/her-anne-bir-melektir-2\/"},"modified":"2026-04-16T03:03:56","modified_gmt":"2026-04-16T00:03:56","slug":"her-anne-bir-melektir-2","status":"publish","type":"product","link":"https:\/\/roveyayinevi.com.tr\/index.php\/urun\/her-anne-bir-melektir-2\/","title":{"rendered":"Her Anne Bir Melektir"},"content":{"rendered":"<p>&#8220;Ba\u015f\u0131m\u0131z\u0131n tac\u0131s\u0131n, bizdeki yerin kutsal. Ho\u015fg\u00f6r\u00fcnle \u00f6rneksin, bals\u0131n, peteksin anne. Ne s\u00f6ylesem de yetmez, sen her daim mutlu kal. Yerin ki doldurulmaz her \u015feyde teksin anne.&#8221; \u201cA\u011flarsa anam a\u011flar, gerisi yalan a\u011flar\u201d demi\u015f eskiler. Ne kadar g\u00fczel demi\u015fler. Bu s\u00f6z annelerden ba\u015fka kimseye de uymaz herhalde. Her dertleni\u015fimizde, her \u0131st\u0131rap \u00e7eki\u015fimizde, her kederlendi\u011fimizde akl\u0131m\u0131za annemiz gelir. O y\u00fczdendir ki, anne duas\u0131 alarak cennetin kap\u0131s\u0131n\u0131 aralayanlara ya\u015fam\u0131n en g\u00fc\u00e7l\u00fc kilitleri bile kar\u015f\u0131 koyamaz! Annemizi \u00e7ok severiz ama ya\u015fam\u0131n prati\u011fine dair onunla hi\u00e7bir \u015fey payla\u015fmad\u0131\u011f\u0131m\u0131z\u0131 ona en \u00e7ok ihtiyac\u0131m\u0131z oldu\u011fu zaman fark ederiz ve bundan da tarifsiz ac\u0131lar duyar\u0131z. Toplumsal sanc\u0131lar\u0131m\u0131z\u0131n, artan su\u00e7 oranlar\u0131n\u0131n \u00e7\u00f6z\u00fcm\u00fc de sadece ve sadece annelerin elindedir. &#8220;\u00c7ocuklar her hatalar\u0131nda, pi\u015fmanl\u0131kla gelip analar\u0131n\u0131n g\u00f6zlerine bakt\u0131\u011f\u0131nda, o bak\u0131\u015flar anan\u0131n ta kalbine i\u015fler. \u0130\u015fte o an ana, \u201cGel yavrum bir daha olmas\u0131n\u201d diyerek \u00e7ocu\u011funu ba\u011fr\u0131na basar.&#8221; A\u015fk\u0131n G\u00f6zya\u015flar\u0131 serisiyle milyonlar\u0131 mest eden Sinan Ya\u011fmur bu kez annelerimizi anlat\u0131yor. Her annenin bir melek oldu\u011funu ve insan ya\u015fam\u0131n\u0131 nas\u0131l \u015fekillendirdi\u011fini muazzam bir dille dile getiriyor. <\/p>\n","protected":false},"excerpt":{"rendered":"<p>&#8220;Ba\u015f\u0131m\u0131z\u0131n tac\u0131s\u0131n, bizdeki yerin kutsal. Ho\u015fg\u00f6r\u00fcnle \u00f6rneksin, bals\u0131n, peteksin anne. Ne s\u00f6ylesem de yetmez, sen her daim mutlu kal. Yerin ki doldurulmaz her \u015feyde teksin anne.&#8221;<span class=\"excerpt-hellip\"> [\u2026]<\/span><\/p>\n","protected":false},"featured_media":0,"template":"","meta":{"_monsterinsights_skip_tracking":false,"_monsterinsights_sitenote_active":false,"_monsterinsights_sitenote_note":"","_monsterinsights_sitenote_category":0},"product_brand":[],"product_cat":[18545,12291],"product_tag":[],"class_list":{"0":"post-750617","1":"product","2":"type-product","3":"status-publish","5":"product_cat-anlati","6":"product_cat-edebiyat","7":"pa_cilt-ciltsiz","8":"pa_tur-kitap","9":"pa_yayinevi-korkut-yayinlari","10":"pa_yazar-sinan-yagmur","12":"first","13":"instock","14":"sale","15":"shipping-taxable","16":"purchasable","17":"product-type-simple"},"_links":{"self":[{"href":"https:\/\/roveyayinevi.com.tr\/index.php\/wp-json\/wp\/v2\/product\/750617","targetHints":{"allow":["GET"]}}],"collection":[{"href":"https:\/\/roveyayinevi.com.tr\/index.php\/wp-json\/wp\/v2\/product"}],"about":[{"href":"https:\/\/roveyayinevi.com.tr\/index.php\/wp-json\/wp\/v2\/types\/product"}],"wp:attachment":[{"href":"https:\/\/roveyayinevi.com.tr\/index.php\/wp-json\/wp\/v2\/media?parent=750617"}],"wp:term":[{"taxonomy":"product_brand","embeddable":true,"href":"https:\/\/roveyayinevi.com.tr\/index.php\/wp-json\/wp\/v2\/product_brand?post=750617"},{"taxonomy":"product_cat","embeddable":true,"href":"https:\/\/roveyayinevi.com.tr\/index.php\/wp-json\/wp\/v2\/product_cat?post=750617"},{"taxonomy":"product_tag","embeddable":true,"href":"https:\/\/roveyayinevi.com.tr\/index.php\/wp-json\/wp\/v2\/product_tag?post=750617"}],"curies":[{"name":"wp","href":"https:\/\/api.w.org\/{rel}","templated":true}]}}