{"id":750615,"date":"2025-08-28T04:25:02","date_gmt":"2025-08-28T01:25:02","guid":{"rendered":"https:\/\/roveyayinevi.com.tr\/index.php\/urun\/iklim-adaleti\/"},"modified":"2026-04-16T03:03:56","modified_gmt":"2026-04-16T00:03:56","slug":"iklim-adaleti","status":"publish","type":"product","link":"https:\/\/roveyayinevi.com.tr\/index.php\/urun\/iklim-adaleti\/","title":{"rendered":"\u0130klim Adaleti"},"content":{"rendered":"<p>K\u00fcresel iklim de\u011fi\u015fikli\u011fi, buzullar\u0131n erimesi, deniz seviyesinin y\u00fckselmesi, d\u00fczensiz ya\u011f\u0131\u015f rejimleri, salg\u0131n hastal\u0131klar gibi do\u011fal afetler yan\u0131nda k\u0131tl\u0131k, yoksulluk, kitlesel g\u00f6\u00e7, siyasi karga\u015fa, adaletsiz risk payla\u015f\u0131m\u0131 gibi toplumsal sorunlar \u00fcretmektedir. Bilim insanlar\u0131n\u0131n ortaya koydu\u011fu bulgular, insanl\u0131\u011f\u0131n ortak sorunu olan iklim de\u011fi\u015fikli\u011fiyle m\u00fccadelede, k\u00fcresel d\u00fczeyde kolektif bir \u00e7aban\u0131n ortaya konmas\u0131n\u0131n ka\u00e7\u0131n\u0131lamaz oldu\u011funu g\u00f6stermektedir.   T\u00fcrkiye\u2019nin de taraf oldu\u011fu Paris Anla\u015fmas\u0131 ba\u015fta olmak \u00fczere, k\u00fcresel \u00f6l\u00e7ekte s\u00fcrd\u00fcr\u00fclen giri\u015fimlerin iklim de\u011fi\u015fikli\u011fi ile m\u00fccadelede yetersiz kald\u0131\u011f\u0131, \u00f6zellikle toplumlar aras\u0131nda adalet ve e\u015fitli\u011fi sa\u011flamad\u0131\u011f\u0131 konusunda endi\u015feler mevcuttur. Geli\u015fmi\u015f ve zengin toplumlar\u0131n \u00e7\u0131kar\u0131n\u0131 g\u00f6zeten politikalar nedeniyle, az geli\u015fmi\u015f ve fakir toplumlar\u0131n maruz kald\u0131\u011f\u0131 haks\u0131zl\u0131klar, iklim de\u011fi\u015fikli\u011fi ile ba\u011flant\u0131l\u0131 konularda daha a\u00e7\u0131k bi\u00e7imde g\u00f6r\u00fclmektedir.   Az kirleten konumundaki \u00fclkelerin, iklim de\u011fi\u015fikli\u011finden daha fazla zarar g\u00f6rmesi, uluslararas\u0131 boyutlar\u0131 olan \u201ciklim adaleti\u201d kavram\u0131n\u0131 g\u00fcndeme getirmi\u015ftir. 25 akademisyenin kolektif \u00e7abas\u0131n\u0131n \u00fcr\u00fcn\u00fc olan \u0130klim Adaleti kitab\u0131nda, kavram b\u00fct\u00fcn boyutlar\u0131yla tart\u0131\u015f\u0131larak, k\u00fcresel planda temiz bir gelecek ve adil bir uluslararas\u0131 d\u00fczen tesisi i\u00e7in at\u0131lmas\u0131 gereken samimi ad\u0131mlara dikkat \u00e7ekilmektedir.<\/p>\n","protected":false},"excerpt":{"rendered":"<p>K\u00fcresel iklim de\u011fi\u015fikli\u011fi, buzullar\u0131n erimesi, deniz seviyesinin y\u00fckselmesi, d\u00fczensiz ya\u011f\u0131\u015f rejimleri, salg\u0131n hastal\u0131klar gibi do\u011fal afetler yan\u0131nda k\u0131tl\u0131k, yoksulluk, kitlesel g\u00f6\u00e7, siyasi karga\u015fa, adaletsiz risk payla\u015f\u0131m\u0131<span class=\"excerpt-hellip\"> [\u2026]<\/span><\/p>\n","protected":false},"featured_media":0,"template":"","meta":{"_monsterinsights_skip_tracking":false,"_monsterinsights_sitenote_active":false,"_monsterinsights_sitenote_note":"","_monsterinsights_sitenote_category":0},"product_brand":[],"product_cat":[12325,12324],"product_tag":[],"class_list":{"0":"post-750615","1":"product","2":"type-product","3":"status-publish","5":"product_cat-diger-sosyoloji","6":"product_cat-sosyoloji","7":"pa_cilt-ciltsiz","8":"pa_tur-kitap","9":"pa_yayinevi-idealkent-yayincilik","10":"pa_yazar-sukru-karatepe","12":"first","13":"instock","14":"sale","15":"shipping-taxable","16":"purchasable","17":"product-type-simple"},"_links":{"self":[{"href":"https:\/\/roveyayinevi.com.tr\/index.php\/wp-json\/wp\/v2\/product\/750615","targetHints":{"allow":["GET"]}}],"collection":[{"href":"https:\/\/roveyayinevi.com.tr\/index.php\/wp-json\/wp\/v2\/product"}],"about":[{"href":"https:\/\/roveyayinevi.com.tr\/index.php\/wp-json\/wp\/v2\/types\/product"}],"wp:attachment":[{"href":"https:\/\/roveyayinevi.com.tr\/index.php\/wp-json\/wp\/v2\/media?parent=750615"}],"wp:term":[{"taxonomy":"product_brand","embeddable":true,"href":"https:\/\/roveyayinevi.com.tr\/index.php\/wp-json\/wp\/v2\/product_brand?post=750615"},{"taxonomy":"product_cat","embeddable":true,"href":"https:\/\/roveyayinevi.com.tr\/index.php\/wp-json\/wp\/v2\/product_cat?post=750615"},{"taxonomy":"product_tag","embeddable":true,"href":"https:\/\/roveyayinevi.com.tr\/index.php\/wp-json\/wp\/v2\/product_tag?post=750615"}],"curies":[{"name":"wp","href":"https:\/\/api.w.org\/{rel}","templated":true}]}}