{"id":750614,"date":"2025-08-28T04:25:01","date_gmt":"2025-08-28T01:25:01","guid":{"rendered":"https:\/\/roveyayinevi.com.tr\/index.php\/urun\/asilar\/"},"modified":"2026-04-16T03:03:56","modified_gmt":"2026-04-16T00:03:56","slug":"asilar","status":"publish","type":"product","link":"https:\/\/roveyayinevi.com.tr\/index.php\/urun\/asilar\/","title":{"rendered":"A\u015f\u0131lar"},"content":{"rendered":"<p>Ba\u011f\u0131\u015f\u0131kl\u0131k sistemimiz do\u011fdu\u011fumuz andan itibaren v\u00fccudumuzu bir\u00e7ok zararl\u0131 mikroorganizmaya kar\u015f\u0131 korur. Ancak baz\u0131 durumlarda bu mikroorganizmalar ciddi hastal\u0131klara neden olabilir. Ba\u011f\u0131\u015f\u0131kl\u0131k sistemimizi bunlara kar\u015f\u0131 haz\u0131rl\u0131kl\u0131 h\u00e2le getirmek \u00f6nemlidir. Bunun i\u00e7in a\u015f\u0131 oluruz. A\u015f\u0131lar, biz hasta olmadan \u00f6nce zararl\u0131 mikroorganizmalar\u0131n ba\u011f\u0131\u015f\u0131kl\u0131k sistemimize tan\u0131t\u0131lmas\u0131n\u0131 sa\u011flar. Bilimsel ara\u015ft\u0131rmalar sonucunda etkili ve g\u00fcvenli olduklar\u0131 kan\u0131tlanan a\u015f\u0131lar insanlara uygulanabilir. *** Zararl\u0131 mikroorganizmalar bizi nas\u0131l etkiler? Ba\u011f\u0131\u015f\u0131kl\u0131k sistemimiz bizi nas\u0131l korur? Neden a\u015f\u0131 olmal\u0131y\u0131z? A\u015f\u0131lar nas\u0131l geli\u015ftirilir, \u00e7e\u015fitleri nelerdir? Zaman i\u00e7indeki yolculuklar\u0131 nas\u0131l \u015fekillenmi\u015ftir? A\u015f\u0131lara dair bilmek isteyece\u011finiz her \u015fey A\u015f\u0131lar kitab\u0131nda sizi bekliyor. Tak\u0131my\u0131ld\u0131z\u2019\u0131n renkli galaksisinden s\u00fcz\u00fclen bu \u00e7al\u0131\u015fma bilim insanlar\u0131 Prof. Dr. Ate\u015f Kara, Prof. Dr. Ergin \u00c7ift\u00e7i, Dr. Pervin \u00d6zel\u00e7i ve Dr. Asl\u0131han Co\u015fkun\u2019un bilimsel i\u00e7erik haz\u0131rl\u0131\u011f\u0131 ve dan\u0131\u015fmanl\u0131\u011f\u0131 e\u015fli\u011finde sizinle bulu\u015fuyor. <\/p>\n","protected":false},"excerpt":{"rendered":"<p>Ba\u011f\u0131\u015f\u0131kl\u0131k sistemimiz do\u011fdu\u011fumuz andan itibaren v\u00fccudumuzu bir\u00e7ok zararl\u0131 mikroorganizmaya kar\u015f\u0131 korur. Ancak baz\u0131 durumlarda bu mikroorganizmalar ciddi hastal\u0131klara neden olabilir. Ba\u011f\u0131\u015f\u0131kl\u0131k sistemimizi bunlara kar\u015f\u0131 haz\u0131rl\u0131kl\u0131 h\u00e2le<span class=\"excerpt-hellip\"> [\u2026]<\/span><\/p>\n","protected":false},"featured_media":0,"template":"","meta":{"_monsterinsights_skip_tracking":false,"_monsterinsights_sitenote_active":false,"_monsterinsights_sitenote_note":"","_monsterinsights_sitenote_category":0},"product_brand":[],"product_cat":[13829,12274],"product_tag":[],"class_list":{"0":"post-750614","1":"product","2":"type-product","3":"status-publish","5":"product_cat-bilimsel-kitaplar","6":"product_cat-cocuk-ve-genclik-kitaplari","7":"pa_cilt-ciltsiz","8":"pa_tur-kitap","9":"pa_yayinevi-elma-cocuk","10":"pa_yazar-takimyildiz","12":"first","13":"instock","14":"sale","15":"shipping-taxable","16":"purchasable","17":"product-type-simple"},"_links":{"self":[{"href":"https:\/\/roveyayinevi.com.tr\/index.php\/wp-json\/wp\/v2\/product\/750614","targetHints":{"allow":["GET"]}}],"collection":[{"href":"https:\/\/roveyayinevi.com.tr\/index.php\/wp-json\/wp\/v2\/product"}],"about":[{"href":"https:\/\/roveyayinevi.com.tr\/index.php\/wp-json\/wp\/v2\/types\/product"}],"wp:attachment":[{"href":"https:\/\/roveyayinevi.com.tr\/index.php\/wp-json\/wp\/v2\/media?parent=750614"}],"wp:term":[{"taxonomy":"product_brand","embeddable":true,"href":"https:\/\/roveyayinevi.com.tr\/index.php\/wp-json\/wp\/v2\/product_brand?post=750614"},{"taxonomy":"product_cat","embeddable":true,"href":"https:\/\/roveyayinevi.com.tr\/index.php\/wp-json\/wp\/v2\/product_cat?post=750614"},{"taxonomy":"product_tag","embeddable":true,"href":"https:\/\/roveyayinevi.com.tr\/index.php\/wp-json\/wp\/v2\/product_tag?post=750614"}],"curies":[{"name":"wp","href":"https:\/\/api.w.org\/{rel}","templated":true}]}}