{"id":750613,"date":"2025-08-28T04:25:00","date_gmt":"2025-08-28T01:25:00","guid":{"rendered":"https:\/\/roveyayinevi.com.tr\/index.php\/urun\/kentlerde-kultur-sanat-yonetimi\/"},"modified":"2026-04-16T03:03:56","modified_gmt":"2026-04-16T00:03:56","slug":"kentlerde-kultur-sanat-yonetimi","status":"publish","type":"product","link":"https:\/\/roveyayinevi.com.tr\/index.php\/urun\/kentlerde-kultur-sanat-yonetimi\/","title":{"rendered":"Kentlerde K\u00fclt\u00fcr Sanat Y\u00f6netimi"},"content":{"rendered":"<p>Bu kitapta \u00e7\u00f6z\u00fcmleyici y\u00f6ntemler ba\u011flam\u0131nda sanat ve k\u00fclt\u00fcr olgular\u0131 ile kent ve belediyeler genel sosyolojinin kabul etti\u011fi disiplinler temelinde ele al\u0131nmaktad\u0131r. Bu bak\u0131mdan y\u00f6netsel bir birim olan belediyeler ile k\u00fclt\u00fcr-sanat faaliyetleri aras\u0131ndaki ili\u015fkinin niceli\u011fi ve niteli\u011fi klasik ve \u00e7a\u011fda\u015f tart\u0131\u015fmalara k\u00fclt\u00fcrel bir ba\u011flamda zemin te\u015fkil eden ve onlar\u0131 bir noktada birle\u015ftiren kent olgusu \u00fczerinden ara\u015ft\u0131r\u0131lm\u0131\u015ft\u0131r. Ekonomik, politik, bilimsel, sanatsal ve entelekt\u00fcel alanlardaki uygulama ve projeler yine kent ad\u0131 verilen sosyal mek\u00e2n \u00fczerinden i\u015flem g\u00f6rmekte ve sonu\u00e7lar\u0131 bak\u0131m\u0131ndan da bu mek\u00e2n \u00fczerinden de\u011ferlendirilmektedir. \u00c7al\u0131\u015fman\u0131n tamam\u0131nda T\u00fcrkiye\u2019deki belediyelerin k\u00fclt\u00fcr-sanat alan\u0131ndaki etkinliklerine ula\u015fmak i\u00e7in tu\u0308mevar\u0131msal bir ara\u015ft\u0131rma sistemati\u011fi benimsenmi\u015ftir. Y\u00f6netim bilimi a\u00e7\u0131s\u0131ndan daha nesnel bir yer tutan sosyal politikalar\u0131n olu\u015fturulmas\u0131 ve ilgili alana kar\u015f\u0131 benimsenen yakla\u015f\u0131mlar\u0131n tarihi, ideolojik ve k\u00fclt\u00fcrel art alanlar\u0131 ara\u015ft\u0131r\u0131lm\u0131\u015ft\u0131r. Belediyelerin yereldeki g\u00f6revlerinin toplumsal ve ulusal bak\u0131mdan nas\u0131l bir de\u011fi\u015fime u\u011frad\u0131\u011f\u0131, bu de\u011fi\u015fim \u00fczerinde hangi etkenlerin rol oynad\u0131\u011f\u0131 cevap aranan sorular\u0131n ba\u015fl\u0131calar\u0131d\u0131r. Bu ama\u00e7la, T\u00fcrkiye\u2019de toplumsal tercihleri temsil eden siyasi partiler ile onlara ba\u011fl\u0131 belediyelerin i\u00e7erisinde belirli ko\u015fullar\u0131 sa\u011flayanlar aras\u0131ndan se\u00e7ilen belediyelerin ilgili alandaki etkinliklerine daha yak\u0131ndan bak\u0131lm\u0131\u015ft\u0131r. <\/p>\n","protected":false},"excerpt":{"rendered":"<p>Bu kitapta \u00e7\u00f6z\u00fcmleyici y\u00f6ntemler ba\u011flam\u0131nda sanat ve k\u00fclt\u00fcr olgular\u0131 ile kent ve belediyeler genel sosyolojinin kabul etti\u011fi disiplinler temelinde ele al\u0131nmaktad\u0131r. Bu bak\u0131mdan y\u00f6netsel bir birim<span class=\"excerpt-hellip\"> [\u2026]<\/span><\/p>\n","protected":false},"featured_media":0,"template":"","meta":{"_monsterinsights_skip_tracking":false,"_monsterinsights_sitenote_active":false,"_monsterinsights_sitenote_note":"","_monsterinsights_sitenote_category":0},"product_brand":[],"product_cat":[12337],"product_tag":[],"class_list":{"0":"post-750613","1":"product","2":"type-product","3":"status-publish","5":"product_cat-politika-siyaset","6":"pa_cilt-ciltsiz","7":"pa_tur-kitap","8":"pa_yayinevi-idealkent-yayincilik","9":"pa_yazar-fatih-cam","11":"first","12":"instock","13":"sale","14":"shipping-taxable","15":"purchasable","16":"product-type-simple"},"_links":{"self":[{"href":"https:\/\/roveyayinevi.com.tr\/index.php\/wp-json\/wp\/v2\/product\/750613","targetHints":{"allow":["GET"]}}],"collection":[{"href":"https:\/\/roveyayinevi.com.tr\/index.php\/wp-json\/wp\/v2\/product"}],"about":[{"href":"https:\/\/roveyayinevi.com.tr\/index.php\/wp-json\/wp\/v2\/types\/product"}],"wp:attachment":[{"href":"https:\/\/roveyayinevi.com.tr\/index.php\/wp-json\/wp\/v2\/media?parent=750613"}],"wp:term":[{"taxonomy":"product_brand","embeddable":true,"href":"https:\/\/roveyayinevi.com.tr\/index.php\/wp-json\/wp\/v2\/product_brand?post=750613"},{"taxonomy":"product_cat","embeddable":true,"href":"https:\/\/roveyayinevi.com.tr\/index.php\/wp-json\/wp\/v2\/product_cat?post=750613"},{"taxonomy":"product_tag","embeddable":true,"href":"https:\/\/roveyayinevi.com.tr\/index.php\/wp-json\/wp\/v2\/product_tag?post=750613"}],"curies":[{"name":"wp","href":"https:\/\/api.w.org\/{rel}","templated":true}]}}