{"id":750612,"date":"2025-08-28T04:24:58","date_gmt":"2025-08-28T01:24:58","guid":{"rendered":"https:\/\/roveyayinevi.com.tr\/index.php\/urun\/kara-eylulun-kirdigi-guller\/"},"modified":"2026-04-16T03:03:56","modified_gmt":"2026-04-16T00:03:56","slug":"kara-eylulun-kirdigi-guller","status":"publish","type":"product","link":"https:\/\/roveyayinevi.com.tr\/index.php\/urun\/kara-eylulun-kirdigi-guller\/","title":{"rendered":"Kara Eyl\u00fcl&#8217;\u00fcn K\u0131rd\u0131\u011f\u0131 G\u00fcller"},"content":{"rendered":"<p>\u201cHepsi \u015fahs\u0131na m\u00fcnhas\u0131r \u00f6zel \u00fcretilmi\u015f, yokluklar i\u00e7inde yeti\u015fmi\u015f, yaral\u0131 bir nesil&#8230; Kim bunlar? 1950 ile 1970 y\u0131llar\u0131 aras\u0131nda bu d\u00fcnyaya merhaba demi\u015f en genci 50, en delikanl\u0131s\u0131 70 ya\u015f\u0131nda bir nesil\u2026 H\u00e2l\u00e2 18\u2019lik deli taylar gibi ideallerinin pe\u015finden ko\u015fan hesaps\u0131z bir nesil\u2026 Evlerinde inek beslense de okulda ABD&#8217;den gelen s\u00fct tozu i\u00e7irilen bir garip nesil&#8230; Hi\u00e7biri kre\u015f, dershane, \u00f6zel okul g\u00f6rmeyen ama hepsi profes\u00f6rlere ders verecek kadar bilgi sahibi; bug\u00fcnk\u00fc siyasilere siyaset dersi verecek kadar donan\u0131ml\u0131; bakanl\u0131k, hatta ba\u015fbakanl\u0131k yapabilecek kadar liyakatli ama hi\u00e7bir makama talip olmayan tuhaf bir nesil&#8230;\u201d *** Bu kitapta bir neslin duru\u015funu, sevincini ve h\u00fczn\u00fcn\u00fc, heyecan\u0131n\u0131 ve co\u015fkusunu, kavgalar\u0131n\u0131 ve m\u00fccadelelerini; eza ve cefas\u0131n\u0131 ya\u015fayan bir kalem erbab\u0131n\u0131n samimi anlat\u0131m\u0131yla okuyacak, ge\u00e7mi\u015fe yolculuk yaparak adeta o g\u00fcnleri tekrar ya\u015fayacaks\u0131n\u0131z. Keyifli okumalar\u2026 <\/p>\n","protected":false},"excerpt":{"rendered":"<p>\u201cHepsi \u015fahs\u0131na m\u00fcnhas\u0131r \u00f6zel \u00fcretilmi\u015f, yokluklar i\u00e7inde yeti\u015fmi\u015f, yaral\u0131 bir nesil&#8230; Kim bunlar? 1950 ile 1970 y\u0131llar\u0131 aras\u0131nda bu d\u00fcnyaya merhaba demi\u015f en genci 50, en<span class=\"excerpt-hellip\"> [\u2026]<\/span><\/p>\n","protected":false},"featured_media":0,"template":"","meta":{"_monsterinsights_skip_tracking":false,"_monsterinsights_sitenote_active":false,"_monsterinsights_sitenote_note":"","_monsterinsights_sitenote_category":0},"product_brand":[],"product_cat":[12777,12291],"product_tag":[],"class_list":{"0":"post-750612","1":"product","2":"type-product","3":"status-publish","5":"product_cat-deneme","6":"product_cat-edebiyat","7":"pa_cilt-ciltsiz","8":"pa_tur-kitap","9":"pa_yayinevi-cinaralti-yayinlari","10":"pa_yazar-mevlut-kaleli","12":"first","13":"instock","14":"sale","15":"shipping-taxable","16":"purchasable","17":"product-type-simple"},"_links":{"self":[{"href":"https:\/\/roveyayinevi.com.tr\/index.php\/wp-json\/wp\/v2\/product\/750612","targetHints":{"allow":["GET"]}}],"collection":[{"href":"https:\/\/roveyayinevi.com.tr\/index.php\/wp-json\/wp\/v2\/product"}],"about":[{"href":"https:\/\/roveyayinevi.com.tr\/index.php\/wp-json\/wp\/v2\/types\/product"}],"wp:attachment":[{"href":"https:\/\/roveyayinevi.com.tr\/index.php\/wp-json\/wp\/v2\/media?parent=750612"}],"wp:term":[{"taxonomy":"product_brand","embeddable":true,"href":"https:\/\/roveyayinevi.com.tr\/index.php\/wp-json\/wp\/v2\/product_brand?post=750612"},{"taxonomy":"product_cat","embeddable":true,"href":"https:\/\/roveyayinevi.com.tr\/index.php\/wp-json\/wp\/v2\/product_cat?post=750612"},{"taxonomy":"product_tag","embeddable":true,"href":"https:\/\/roveyayinevi.com.tr\/index.php\/wp-json\/wp\/v2\/product_tag?post=750612"}],"curies":[{"name":"wp","href":"https:\/\/api.w.org\/{rel}","templated":true}]}}