{"id":750610,"date":"2025-08-28T04:24:54","date_gmt":"2025-08-28T01:24:54","guid":{"rendered":"https:\/\/roveyayinevi.com.tr\/index.php\/urun\/kuytu\/"},"modified":"2026-04-16T03:03:56","modified_gmt":"2026-04-16T00:03:56","slug":"kuytu","status":"publish","type":"product","link":"https:\/\/roveyayinevi.com.tr\/index.php\/urun\/kuytu\/","title":{"rendered":"Kuytu"},"content":{"rendered":"<p>\u201c\u00c7arpmad\u0131\u011f\u0131n bir bedende ne i\u015fe yarars\u0131n kalp?Ben sana, \u201c\u00c7arp!\u201d diyorum,sen atmaktan bahsediyorsun&#8230;\u201d Hayata en zor yerinden ba\u015flayan k\u00fc\u00e7\u00fck bir \u00e7ocuk Ediz. On ya\u015f\u0131ndayken annesi, babas\u0131 taraf\u0131ndan g\u00f6zleri \u00f6n\u00fcnde \u00f6ld\u00fcr\u00fcl\u00fcnce yetimhane g\u00fcnleri ba\u015flar. Yetimhanede ayn\u0131 kaderi payla\u015ft\u0131\u011f\u0131 \u00e7ocuklarla kendine yeni bir aile kuran Ediz\u2019in ilkokul \u00f6\u011fretmeni kendisini evlatl\u0131k almak isteyince hayat\u0131 de\u011fi\u015fir. Yirmili ya\u015flar\u0131na geldi\u011findeyse art\u0131k \u00fclke \u00e7ap\u0131nda \u00e7ok \u00fcnl\u00fc bir isimdir. Ancak her \u015fey r\u00fcya gibi giderken hayat\u0131n ona oynad\u0131\u011f\u0131 oyun hen\u00fcz bitmemi\u015ftir ve ya\u015fam\u0131 tekrar karanl\u0131\u011fa g\u00f6m\u00fcl\u00fcr. Art\u0131k eski Ediz yoktur, bir daha da hi\u00e7bir \u015fey eskisi gibi olmayacakt\u0131r. Ta ki onun orman ye\u015fili g\u00f6zlerinde a\u015fkla kaybolana kadar&#8230;\u201cBen topra\u011fa ekilen isyan tohumunun bir filiziyim. Her g\u00fcne\u015f g\u00f6rd\u00fc\u011f\u00fcnde daha da olgunla\u015fan intikam duygusunun sesiyim. En g\u00fczel mevsimde ya\u011fan ya\u011fmurum, bir sonbahar gecesi esen poyraz, bir bahar gecesi yere d\u00fc\u015fen doluyum. Sa\u011fanak ya\u011f\u0131\u015f\u0131m barajlara s\u0131\u011fmayan, sel olup denize kar\u0131\u015fan terk edilmi\u015f bir gemiyim. F\u0131rt\u0131nay\u0131m ben, y\u0131ld\u0131r\u0131m\u0131m, \u015fim\u015fe\u011fim. G\u00f6kleri yar\u0131p inen g\u00f6k g\u00fcr\u00fclt\u00fcs\u00fcy\u00fcm. Kendimi bildim bileli akl\u0131 ile y\u00fcre\u011fi sava\u015f halinde olan bir i\u00e7sava\u015f ma\u011fduruyum. Kinim ben, \u00f6fkeyim, nefretim! A\u011f\u0131z dolusu k\u00fcf\u00fcr\u00fcm sessizli\u011fimde. \u00c7in Seddi\u2019nden daha da geni\u015f duvarlar\u0131n sahibiyim. Heyelan\u0131m ben hayalleri yerle yeksan eden. Uykunun en g\u00fczel yerinde korkuyu iliklerine saplayan depremim.\u201d<\/p>\n","protected":false},"excerpt":{"rendered":"<p>\u201c\u00c7arpmad\u0131\u011f\u0131n bir bedende ne i\u015fe yarars\u0131n kalp?Ben sana, \u201c\u00c7arp!\u201d diyorum,sen atmaktan bahsediyorsun&#8230;\u201d Hayata en zor yerinden ba\u015flayan k\u00fc\u00e7\u00fck bir \u00e7ocuk Ediz. On ya\u015f\u0131ndayken annesi, babas\u0131 taraf\u0131ndan<span class=\"excerpt-hellip\"> [\u2026]<\/span><\/p>\n","protected":false},"featured_media":0,"template":"","meta":{"_monsterinsights_skip_tracking":false,"_monsterinsights_sitenote_active":false,"_monsterinsights_sitenote_note":"","_monsterinsights_sitenote_category":0},"product_brand":[],"product_cat":[12291,12711],"product_tag":[],"class_list":{"0":"post-750610","1":"product","2":"type-product","3":"status-publish","5":"product_cat-edebiyat","6":"product_cat-roman-oyku","7":"pa_cilt-ciltsiz","8":"pa_tur-kitap","9":"pa_yayinevi-nemesis-kitap","10":"pa_yazar-murat-tavli","12":"first","13":"instock","14":"sale","15":"shipping-taxable","16":"purchasable","17":"product-type-simple"},"_links":{"self":[{"href":"https:\/\/roveyayinevi.com.tr\/index.php\/wp-json\/wp\/v2\/product\/750610","targetHints":{"allow":["GET"]}}],"collection":[{"href":"https:\/\/roveyayinevi.com.tr\/index.php\/wp-json\/wp\/v2\/product"}],"about":[{"href":"https:\/\/roveyayinevi.com.tr\/index.php\/wp-json\/wp\/v2\/types\/product"}],"wp:attachment":[{"href":"https:\/\/roveyayinevi.com.tr\/index.php\/wp-json\/wp\/v2\/media?parent=750610"}],"wp:term":[{"taxonomy":"product_brand","embeddable":true,"href":"https:\/\/roveyayinevi.com.tr\/index.php\/wp-json\/wp\/v2\/product_brand?post=750610"},{"taxonomy":"product_cat","embeddable":true,"href":"https:\/\/roveyayinevi.com.tr\/index.php\/wp-json\/wp\/v2\/product_cat?post=750610"},{"taxonomy":"product_tag","embeddable":true,"href":"https:\/\/roveyayinevi.com.tr\/index.php\/wp-json\/wp\/v2\/product_tag?post=750610"}],"curies":[{"name":"wp","href":"https:\/\/api.w.org\/{rel}","templated":true}]}}