{"id":750608,"date":"2025-08-28T04:24:50","date_gmt":"2025-08-28T01:24:50","guid":{"rendered":"https:\/\/roveyayinevi.com.tr\/index.php\/urun\/isik-ve-ses-muzesi\/"},"modified":"2026-04-16T03:03:56","modified_gmt":"2026-04-16T00:03:56","slug":"isik-ve-ses-muzesi","status":"publish","type":"product","link":"https:\/\/roveyayinevi.com.tr\/index.php\/urun\/isik-ve-ses-muzesi\/","title":{"rendered":"I\u015f\u0131k ve Ses M\u00fczesi"},"content":{"rendered":"<p>Bilimin izindeki reng\u00e2renk sayfalar \u00e7o\u011fal\u0131yor, ne\u015fe da\u011f\u0131tmaya devam ediyor. Bilim Apartman\u0131 ve Matematik Park\u0131\u2019ndan sonraki dura\u011f\u0131m\u0131z I\u015f\u0131k ve Ses M\u00fczesi. \u0130\u00e7erisi yine dopdolu: dalga makinesi, puslu labirent, konu\u015fkan yaylar, g\u00f6r\u00fclebilen sesler, f\u0131s\u0131lt\u0131 \u00e7ana\u011f\u0131, el yap\u0131m\u0131 g\u00f6kku\u015fa\u011f\u0131\u2026 Ohoo, say say bitmez. Her k\u00f6\u015fede ba\u015fka bir ke\u015fif, ba\u015fka bir e\u011flence. Ah, az daha unutuyorduk. Duvarlardan birine yans\u0131yan dinozor g\u00f6lgesine ne demeli? Evet, belki k\u0131k\u0131rdayan kocaman bir dinozor da g\u00f6r\u00fcr\u00fcz bu m\u00fczede. Haydi i\u00e7eri gelin. *** Bug\u00fcn m\u00fczeye gezi var&#8230; I\u015f\u0131k ve Ses M\u00fczesini ziyarete gelen d\u00f6rt arkada\u015f Limon, Nar\u00e7i\u00e7e\u011fi, \u015e\u0131p\u015f\u0131p ve Misket biletlerini ald\u0131ktan sonra heyecanla kap\u0131ya y\u00f6neldiler. Sergileri g\u00f6rmek i\u00e7in sab\u0131rs\u0131zlan\u0131yorlard\u0131. Onlar\u0131 m\u00fcze giri\u015finde bir k\u00f6pek kar\u015f\u0131lad\u0131. Ad\u0131 \u00c7eyrek olan bu sevimli k\u00f6pek uzun zamand\u0131r burada ya\u015f\u0131yordu. M\u00fczeyi gezenlere e\u015flik ediyordu&#8230; <\/p>\n","protected":false},"excerpt":{"rendered":"<p>Bilimin izindeki reng\u00e2renk sayfalar \u00e7o\u011fal\u0131yor, ne\u015fe da\u011f\u0131tmaya devam ediyor. Bilim Apartman\u0131 ve Matematik Park\u0131\u2019ndan sonraki dura\u011f\u0131m\u0131z I\u015f\u0131k ve Ses M\u00fczesi. \u0130\u00e7erisi yine dopdolu: dalga makinesi, puslu<span class=\"excerpt-hellip\"> [\u2026]<\/span><\/p>\n","protected":false},"featured_media":0,"template":"","meta":{"_monsterinsights_skip_tracking":false,"_monsterinsights_sitenote_active":false,"_monsterinsights_sitenote_note":"","_monsterinsights_sitenote_category":0},"product_brand":[],"product_cat":[13829,12274],"product_tag":[],"class_list":{"0":"post-750608","1":"product","2":"type-product","3":"status-publish","5":"product_cat-bilimsel-kitaplar","6":"product_cat-cocuk-ve-genclik-kitaplari","7":"pa_cilt-ciltsiz","8":"pa_tur-kitap","9":"pa_yayinevi-elma-cocuk","10":"pa_yazar-takimyildiz","12":"first","13":"instock","14":"sale","15":"shipping-taxable","16":"purchasable","17":"product-type-simple"},"_links":{"self":[{"href":"https:\/\/roveyayinevi.com.tr\/index.php\/wp-json\/wp\/v2\/product\/750608","targetHints":{"allow":["GET"]}}],"collection":[{"href":"https:\/\/roveyayinevi.com.tr\/index.php\/wp-json\/wp\/v2\/product"}],"about":[{"href":"https:\/\/roveyayinevi.com.tr\/index.php\/wp-json\/wp\/v2\/types\/product"}],"wp:attachment":[{"href":"https:\/\/roveyayinevi.com.tr\/index.php\/wp-json\/wp\/v2\/media?parent=750608"}],"wp:term":[{"taxonomy":"product_brand","embeddable":true,"href":"https:\/\/roveyayinevi.com.tr\/index.php\/wp-json\/wp\/v2\/product_brand?post=750608"},{"taxonomy":"product_cat","embeddable":true,"href":"https:\/\/roveyayinevi.com.tr\/index.php\/wp-json\/wp\/v2\/product_cat?post=750608"},{"taxonomy":"product_tag","embeddable":true,"href":"https:\/\/roveyayinevi.com.tr\/index.php\/wp-json\/wp\/v2\/product_tag?post=750608"}],"curies":[{"name":"wp","href":"https:\/\/api.w.org\/{rel}","templated":true}]}}