{"id":750607,"date":"2025-08-28T04:24:49","date_gmt":"2025-08-28T01:24:49","guid":{"rendered":"https:\/\/roveyayinevi.com.tr\/index.php\/urun\/volatilite-analizleri\/"},"modified":"2026-04-16T03:03:56","modified_gmt":"2026-04-16T00:03:56","slug":"volatilite-analizleri","status":"publish","type":"product","link":"https:\/\/roveyayinevi.com.tr\/index.php\/urun\/volatilite-analizleri\/","title":{"rendered":"Volatilite Analizleri"},"content":{"rendered":"<p>\u0130\u00e7indekiler     B\u00d6L\u00dcM 1 D\u00d6V\u0130Z KURU \u0130LE BIST\u2019DE \u0130\u015eLEM G\u00d6REN S\u0130GORTA \u015e\u0130RKETLER\u0130N\u0130N H\u0130SSE SENED\u0130 GET\u0130R\u0130LER\u0130 ARASINDAK\u0130 OYNAKLIK YAYILIMLARI: CCC-GARCH MODEL\u0130 (2002-2022)   B\u00d6L\u00dcM 2 TAKV\u0130M ANOMAL\u0130LER\u0130N\u0130N BIST 100 ENDEKS VOLAT\u0130L\u0130TES\u0130 \u00dcZER\u0130NDEK\u0130 ETK\u0130S\u0130N\u0130N ARA\u015eTIRILMASI   B\u00d6L\u00dcM 3 VIX KORKU ENDEKS\u0130 \u0130LE T\u00dcRK\u0130YE\u2019DEK\u0130 KATILIM ENDEKS\u0130 ARASINDAK\u0130 VOLAT\u0130L\u0130TE AKTARIMI   B\u00d6L\u00dcM 4 D\u00d6V\u0130Z KURU, ULA\u015eTIRMA VE TUR\u0130ZM ENDEKSLER\u0130 ARASINDAK\u0130 VOLAT\u0130L\u0130TE YAYILIMININ ANAL\u0130Z\u0130   B\u00d6L\u00dcM 5 T\u00dcRK\u0130YE\u2019DEK\u0130 B\u0130REYSEL EMEKL\u0130L\u0130K S\u0130STEM\u0130 YATIRIM FONLARININ VOLAT\u0130L\u0130TES\u0130N\u0130N GARCH A\u0130LES\u0130 MODELLER \u0130LE \u0130NCELENMES\u0130 (2018-2022) <\/p>\n","protected":false},"excerpt":{"rendered":"<p>\u0130\u00e7indekiler B\u00d6L\u00dcM 1 D\u00d6V\u0130Z KURU \u0130LE BIST\u2019DE \u0130\u015eLEM G\u00d6REN S\u0130GORTA \u015e\u0130RKETLER\u0130N\u0130N H\u0130SSE SENED\u0130 GET\u0130R\u0130LER\u0130 ARASINDAK\u0130 OYNAKLIK YAYILIMLARI: CCC-GARCH MODEL\u0130 (2002-2022) B\u00d6L\u00dcM 2 TAKV\u0130M ANOMAL\u0130LER\u0130N\u0130N BIST 100<span class=\"excerpt-hellip\"> [\u2026]<\/span><\/p>\n","protected":false},"featured_media":0,"template":"","meta":{"_monsterinsights_skip_tracking":false,"_monsterinsights_sitenote_active":false,"_monsterinsights_sitenote_note":"","_monsterinsights_sitenote_category":0},"product_brand":[],"product_cat":[13043],"product_tag":[],"class_list":{"0":"post-750607","1":"product","2":"type-product","3":"status-publish","5":"product_cat-ekonomi","6":"pa_cilt-ciltsiz","7":"pa_tur-kitap","8":"pa_yayinevi-gazi-kitabevi","9":"pa_yazar-kolektif","11":"first","12":"instock","13":"sale","14":"shipping-taxable","15":"purchasable","16":"product-type-simple"},"_links":{"self":[{"href":"https:\/\/roveyayinevi.com.tr\/index.php\/wp-json\/wp\/v2\/product\/750607","targetHints":{"allow":["GET"]}}],"collection":[{"href":"https:\/\/roveyayinevi.com.tr\/index.php\/wp-json\/wp\/v2\/product"}],"about":[{"href":"https:\/\/roveyayinevi.com.tr\/index.php\/wp-json\/wp\/v2\/types\/product"}],"wp:attachment":[{"href":"https:\/\/roveyayinevi.com.tr\/index.php\/wp-json\/wp\/v2\/media?parent=750607"}],"wp:term":[{"taxonomy":"product_brand","embeddable":true,"href":"https:\/\/roveyayinevi.com.tr\/index.php\/wp-json\/wp\/v2\/product_brand?post=750607"},{"taxonomy":"product_cat","embeddable":true,"href":"https:\/\/roveyayinevi.com.tr\/index.php\/wp-json\/wp\/v2\/product_cat?post=750607"},{"taxonomy":"product_tag","embeddable":true,"href":"https:\/\/roveyayinevi.com.tr\/index.php\/wp-json\/wp\/v2\/product_tag?post=750607"}],"curies":[{"name":"wp","href":"https:\/\/api.w.org\/{rel}","templated":true}]}}