{"id":750606,"date":"2025-08-28T04:24:48","date_gmt":"2025-08-28T01:24:48","guid":{"rendered":"https:\/\/roveyayinevi.com.tr\/index.php\/urun\/spor-bilimlerinde-olcme-ve-degerlendirme\/"},"modified":"2026-04-16T03:03:56","modified_gmt":"2026-04-16T00:03:56","slug":"spor-bilimlerinde-olcme-ve-degerlendirme","status":"publish","type":"product","link":"https:\/\/roveyayinevi.com.tr\/index.php\/urun\/spor-bilimlerinde-olcme-ve-degerlendirme\/","title":{"rendered":"Spor Bilimlerinde \u00d6l\u00e7me ve De\u011ferlendirme"},"content":{"rendered":"<p>\u0130\u00e7indekiler     B\u00d6L\u00dcM 1 1. SPOR B\u0130L\u0130MLER\u0130N\u0130N GEL\u0130\u015e\u0130M\u0130   B\u00d6L\u00dcM 2 2. SPOR B\u0130L\u0130MLER\u0130NDE ANAL\u0130T\u0130K DERECEL\u0130 PUANLAMA ANAHTARLARI   B\u00d6L\u00dcM 3 3. DERECELEME (DE\u011eERLEND\u0130RME) \u00d6L\u00c7EKLER\u0130   B\u00d6L\u00dcM 4 4. SPOR B\u0130L\u0130MLER\u0130NDE DERECEL\u0130 PUANLAMA ANAHTARI VE DERECELEME \u00d6L\u00c7EKLER\u0130N\u0130N FARKLI KULLANIM ALANLARI<\/p>\n","protected":false},"excerpt":{"rendered":"<p>\u0130\u00e7indekiler B\u00d6L\u00dcM 1 1. SPOR B\u0130L\u0130MLER\u0130N\u0130N GEL\u0130\u015e\u0130M\u0130 B\u00d6L\u00dcM 2 2. SPOR B\u0130L\u0130MLER\u0130NDE ANAL\u0130T\u0130K DERECEL\u0130 PUANLAMA ANAHTARLARI B\u00d6L\u00dcM 3 3. DERECELEME (DE\u011eERLEND\u0130RME) \u00d6L\u00c7EKLER\u0130 B\u00d6L\u00dcM 4 4. SPOR<span class=\"excerpt-hellip\"> [\u2026]<\/span><\/p>\n","protected":false},"featured_media":0,"template":"","meta":{"_monsterinsights_skip_tracking":false,"_monsterinsights_sitenote_active":false,"_monsterinsights_sitenote_note":"","_monsterinsights_sitenote_category":0},"product_brand":[],"product_cat":[13043],"product_tag":[],"class_list":{"0":"post-750606","1":"product","2":"type-product","3":"status-publish","5":"product_cat-ekonomi","6":"pa_cilt-ciltsiz","7":"pa_tur-kitap","8":"pa_yayinevi-gazi-kitabevi","9":"pa_yazar-ibrahim-umran-akdagcik-betul-polat","11":"first","12":"instock","13":"sale","14":"shipping-taxable","15":"purchasable","16":"product-type-simple"},"_links":{"self":[{"href":"https:\/\/roveyayinevi.com.tr\/index.php\/wp-json\/wp\/v2\/product\/750606","targetHints":{"allow":["GET"]}}],"collection":[{"href":"https:\/\/roveyayinevi.com.tr\/index.php\/wp-json\/wp\/v2\/product"}],"about":[{"href":"https:\/\/roveyayinevi.com.tr\/index.php\/wp-json\/wp\/v2\/types\/product"}],"wp:attachment":[{"href":"https:\/\/roveyayinevi.com.tr\/index.php\/wp-json\/wp\/v2\/media?parent=750606"}],"wp:term":[{"taxonomy":"product_brand","embeddable":true,"href":"https:\/\/roveyayinevi.com.tr\/index.php\/wp-json\/wp\/v2\/product_brand?post=750606"},{"taxonomy":"product_cat","embeddable":true,"href":"https:\/\/roveyayinevi.com.tr\/index.php\/wp-json\/wp\/v2\/product_cat?post=750606"},{"taxonomy":"product_tag","embeddable":true,"href":"https:\/\/roveyayinevi.com.tr\/index.php\/wp-json\/wp\/v2\/product_tag?post=750606"}],"curies":[{"name":"wp","href":"https:\/\/api.w.org\/{rel}","templated":true}]}}