{"id":750603,"date":"2025-08-28T04:24:44","date_gmt":"2025-08-28T01:24:44","guid":{"rendered":"https:\/\/roveyayinevi.com.tr\/index.php\/urun\/araklida-iki-dere-arasi\/"},"modified":"2026-04-16T03:03:56","modified_gmt":"2026-04-16T00:03:56","slug":"araklida-iki-dere-arasi","status":"publish","type":"product","link":"https:\/\/roveyayinevi.com.tr\/index.php\/urun\/araklida-iki-dere-arasi\/","title":{"rendered":"Arakl\u0131&#8217;da \u0130ki Dere Aras\u0131"},"content":{"rendered":"<p>Arakl\u0131\u2019da \u0130ki Dere Aras\u0131 isimli eser, Sel\u00e7uk \u00d6zyurt\u2019un \u00f6yk\u00fc ile deneme aras\u0131nda gidip gelen an\u0131lar\u0131ndan olu\u015fuyor\u2026\u00d6zyurt bir solukta okunan \u00fcslubuyla, bizi \u00e7evreye, ge\u00e7mi\u015fe, insanl\u0131\u011fa, haf\u0131zalar\u0131m\u0131zdaki o g\u00fczel insanlara \u00e7a\u011f\u0131r\u0131yor.***Onlar onca \u00e7ilenin, s\u0131k\u0131nt\u0131n\u0131n bin bir derdinin aras\u0131nda bile esprileri ile konu\u015fan, y\u00fczleri hep g\u00fcle\u00e7 asil insanlard\u0131. \u00d6l\u00fcme, ac\u0131ya, d\u00fc\u011f\u00fcne her t\u00fcrl\u00fc sevince g\u00f6n\u00fcl katan y\u00fcrekleriyle destek olan, birbirini kucaklayan insanlard\u0131. Kavgalar\u0131, k\u00fcsl\u00fckleri arada bir olsa da, bir bayram sabah\u0131nda caminin \u00f6n\u00fcnde \u00fc\u00e7 g\u00fcnl\u00fck d\u00fcnya i\u00e7in helallik alan insanlard\u0131.Sevgiyi sadece kendi \u00e7ocuklar\u0131na de\u011fil, b\u00fct\u00fcn k\u00f6yl\u00fcn\u00fcn \u00e7ocuklar\u0131na da g\u00f6stermeyi bilirlerdi. <\/p>\n","protected":false},"excerpt":{"rendered":"<p>Arakl\u0131\u2019da \u0130ki Dere Aras\u0131 isimli eser, Sel\u00e7uk \u00d6zyurt\u2019un \u00f6yk\u00fc ile deneme aras\u0131nda gidip gelen an\u0131lar\u0131ndan olu\u015fuyor\u2026\u00d6zyurt bir solukta okunan \u00fcslubuyla, bizi \u00e7evreye, ge\u00e7mi\u015fe, insanl\u0131\u011fa, haf\u0131zalar\u0131m\u0131zdaki o<span class=\"excerpt-hellip\"> [\u2026]<\/span><\/p>\n","protected":false},"featured_media":0,"template":"","meta":{"_monsterinsights_skip_tracking":false,"_monsterinsights_sitenote_active":false,"_monsterinsights_sitenote_note":"","_monsterinsights_sitenote_category":0},"product_brand":[],"product_cat":[13701,12291],"product_tag":[],"class_list":{"0":"post-750603","1":"product","2":"type-product","3":"status-publish","5":"product_cat-ani-mektup-gunluk","6":"product_cat-edebiyat","7":"pa_cilt-ciltsiz","8":"pa_tur-kitap","9":"pa_yayinevi-biyografi-net-yayincilik","10":"pa_yazar-selcuk-ozyurt","12":"first","13":"instock","14":"sale","15":"shipping-taxable","16":"purchasable","17":"product-type-simple"},"_links":{"self":[{"href":"https:\/\/roveyayinevi.com.tr\/index.php\/wp-json\/wp\/v2\/product\/750603","targetHints":{"allow":["GET"]}}],"collection":[{"href":"https:\/\/roveyayinevi.com.tr\/index.php\/wp-json\/wp\/v2\/product"}],"about":[{"href":"https:\/\/roveyayinevi.com.tr\/index.php\/wp-json\/wp\/v2\/types\/product"}],"wp:attachment":[{"href":"https:\/\/roveyayinevi.com.tr\/index.php\/wp-json\/wp\/v2\/media?parent=750603"}],"wp:term":[{"taxonomy":"product_brand","embeddable":true,"href":"https:\/\/roveyayinevi.com.tr\/index.php\/wp-json\/wp\/v2\/product_brand?post=750603"},{"taxonomy":"product_cat","embeddable":true,"href":"https:\/\/roveyayinevi.com.tr\/index.php\/wp-json\/wp\/v2\/product_cat?post=750603"},{"taxonomy":"product_tag","embeddable":true,"href":"https:\/\/roveyayinevi.com.tr\/index.php\/wp-json\/wp\/v2\/product_tag?post=750603"}],"curies":[{"name":"wp","href":"https:\/\/api.w.org\/{rel}","templated":true}]}}