{"id":750602,"date":"2025-08-28T04:24:43","date_gmt":"2025-08-28T01:24:43","guid":{"rendered":"https:\/\/roveyayinevi.com.tr\/index.php\/urun\/cozumlu-finansal-muhasebe-uygulamalari\/"},"modified":"2026-04-16T03:03:56","modified_gmt":"2026-04-16T00:03:56","slug":"cozumlu-finansal-muhasebe-uygulamalari","status":"publish","type":"product","link":"https:\/\/roveyayinevi.com.tr\/index.php\/urun\/cozumlu-finansal-muhasebe-uygulamalari\/","title":{"rendered":"\u00c7\u00f6z\u00fcml\u00fc Finansal Muhasebe Uygulamalar\u0131"},"content":{"rendered":"<p>\u0130\u00e7indekiler     UYGULAMA 1 MUHASEBE B\u0130L\u0130M\u0130 UYGULAMA 2 MUHASEBEN\u0130N TEMEL KAVRAMLARI UYGULAMA 3 TEMEL MUHASEBE E\u015e\u0130TL\u0130\u011e\u0130 UYGULAMA 4 VARLIK \u2013 SERMAYE E\u015e\u0130TL\u0130\u011e\u0130 \/ KURULU\u015e B\u0130LAN\u00c7OSU UYGULAMA 5 MAL HESABI \u2013 ARALIKLI ENVANTER UYGULAMA 6 MAL HESABI \u2013 S\u00dcREKL\u0130 ENVANTER UYGULAMA 7 STOK HAREKETLER\u0130 (ZAMAN ESASLI Y\u00d6NTEMLER) UYGULAMA 8 STOK HAREKETLER\u0130 (MATEMAT\u0130K ESASLI Y\u00d6NTEMLER) UYGULAMA 9 D\u00d6NEN VARLIKLAR 1 UYGULAMA 10 D\u00d6NEN VARLIKLAR 2 UYGULAMA 11 D\u00d6NEN VARLIKLAR 3 UYGULAMA 12 AMORT\u0130SMAN Y\u00d6NTEMLER\u0130 1 UYGULAMA 13 AMORT\u0130SMAN Y\u00d6NTEMLER\u0130 2 UYGULAMA 14 DURAN VARLIKLAR 1 UYGULAMA 15 DURAN VARLIKLAR 2 UYGULAMA 16 DURAN VARLIKLAR 3 UYGULAMA 17 KISA VADEL\u0130 YABANCI KAYNAKLAR \u2013 UZUN VADEL\u0130 YABANCI KAYNAKLAR UYGULAMA 18 REESKONT HESAPLAMA VE MUHASEBE KAYITLARI UYGULAMA 19 POL\u0130\u00c7E VE HATIR SENED\u0130 MUHASEBELE\u015eT\u0130R\u0130LMES\u0130 UYGULAMA 20 K\u00c2R VE ZARARA \u0130L\u0130\u015eK\u0130N KAYITLAR UYGULAMA 21 \u00d6ZKAYNAKLAR UYGULAMA 22 GENEL UYGULAMA 1 UYGULAMA 23 GENEL UYGULAMA 2<\/p>\n","protected":false},"excerpt":{"rendered":"<p>\u0130\u00e7indekiler UYGULAMA 1 MUHASEBE B\u0130L\u0130M\u0130 UYGULAMA 2 MUHASEBEN\u0130N TEMEL KAVRAMLARI UYGULAMA 3 TEMEL MUHASEBE E\u015e\u0130TL\u0130\u011e\u0130 UYGULAMA 4 VARLIK \u2013 SERMAYE E\u015e\u0130TL\u0130\u011e\u0130 \/ KURULU\u015e B\u0130LAN\u00c7OSU UYGULAMA 5<span class=\"excerpt-hellip\"> [\u2026]<\/span><\/p>\n","protected":false},"featured_media":0,"template":"","meta":{"_monsterinsights_skip_tracking":false,"_monsterinsights_sitenote_active":false,"_monsterinsights_sitenote_note":"","_monsterinsights_sitenote_category":0},"product_brand":[],"product_cat":[20333,13043],"product_tag":[],"class_list":{"0":"post-750602","1":"product","2":"type-product","3":"status-publish","5":"product_cat-diger-ekonomi","6":"product_cat-ekonomi","7":"pa_cilt-ciltsiz","8":"pa_tur-kitap","9":"pa_yayinevi-gazi-kitabevi","10":"pa_yazar-kolektif","12":"first","13":"instock","14":"sale","15":"shipping-taxable","16":"purchasable","17":"product-type-simple"},"_links":{"self":[{"href":"https:\/\/roveyayinevi.com.tr\/index.php\/wp-json\/wp\/v2\/product\/750602","targetHints":{"allow":["GET"]}}],"collection":[{"href":"https:\/\/roveyayinevi.com.tr\/index.php\/wp-json\/wp\/v2\/product"}],"about":[{"href":"https:\/\/roveyayinevi.com.tr\/index.php\/wp-json\/wp\/v2\/types\/product"}],"wp:attachment":[{"href":"https:\/\/roveyayinevi.com.tr\/index.php\/wp-json\/wp\/v2\/media?parent=750602"}],"wp:term":[{"taxonomy":"product_brand","embeddable":true,"href":"https:\/\/roveyayinevi.com.tr\/index.php\/wp-json\/wp\/v2\/product_brand?post=750602"},{"taxonomy":"product_cat","embeddable":true,"href":"https:\/\/roveyayinevi.com.tr\/index.php\/wp-json\/wp\/v2\/product_cat?post=750602"},{"taxonomy":"product_tag","embeddable":true,"href":"https:\/\/roveyayinevi.com.tr\/index.php\/wp-json\/wp\/v2\/product_tag?post=750602"}],"curies":[{"name":"wp","href":"https:\/\/api.w.org\/{rel}","templated":true}]}}