{"id":750597,"date":"2025-08-28T04:24:36","date_gmt":"2025-08-28T01:24:36","guid":{"rendered":"https:\/\/roveyayinevi.com.tr\/index.php\/urun\/asya-tarihi-2\/"},"modified":"2026-04-16T03:03:56","modified_gmt":"2026-04-16T00:03:56","slug":"asya-tarihi-2","status":"publish","type":"product","link":"https:\/\/roveyayinevi.com.tr\/index.php\/urun\/asya-tarihi-2\/","title":{"rendered":"Asya Tarihi"},"content":{"rendered":"<p>Alan\u0131n \u00f6nde gelen isimlerinden biri olan Rhoads Murphey taraf\u0131ndan kaleme al\u0131nan Asya Tarihi, Muson Asyas\u0131 olarak bilinen; Hindistan, \u00c7in, G\u00fcneydo\u011fu Asya, Kore ve Japonya\u2019y\u0131 da i\u00e7ine alan b\u00f6lgeyi ku\u015fat\u0131c\u0131 bir perspektiften ele alan tek metindir. Metin kapsaml\u0131 analizleriyle, bu b\u00f6lgenin karma\u015f\u0131k ve \u00e7e\u015fitli siyasi, sosyal, entelekt\u00fcel ve ekonomik tarihlerini ilgi \u00e7ekici ve canl\u0131 bir \u00fcslupla b\u00fct\u00fcnle\u015ftirmektedir. Ku\u015fat\u0131c\u0131l\u0131\u011f\u0131 nedeniyle zaman i\u00e7inde temel bir ba\u015fvuru kayna\u011f\u0131na d\u00f6n\u00fc\u015fen Asya Tarihi k\u00fclt\u00fcrler aras\u0131 kar\u015f\u0131la\u015ft\u0131rmalar\u0131 vurgulayan ve G\u00fcneydo\u011fu Asya\u2019y\u0131 geni\u015fletilmi\u015f bir \u015fekilde ele alan yeg\u00e2ne eserdir. Ayr\u0131ca yazar, her b\u00f6l\u00fcme bir zaman \u00e7izelgesi ve tart\u0131\u015fma sorular\u0131 da ekleyerek eseri ba\u015fta \u00f6\u011frenciler ve akademisyenler olmak \u00fczere, t\u00fcm ilgililer i\u00e7in \u00e7ok daha cazip bir formata kavu\u015fturmu\u015ftur. <\/p>\n","protected":false},"excerpt":{"rendered":"<p>Alan\u0131n \u00f6nde gelen isimlerinden biri olan Rhoads Murphey taraf\u0131ndan kaleme al\u0131nan Asya Tarihi, Muson Asyas\u0131 olarak bilinen; Hindistan, \u00c7in, G\u00fcneydo\u011fu Asya, Kore ve Japonya\u2019y\u0131 da i\u00e7ine<span class=\"excerpt-hellip\"> [\u2026]<\/span><\/p>\n","protected":false},"featured_media":0,"template":"","meta":{"_monsterinsights_skip_tracking":false,"_monsterinsights_sitenote_active":false,"_monsterinsights_sitenote_note":"","_monsterinsights_sitenote_category":0},"product_brand":[],"product_cat":[12304],"product_tag":[],"class_list":{"0":"post-750597","1":"product","2":"type-product","3":"status-publish","5":"product_cat-tarih","6":"pa_cilt-ciltsiz","7":"pa_tur-kitap","8":"pa_yayinevi-albaraka-yayinlari","9":"pa_yazar-rhoads-murphey-kristin-stapleton","11":"first","12":"instock","13":"sale","14":"shipping-taxable","15":"purchasable","16":"product-type-simple"},"_links":{"self":[{"href":"https:\/\/roveyayinevi.com.tr\/index.php\/wp-json\/wp\/v2\/product\/750597","targetHints":{"allow":["GET"]}}],"collection":[{"href":"https:\/\/roveyayinevi.com.tr\/index.php\/wp-json\/wp\/v2\/product"}],"about":[{"href":"https:\/\/roveyayinevi.com.tr\/index.php\/wp-json\/wp\/v2\/types\/product"}],"wp:attachment":[{"href":"https:\/\/roveyayinevi.com.tr\/index.php\/wp-json\/wp\/v2\/media?parent=750597"}],"wp:term":[{"taxonomy":"product_brand","embeddable":true,"href":"https:\/\/roveyayinevi.com.tr\/index.php\/wp-json\/wp\/v2\/product_brand?post=750597"},{"taxonomy":"product_cat","embeddable":true,"href":"https:\/\/roveyayinevi.com.tr\/index.php\/wp-json\/wp\/v2\/product_cat?post=750597"},{"taxonomy":"product_tag","embeddable":true,"href":"https:\/\/roveyayinevi.com.tr\/index.php\/wp-json\/wp\/v2\/product_tag?post=750597"}],"curies":[{"name":"wp","href":"https:\/\/api.w.org\/{rel}","templated":true}]}}