{"id":750596,"date":"2025-08-28T04:24:35","date_gmt":"2025-08-28T01:24:35","guid":{"rendered":"https:\/\/roveyayinevi.com.tr\/index.php\/urun\/bedenlenmis-zihin\/"},"modified":"2026-04-16T03:03:56","modified_gmt":"2026-04-16T00:03:56","slug":"bedenlenmis-zihin","status":"publish","type":"product","link":"https:\/\/roveyayinevi.com.tr\/index.php\/urun\/bedenlenmis-zihin\/","title":{"rendered":"Bedenlenmi\u015f Zihin"},"content":{"rendered":"<p>Bedenlenmi\u015f Zihin, insan deneyiminin kendine d\u00f6nen boyutunu benzersiz bir \u015fekilde ele almaktad\u0131r. Yazarlar\u0131n iddias\u0131na g\u00f6re sadece bilimdeki zihin ile deneyimdeki zihin aras\u0131nda ortak bir zemin duygusuna sahip olarak bili\u015f anlay\u0131\u015f\u0131m\u0131z\u0131 eksiksiz k\u0131labiliriz. Bu ama\u00e7la yazarlar, bili\u015fsel bilim ile meditatif psikoloji aras\u0131nda bir diyalog geli\u015ftirmekte ve bunu fenomenoloji ve psikanaliz gibi di\u011fer geleneklerle ili\u015fkili olarak konumland\u0131rmaktad\u0131rlar. G\u00f6zden ge\u00e7irilmi\u015f bu bask\u0131, Evan Thompson ve Eleanor Rosch&#8217;un \u00f6nemli giri\u015f yaz\u0131lar\u0131n\u0131 i\u00e7ermektedir; yazarlar b\u00f6ylece \u00e7al\u0131\u015fman\u0131n temel arg\u00fcmanlar\u0131n\u0131 a\u00e7\u0131kl\u0131\u011fa kavu\u015fturmakta ve kitab\u0131n temalar\u0131n\u0131 geni\u015fleten sonraki ara\u015ft\u0131rmalar\u0131 tart\u0131\u015fmaktad\u0131rlar, ayr\u0131ca uzak do\u011fu gelenekleri ve fark\u0131ndal\u0131\u011fa y\u00f6nelik yenilenen teorik ve pratik bilgiler de vermektedirler. Fark\u0131ndal\u0131k temelli stres azaltma program\u0131n\u0131n yarat\u0131c\u0131s\u0131 Jon Kabat-Zinn&#8217;in \u00f6ns\u00f6z\u00fc ise kitab\u0131n ba\u011flam\u0131n\u0131 sunmakta ve eserin, kendi ya\u015fam\u0131 ve \u00e7al\u0131\u015fmalar\u0131 \u00fczerindeki etkisini a\u00e7\u0131klamaktad\u0131r.<\/p>\n","protected":false},"excerpt":{"rendered":"<p>Bedenlenmi\u015f Zihin, insan deneyiminin kendine d\u00f6nen boyutunu benzersiz bir \u015fekilde ele almaktad\u0131r. Yazarlar\u0131n iddias\u0131na g\u00f6re sadece bilimdeki zihin ile deneyimdeki zihin aras\u0131nda ortak bir zemin duygusuna<span class=\"excerpt-hellip\"> [\u2026]<\/span><\/p>\n","protected":false},"featured_media":0,"template":"","meta":{"_monsterinsights_skip_tracking":false,"_monsterinsights_sitenote_active":false,"_monsterinsights_sitenote_note":"","_monsterinsights_sitenote_category":0},"product_brand":[],"product_cat":[15499,13488],"product_tag":[],"class_list":{"0":"post-750596","1":"product","2":"type-product","3":"status-publish","5":"product_cat-antropoloji","6":"product_cat-toplum-ve-insan","7":"pa_cilt-ciltsiz","8":"pa_tur-kitap","9":"pa_yayinevi-albaraka-yayinlari","10":"pa_yazar-francisco-j-varela-evan-t-thompson-eleanor-rosch","12":"first","13":"instock","14":"sale","15":"shipping-taxable","16":"purchasable","17":"product-type-simple"},"_links":{"self":[{"href":"https:\/\/roveyayinevi.com.tr\/index.php\/wp-json\/wp\/v2\/product\/750596","targetHints":{"allow":["GET"]}}],"collection":[{"href":"https:\/\/roveyayinevi.com.tr\/index.php\/wp-json\/wp\/v2\/product"}],"about":[{"href":"https:\/\/roveyayinevi.com.tr\/index.php\/wp-json\/wp\/v2\/types\/product"}],"wp:attachment":[{"href":"https:\/\/roveyayinevi.com.tr\/index.php\/wp-json\/wp\/v2\/media?parent=750596"}],"wp:term":[{"taxonomy":"product_brand","embeddable":true,"href":"https:\/\/roveyayinevi.com.tr\/index.php\/wp-json\/wp\/v2\/product_brand?post=750596"},{"taxonomy":"product_cat","embeddable":true,"href":"https:\/\/roveyayinevi.com.tr\/index.php\/wp-json\/wp\/v2\/product_cat?post=750596"},{"taxonomy":"product_tag","embeddable":true,"href":"https:\/\/roveyayinevi.com.tr\/index.php\/wp-json\/wp\/v2\/product_tag?post=750596"}],"curies":[{"name":"wp","href":"https:\/\/api.w.org\/{rel}","templated":true}]}}