{"id":750595,"date":"2025-08-28T04:24:34","date_gmt":"2025-08-28T01:24:34","guid":{"rendered":"https:\/\/roveyayinevi.com.tr\/index.php\/urun\/anarsi-dogu-hindistan-sirketinin-amansiz-yukselisi\/"},"modified":"2026-04-16T03:03:56","modified_gmt":"2026-04-16T00:03:56","slug":"anarsi-dogu-hindistan-sirketinin-amansiz-yukselisi","status":"publish","type":"product","link":"https:\/\/roveyayinevi.com.tr\/index.php\/urun\/anarsi-dogu-hindistan-sirketinin-amansiz-yukselisi\/","title":{"rendered":"Anar\u015fi: Do\u011fu Hindistan \u015eirketi&#8217;nin Amans\u0131z Y\u00fckseli\u015fi"},"content":{"rendered":"<p>Do\u011fu Hindistan \u015eirketi, ipek ve baharat ticareti yapan geleneksel bir uluslararas\u0131 \u015firket olman\u0131n \u00e7ok \u00f6tesinde \u0130ngiliz men\u015feli bir s\u00f6m\u00fcrge g\u00fcc\u00fcd\u00fcr. \u015eirket, 1765 y\u0131l\u0131nda Bab\u00fcr imparatorunu esir alarak eyaletlerin y\u00f6netimini eline ge\u00e7irir ve iki y\u00fcz bin ki\u015filik asker\u00ee g\u00fcc\u00fcyle birlikte sald\u0131rgan bir g\u00fcce d\u00f6n\u00fc\u015f\u00fcr. 18. ve 19. y\u00fczy\u0131llarda Bengal ve Delhi gibi merkez\u00ee b\u00f6lgeleri ele ge\u00e7iren Do\u011fu Hindistan \u015eirketi, zaman i\u00e7erisinde Hindistan&#8217;\u0131n neredeyse tamam\u0131n\u0131 kontrol\u00fc alt\u0131na al\u0131r. William Dalrymple, bu e\u015fsiz \u00e7al\u0131\u015fmas\u0131nda, Londra&#8217;daki k\u00fc\u00e7\u00fck bir ofisten y\u00f6netilmesine ra\u011fmen binlerce mil \u00f6tede bulunan bir imparatorlu\u011fu ve say\u0131s\u0131z b\u00f6lgeyi h\u00e2kimiyeti alt\u0131na alan; elli y\u0131l gibi k\u0131sa bir s\u00fcre i\u00e7erisinde \u0130ngiliz ordusundan neredeyse iki kat\u0131 b\u00fcy\u00fckl\u00fc\u011f\u00fcnde bir g\u00fcce ula\u015fan Do\u011fu Hindistan \u015eirketi&#8217;nin s\u0131ra d\u0131\u015f\u0131 hik\u00e2yesini okuyucuya sunmaktad\u0131r. <\/p>\n","protected":false},"excerpt":{"rendered":"<p>Do\u011fu Hindistan \u015eirketi, ipek ve baharat ticareti yapan geleneksel bir uluslararas\u0131 \u015firket olman\u0131n \u00e7ok \u00f6tesinde \u0130ngiliz men\u015feli bir s\u00f6m\u00fcrge g\u00fcc\u00fcd\u00fcr. \u015eirket, 1765 y\u0131l\u0131nda Bab\u00fcr imparatorunu esir<span class=\"excerpt-hellip\"> [\u2026]<\/span><\/p>\n","protected":false},"featured_media":0,"template":"","meta":{"_monsterinsights_skip_tracking":false,"_monsterinsights_sitenote_active":false,"_monsterinsights_sitenote_note":"","_monsterinsights_sitenote_category":0},"product_brand":[],"product_cat":[12304],"product_tag":[],"class_list":{"0":"post-750595","1":"product","2":"type-product","3":"status-publish","5":"product_cat-tarih","6":"pa_cilt-ciltsiz","7":"pa_tur-kitap","8":"pa_yayinevi-albaraka-yayinlari","9":"pa_yazar-william-dalrymple","11":"first","12":"instock","13":"sale","14":"shipping-taxable","15":"purchasable","16":"product-type-simple"},"_links":{"self":[{"href":"https:\/\/roveyayinevi.com.tr\/index.php\/wp-json\/wp\/v2\/product\/750595","targetHints":{"allow":["GET"]}}],"collection":[{"href":"https:\/\/roveyayinevi.com.tr\/index.php\/wp-json\/wp\/v2\/product"}],"about":[{"href":"https:\/\/roveyayinevi.com.tr\/index.php\/wp-json\/wp\/v2\/types\/product"}],"wp:attachment":[{"href":"https:\/\/roveyayinevi.com.tr\/index.php\/wp-json\/wp\/v2\/media?parent=750595"}],"wp:term":[{"taxonomy":"product_brand","embeddable":true,"href":"https:\/\/roveyayinevi.com.tr\/index.php\/wp-json\/wp\/v2\/product_brand?post=750595"},{"taxonomy":"product_cat","embeddable":true,"href":"https:\/\/roveyayinevi.com.tr\/index.php\/wp-json\/wp\/v2\/product_cat?post=750595"},{"taxonomy":"product_tag","embeddable":true,"href":"https:\/\/roveyayinevi.com.tr\/index.php\/wp-json\/wp\/v2\/product_tag?post=750595"}],"curies":[{"name":"wp","href":"https:\/\/api.w.org\/{rel}","templated":true}]}}