{"id":750588,"date":"2025-08-28T04:24:25","date_gmt":"2025-08-28T01:24:25","guid":{"rendered":"https:\/\/roveyayinevi.com.tr\/index.php\/urun\/posthuman-dunyada-ureme-felsefi-bir-giris\/"},"modified":"2026-04-16T03:03:56","modified_gmt":"2026-04-16T00:03:56","slug":"posthuman-dunyada-ureme-felsefi-bir-giris","status":"publish","type":"product","link":"https:\/\/roveyayinevi.com.tr\/index.php\/urun\/posthuman-dunyada-ureme-felsefi-bir-giris\/","title":{"rendered":"Posth\u00fcman D\u00fcnyada \u00dcreme Felsefi Bir Giri\u015f"},"content":{"rendered":"<p>Canl\u0131l\u0131k tarihi boyunca evrimin temel dinamosu niteli\u011fini koruyan \u00fcreme, yumurta ve sperme ba\u011fl\u0131 i\u015fleyen geleneksel tan\u0131m ve i\u015flevlerini i\u00e7inde bulundu\u011fumuz y\u00fczy\u0131lda geride b\u0131rakmaya ba\u015flad\u0131. Bu kitap, h\u0131zla geli\u015fmeye devam eden \u00fcreme teknolojilerinin yol a\u00e7t\u0131\u011f\u0131 karma\u015f\u0131k felsefi sorunlar\u0131 d\u00fc\u015f\u00fcnmeye ili\u015fkin bir \u00e7a\u011fr\u0131 mahiyetindedir. Zira IVF ile ba\u015flayan, ufuktaki IVG ve yapay rahim ara\u015ft\u0131rmalar\u0131 ile devam eden, \u00fc\u00e7\u00fcnc\u00fc taraflar\u0131n \u2013mitokondri, yumurta, sperm, embriyo veya rahim\u2013 katk\u0131lar\u0131yla geni\u015fledik\u00e7e i\u015fbirlik\u00e7i \u00fcreme ve yeti\u015ftirme modellerine zemin haz\u0131rlayan yeni \u00fcreme teknolojileri, yerle\u015fik etik kabullere meydan okuyor. \u0130nsan, \u00fcreme devriminin yar\u0131m asra yakla\u015fan yolculu\u011funda t\u00fcm canl\u0131larla payla\u015ft\u0131\u011f\u0131 \u00fcreme \u00f6zelli\u011fini, yapay se\u00e7ilim sayesinde \u00fcremeyi yeniden \u00fcreterek g\u00fcncelliyor. Ta\u015f\u0131y\u0131c\u0131 annelik, tek veya \u00fc\u00e7 ebeveynli \u00e7ocuklar, soy hatt\u0131na y\u00f6nelik genetik m\u00fcdahale gibi tart\u0131\u015fmal\u0131 uygulamalar\u0131 sorgulayan bu kitap, y\u00fczle\u015fmeye ba\u015flad\u0131\u011f\u0131m\u0131z \u00fcreme devriminin \u00e7etrefilli felsefi sorular\u0131na dikkat \u00e7ekmeyi ve onlara gerek\u00e7elendirilmi\u015f cevaplar aramay\u0131 deniyor.Di\u015fiyle erke\u011fin cinsel ili\u015fkisine kay\u0131tl\u0131 do\u011fal \u00fcreme zorunlulu\u011funun a\u015f\u0131lmas\u0131yla belirginle\u015fen karars\u0131zl\u0131k, \u00e7eli\u015fki, par\u00e7alanma, da\u011f\u0131lma, belirsizlik gibi durumlar \u00fcreme meselesinin etraf\u0131na da k\u00fcmeleniyor. Son yar\u0131m asr\u0131n ezber bozan \u00fcreme hikayelerinin do\u011furdu\u011fu \u00e7a\u011fda\u015f etik sorunlar kar\u015f\u0131s\u0131nda, emekleme evresindeki posth\u00fcmanist canl\u0131l\u0131k bak\u0131\u015flar\u0131, yeni soyba\u011f\u0131 anlay\u0131\u015flar\u0131na, aile ve akrabal\u0131k kurgular\u0131na can verecek sakl\u0131 vaatler ta\u015f\u0131yor. T\u00fcrk\u00e7edeki \u00fcreme literat\u00fcr\u00fcne katk\u0131s\u0131yla bu kitap, yeni \u00fcreme teknolojilerinin beraberinde getirdi\u011fi felsefi sorunlar\u0131 \u00e7\u00f6zme iddias\u0131nda bulunmadan ve \u00f6zenli bir tutumu elden b\u0131rakmadan, \u00e7\u00f6z\u00fcmlemeye y\u00f6nelik bir tart\u0131\u015fma a\u00e7may\u0131 hedefliyor. <\/p>\n","protected":false},"excerpt":{"rendered":"<p>Canl\u0131l\u0131k tarihi boyunca evrimin temel dinamosu niteli\u011fini koruyan \u00fcreme, yumurta ve sperme ba\u011fl\u0131 i\u015fleyen geleneksel tan\u0131m ve i\u015flevlerini i\u00e7inde bulundu\u011fumuz y\u00fczy\u0131lda geride b\u0131rakmaya ba\u015flad\u0131. Bu kitap,<span class=\"excerpt-hellip\"> [\u2026]<\/span><\/p>\n","protected":false},"featured_media":0,"template":"","meta":{"_monsterinsights_skip_tracking":false,"_monsterinsights_sitenote_active":false,"_monsterinsights_sitenote_note":"","_monsterinsights_sitenote_category":0},"product_brand":[],"product_cat":[16038,12388],"product_tag":[],"class_list":{"0":"post-750588","1":"product","2":"type-product","3":"status-publish","5":"product_cat-arastirma-inceleme-referans-felsefe","6":"product_cat-felsefe","7":"pa_cilt-ciltsiz","8":"pa_tur-kitap","9":"pa_yayinevi-siyasal-kitabevi","10":"pa_yazar-esra-kartal-soysal","12":"first","13":"instock","14":"sale","15":"shipping-taxable","16":"purchasable","17":"product-type-simple"},"_links":{"self":[{"href":"https:\/\/roveyayinevi.com.tr\/index.php\/wp-json\/wp\/v2\/product\/750588","targetHints":{"allow":["GET"]}}],"collection":[{"href":"https:\/\/roveyayinevi.com.tr\/index.php\/wp-json\/wp\/v2\/product"}],"about":[{"href":"https:\/\/roveyayinevi.com.tr\/index.php\/wp-json\/wp\/v2\/types\/product"}],"wp:attachment":[{"href":"https:\/\/roveyayinevi.com.tr\/index.php\/wp-json\/wp\/v2\/media?parent=750588"}],"wp:term":[{"taxonomy":"product_brand","embeddable":true,"href":"https:\/\/roveyayinevi.com.tr\/index.php\/wp-json\/wp\/v2\/product_brand?post=750588"},{"taxonomy":"product_cat","embeddable":true,"href":"https:\/\/roveyayinevi.com.tr\/index.php\/wp-json\/wp\/v2\/product_cat?post=750588"},{"taxonomy":"product_tag","embeddable":true,"href":"https:\/\/roveyayinevi.com.tr\/index.php\/wp-json\/wp\/v2\/product_tag?post=750588"}],"curies":[{"name":"wp","href":"https:\/\/api.w.org\/{rel}","templated":true}]}}