{"id":750587,"date":"2025-08-28T04:24:23","date_gmt":"2025-08-28T01:24:23","guid":{"rendered":"https:\/\/roveyayinevi.com.tr\/index.php\/urun\/93\/"},"modified":"2026-04-16T03:03:56","modified_gmt":"2026-04-16T00:03:56","slug":"93","status":"publish","type":"product","link":"https:\/\/roveyayinevi.com.tr\/index.php\/urun\/93\/","title":{"rendered":"93"},"content":{"rendered":"<p>Mirsad okula gitmek i\u00e7in kulland\u0131\u011f\u0131 93 numaral\u0131 otob\u00fcste bir k\u0131z g\u00f6r\u00fcr ve ona daha \u00f6nce hi\u00e7 kar\u015f\u0131la\u015fmad\u0131\u011f\u0131 bir duyguyla ba\u011flan\u0131r, kendini k\u0131z\u0131n pe\u015finde bulur. Ad\u0131n\u0131 bilmedi\u011fi i\u00e7in ona 93 der. 93&#8217;le konu\u015fmak istese de v\u00fccudu, ilk kez deneyimledi\u011fi bu duyguya de\u011fi\u015fik reaksiyonlar verdi\u011fi i\u00e7in bunu bir t\u00fcrl\u00fc ba\u015faramaz.   Birka\u00e7 ay sonra art\u0131k bu duygunun yan etkilerini dizginlemeyi \u00f6\u011frenmi\u015ftir, bu sefer de \u00e7e\u015fitli engeller y\u00fcz\u00fcnden 93&#8217;le konu\u015famaz. Giderek umudunu yitirirken g\u00fcn\u00fcn birinde bir telefon al\u0131r. Art\u0131k 93&#8217;e neden ula\u015famad\u0131\u011f\u0131n\u0131 \u00f6\u011frenmi\u015ftir, nas\u0131l ula\u015faca\u011f\u0131n\u0131 da&#8230; <\/p>\n","protected":false},"excerpt":{"rendered":"<p>Mirsad okula gitmek i\u00e7in kulland\u0131\u011f\u0131 93 numaral\u0131 otob\u00fcste bir k\u0131z g\u00f6r\u00fcr ve ona daha \u00f6nce hi\u00e7 kar\u015f\u0131la\u015fmad\u0131\u011f\u0131 bir duyguyla ba\u011flan\u0131r, kendini k\u0131z\u0131n pe\u015finde bulur. Ad\u0131n\u0131 bilmedi\u011fi<span class=\"excerpt-hellip\"> [\u2026]<\/span><\/p>\n","protected":false},"featured_media":0,"template":"","meta":{"_monsterinsights_skip_tracking":false,"_monsterinsights_sitenote_active":false,"_monsterinsights_sitenote_note":"","_monsterinsights_sitenote_category":0},"product_brand":[],"product_cat":[12291,17033],"product_tag":[],"class_list":{"0":"post-750587","1":"product","2":"type-product","3":"status-publish","5":"product_cat-edebiyat","6":"product_cat-korku-gerilim","7":"pa_cilt-ciltsiz","8":"pa_tur-kitap","9":"pa_yayinevi-dark-istanbul-yayinlari","10":"pa_yazar-samir-hamzaogullari","12":"first","13":"instock","14":"sale","15":"shipping-taxable","16":"purchasable","17":"product-type-simple"},"_links":{"self":[{"href":"https:\/\/roveyayinevi.com.tr\/index.php\/wp-json\/wp\/v2\/product\/750587","targetHints":{"allow":["GET"]}}],"collection":[{"href":"https:\/\/roveyayinevi.com.tr\/index.php\/wp-json\/wp\/v2\/product"}],"about":[{"href":"https:\/\/roveyayinevi.com.tr\/index.php\/wp-json\/wp\/v2\/types\/product"}],"wp:attachment":[{"href":"https:\/\/roveyayinevi.com.tr\/index.php\/wp-json\/wp\/v2\/media?parent=750587"}],"wp:term":[{"taxonomy":"product_brand","embeddable":true,"href":"https:\/\/roveyayinevi.com.tr\/index.php\/wp-json\/wp\/v2\/product_brand?post=750587"},{"taxonomy":"product_cat","embeddable":true,"href":"https:\/\/roveyayinevi.com.tr\/index.php\/wp-json\/wp\/v2\/product_cat?post=750587"},{"taxonomy":"product_tag","embeddable":true,"href":"https:\/\/roveyayinevi.com.tr\/index.php\/wp-json\/wp\/v2\/product_tag?post=750587"}],"curies":[{"name":"wp","href":"https:\/\/api.w.org\/{rel}","templated":true}]}}