{"id":750586,"date":"2025-08-28T04:24:21","date_gmt":"2025-08-28T01:24:21","guid":{"rendered":"https:\/\/roveyayinevi.com.tr\/index.php\/urun\/duvarlar\/"},"modified":"2026-04-16T03:03:55","modified_gmt":"2026-04-16T00:03:55","slug":"duvarlar","status":"publish","type":"product","link":"https:\/\/roveyayinevi.com.tr\/index.php\/urun\/duvarlar\/","title":{"rendered":"Duvarlar"},"content":{"rendered":"<p>Adalet kad\u0131n\u0131n\u0131n g\u00f6zlerinin neden ba\u011fl\u0131 oldu\u011funu, elindeki k\u0131l\u0131\u00e7la ne yapmak istedi\u011fini, h\u00e2kimlerin c\u00fcbbesinde neden d\u00fc\u011fme bulunmad\u0131\u011f\u0131n\u0131 sordum heyete. Hep siz soracak de\u011filsiniz ya, bir kere de biz soral\u0131m dedim. Ancak sorular\u0131ma tatmin edici bir cevap alamad\u0131m. Sonra h\u00e2kimler kendi aralar\u0131nda f\u0131s\u0131lda\u015ft\u0131lar. Birbirlerinin kula\u011f\u0131na bir \u015feyler s\u00f6ylediler. Topluluk i\u00e7inde f\u0131s\u0131lda\u015fmak \u00e7ok ay\u0131p diye uyard\u0131m onlar\u0131. Hat\u0131rlad\u0131\u011f\u0131m kadar\u0131yla bir yerlerden evrak istediler. K\u00e2\u011f\u0131t k\u00fcrek i\u015flerini hi\u00e7 sevmem, ama o k\u00e2\u011f\u0131t sayesinde H\u00e2kim Bey \u00f6zg\u00fcrl\u00fc\u011f\u00fcm\u00fc hediye etti bana. Ey \u00f6zg\u00fcrl\u00fck, sen ne \u015feker \u015feysin b\u00f6yle! Annemin ben k\u00fc\u00e7\u00fckken ald\u0131\u011f\u0131 \u00fc\u00e7 tekerlekli k\u0131rm\u0131z\u0131 bisikletten sonra hayat\u0131mda ald\u0131\u011f\u0131m en g\u00fczel hediyeydi \u00f6zg\u00fcrl\u00fck. Ama bisikletin tad\u0131 ayr\u0131yd\u0131. Tek servetimdi o benim. <\/p>\n","protected":false},"excerpt":{"rendered":"<p>Adalet kad\u0131n\u0131n\u0131n g\u00f6zlerinin neden ba\u011fl\u0131 oldu\u011funu, elindeki k\u0131l\u0131\u00e7la ne yapmak istedi\u011fini, h\u00e2kimlerin c\u00fcbbesinde neden d\u00fc\u011fme bulunmad\u0131\u011f\u0131n\u0131 sordum heyete. Hep siz soracak de\u011filsiniz ya, bir kere de<span class=\"excerpt-hellip\"> [\u2026]<\/span><\/p>\n","protected":false},"featured_media":0,"template":"","meta":{"_monsterinsights_skip_tracking":false,"_monsterinsights_sitenote_active":false,"_monsterinsights_sitenote_note":"","_monsterinsights_sitenote_category":0},"product_brand":[],"product_cat":[12291,18202],"product_tag":[],"class_list":{"0":"post-750586","1":"product","2":"type-product","3":"status-publish","5":"product_cat-edebiyat","6":"product_cat-hikaye","7":"pa_cilt-ciltsiz","8":"pa_tur-kitap","9":"pa_yayinevi-la-kitap-yayinlari","10":"pa_yazar-ozgur-topsakal","12":"first","13":"instock","14":"sale","15":"shipping-taxable","16":"purchasable","17":"product-type-simple"},"_links":{"self":[{"href":"https:\/\/roveyayinevi.com.tr\/index.php\/wp-json\/wp\/v2\/product\/750586","targetHints":{"allow":["GET"]}}],"collection":[{"href":"https:\/\/roveyayinevi.com.tr\/index.php\/wp-json\/wp\/v2\/product"}],"about":[{"href":"https:\/\/roveyayinevi.com.tr\/index.php\/wp-json\/wp\/v2\/types\/product"}],"wp:attachment":[{"href":"https:\/\/roveyayinevi.com.tr\/index.php\/wp-json\/wp\/v2\/media?parent=750586"}],"wp:term":[{"taxonomy":"product_brand","embeddable":true,"href":"https:\/\/roveyayinevi.com.tr\/index.php\/wp-json\/wp\/v2\/product_brand?post=750586"},{"taxonomy":"product_cat","embeddable":true,"href":"https:\/\/roveyayinevi.com.tr\/index.php\/wp-json\/wp\/v2\/product_cat?post=750586"},{"taxonomy":"product_tag","embeddable":true,"href":"https:\/\/roveyayinevi.com.tr\/index.php\/wp-json\/wp\/v2\/product_tag?post=750586"}],"curies":[{"name":"wp","href":"https:\/\/api.w.org\/{rel}","templated":true}]}}