{"id":750582,"date":"2025-08-28T04:24:15","date_gmt":"2025-08-28T01:24:15","guid":{"rendered":"https:\/\/roveyayinevi.com.tr\/index.php\/urun\/adadaki-hazine-2\/"},"modified":"2026-04-16T03:03:55","modified_gmt":"2026-04-16T00:03:55","slug":"adadaki-hazine-2","status":"publish","type":"product","link":"https:\/\/roveyayinevi.com.tr\/index.php\/urun\/adadaki-hazine-2\/","title":{"rendered":"Adadaki Hazine"},"content":{"rendered":"<p>Kap\u0131y\u0131 kilitleyip lambay\u0131 yakt\u0131m. Hayallerim titriyordu avucumun i\u00e7inde. \u00d6nce kutuyu inceledim. \u00d6yle gizemli bir g\u00f6r\u00fcn\u00fc\u015f\u00fc yoktu. \u00dc\u00e7 be\u015f \u00e7ivi benzeri metallerle tutturulmu\u015f, kuru tahtadan yap\u0131lm\u0131\u015f bir kutu. \u2018\u2019\u00d6nemli olan i\u00e7indeki de\u011fil mi!\u2019\u2019 diye kendi kendime m\u0131r\u0131ldan\u0131p kutuyu a\u00e7maya \u00e7al\u0131\u015ft\u0131m. Bir iki dakikal\u0131k u\u011fra\u015ftan sonra onu a\u00e7t\u0131m. O anda sanki yan\u0131mda biri konu\u015fuyormu\u015f gibi duydum o f\u0131s\u0131lt\u0131y\u0131\u2026 <\/p>\n","protected":false},"excerpt":{"rendered":"<p>Kap\u0131y\u0131 kilitleyip lambay\u0131 yakt\u0131m. Hayallerim titriyordu avucumun i\u00e7inde. \u00d6nce kutuyu inceledim. \u00d6yle gizemli bir g\u00f6r\u00fcn\u00fc\u015f\u00fc yoktu. \u00dc\u00e7 be\u015f \u00e7ivi benzeri metallerle tutturulmu\u015f, kuru tahtadan yap\u0131lm\u0131\u015f bir<span class=\"excerpt-hellip\"> [\u2026]<\/span><\/p>\n","protected":false},"featured_media":0,"template":"","meta":{"_monsterinsights_skip_tracking":false,"_monsterinsights_sitenote_active":false,"_monsterinsights_sitenote_note":"","_monsterinsights_sitenote_category":0},"product_brand":[],"product_cat":[12274,12284],"product_tag":[],"class_list":{"0":"post-750582","1":"product","2":"type-product","3":"status-publish","5":"product_cat-cocuk-ve-genclik-kitaplari","6":"product_cat-hikayeler","7":"pa_cilt-ciltsiz","8":"pa_tur-kitap","9":"pa_yayinevi-iki-eylul-yayinevi","10":"pa_yazar-ismail-aslanhatun","12":"first","13":"instock","14":"sale","15":"shipping-taxable","16":"purchasable","17":"product-type-simple"},"_links":{"self":[{"href":"https:\/\/roveyayinevi.com.tr\/index.php\/wp-json\/wp\/v2\/product\/750582","targetHints":{"allow":["GET"]}}],"collection":[{"href":"https:\/\/roveyayinevi.com.tr\/index.php\/wp-json\/wp\/v2\/product"}],"about":[{"href":"https:\/\/roveyayinevi.com.tr\/index.php\/wp-json\/wp\/v2\/types\/product"}],"wp:attachment":[{"href":"https:\/\/roveyayinevi.com.tr\/index.php\/wp-json\/wp\/v2\/media?parent=750582"}],"wp:term":[{"taxonomy":"product_brand","embeddable":true,"href":"https:\/\/roveyayinevi.com.tr\/index.php\/wp-json\/wp\/v2\/product_brand?post=750582"},{"taxonomy":"product_cat","embeddable":true,"href":"https:\/\/roveyayinevi.com.tr\/index.php\/wp-json\/wp\/v2\/product_cat?post=750582"},{"taxonomy":"product_tag","embeddable":true,"href":"https:\/\/roveyayinevi.com.tr\/index.php\/wp-json\/wp\/v2\/product_tag?post=750582"}],"curies":[{"name":"wp","href":"https:\/\/api.w.org\/{rel}","templated":true}]}}