{"id":750580,"date":"2025-08-28T04:24:12","date_gmt":"2025-08-28T01:24:12","guid":{"rendered":"https:\/\/roveyayinevi.com.tr\/index.php\/urun\/agacsiz-tepe\/"},"modified":"2026-04-16T03:03:55","modified_gmt":"2026-04-16T00:03:55","slug":"agacsiz-tepe","status":"publish","type":"product","link":"https:\/\/roveyayinevi.com.tr\/index.php\/urun\/agacsiz-tepe\/","title":{"rendered":"A\u011fa\u00e7s\u0131z Tepe"},"content":{"rendered":"<p>\u2018\u2019An\u0131t A\u011fa\u00e7\u2019\u2019 kavram\u0131n\u0131 duydunuz mu? Peki ku\u015flarla, a\u011fa\u00e7larla konu\u015fmak ister miydiniz? S\u0131f\u0131r at\u0131k, geri d\u00f6n\u00fc\u015f\u00fcm, \u00e7evre bilinci, hayvan ve do\u011fa sevgisi temalar\u0131n\u0131 kahraman\u0131m\u0131z Nehir\u2019in maceral\u0131 gezisiyle \u00f6\u011freniyoruz\u2026 <\/p>\n","protected":false},"excerpt":{"rendered":"<p>\u2018\u2019An\u0131t A\u011fa\u00e7\u2019\u2019 kavram\u0131n\u0131 duydunuz mu? Peki ku\u015flarla, a\u011fa\u00e7larla konu\u015fmak ister miydiniz? S\u0131f\u0131r at\u0131k, geri d\u00f6n\u00fc\u015f\u00fcm, \u00e7evre bilinci, hayvan ve do\u011fa sevgisi temalar\u0131n\u0131 kahraman\u0131m\u0131z Nehir\u2019in maceral\u0131 gezisiyle<span class=\"excerpt-hellip\"> [\u2026]<\/span><\/p>\n","protected":false},"featured_media":0,"template":"","meta":{"_monsterinsights_skip_tracking":false,"_monsterinsights_sitenote_active":false,"_monsterinsights_sitenote_note":"","_monsterinsights_sitenote_category":0},"product_brand":[],"product_cat":[12274,12284],"product_tag":[],"class_list":{"0":"post-750580","1":"product","2":"type-product","3":"status-publish","5":"product_cat-cocuk-ve-genclik-kitaplari","6":"product_cat-hikayeler","7":"pa_cilt-ciltsiz","8":"pa_tur-kitap","9":"pa_yayinevi-iki-eylul-yayinevi","10":"pa_yazar-armagan-can","12":"first","13":"instock","14":"sale","15":"shipping-taxable","16":"purchasable","17":"product-type-simple"},"_links":{"self":[{"href":"https:\/\/roveyayinevi.com.tr\/index.php\/wp-json\/wp\/v2\/product\/750580","targetHints":{"allow":["GET"]}}],"collection":[{"href":"https:\/\/roveyayinevi.com.tr\/index.php\/wp-json\/wp\/v2\/product"}],"about":[{"href":"https:\/\/roveyayinevi.com.tr\/index.php\/wp-json\/wp\/v2\/types\/product"}],"wp:attachment":[{"href":"https:\/\/roveyayinevi.com.tr\/index.php\/wp-json\/wp\/v2\/media?parent=750580"}],"wp:term":[{"taxonomy":"product_brand","embeddable":true,"href":"https:\/\/roveyayinevi.com.tr\/index.php\/wp-json\/wp\/v2\/product_brand?post=750580"},{"taxonomy":"product_cat","embeddable":true,"href":"https:\/\/roveyayinevi.com.tr\/index.php\/wp-json\/wp\/v2\/product_cat?post=750580"},{"taxonomy":"product_tag","embeddable":true,"href":"https:\/\/roveyayinevi.com.tr\/index.php\/wp-json\/wp\/v2\/product_tag?post=750580"}],"curies":[{"name":"wp","href":"https:\/\/api.w.org\/{rel}","templated":true}]}}