{"id":750577,"date":"2025-08-28T04:24:08","date_gmt":"2025-08-28T01:24:08","guid":{"rendered":"https:\/\/roveyayinevi.com.tr\/index.php\/urun\/yoga-terapi-el-kitabi-1\/"},"modified":"2026-04-16T03:03:55","modified_gmt":"2026-04-16T00:03:55","slug":"yoga-terapi-el-kitabi-1","status":"publish","type":"product","link":"https:\/\/roveyayinevi.com.tr\/index.php\/urun\/yoga-terapi-el-kitabi-1\/","title":{"rendered":"Yoga Terapi El Kitab\u0131 1"},"content":{"rendered":"<p>&#8220;Bilgi bedende ya\u015fayana kadar bir rivayettir, bir \u015feyi bedenin bilene kadar ger\u00e7ekten bilemezsin.&#8221; \u00cdnsan genellikle duygulanyla ya\u015far. Duygular\u0131n, fiziksel bedende, fizyolojik bedende ve zihinsel sistemlerde derin etkileri vard\u0131r. Beden, t\u00fcm sistemleri ile bir b\u00fct\u00fcnd\u00fcr ve bu b\u00fct\u00fcnl\u00fck ancak birlikte ele al\u0131n\u0131rsa korunabilir. Bize bir hediye verilmi\u015f; bedenimiz\u2026 D\u00fczenli yap\u0131lan YOGA uygulamalar ile bilgi rivayet olmaktan \u00e7\u0131k\u0131p   t\u00fcm bedenimizde ya\u015famaya ba\u015flar. Onu kaslar\u0131m\u0131zda hissederiz. T\u00fcm h\u00fccrelerimizde hissederiz. Ancak o zaman bedenimizde, ruhumuzda ve zihnimizde bir b\u00fct\u00fcnl\u00fck olu\u015fur. Yoga uygulamalar\u0131 sadece bedensel duru\u015flar, e\u011filmek, yatmak, kalkmak de\u011fildir. \u0130yi bir yoga uygulamas\u0131 bedenin t\u00fcm sistemlerini gozetmelidir. \u015eu da bir ger\u00e7ektir ki, her ne kadar fiziksel yap\u0131lar\u0131m\u0131z, duygusal ve zihinsel s\u00fcre\u00e7lerimiz birbirine \u00e7ok benzese de asl\u0131nda insanlar aras\u0131\u0131nda b\u00fcy\u00fck farkl\u0131l\u0131klar vard\u0131r.<\/p>\n","protected":false},"excerpt":{"rendered":"<p>&#8220;Bilgi bedende ya\u015fayana kadar bir rivayettir, bir \u015feyi bedenin bilene kadar ger\u00e7ekten bilemezsin.&#8221; \u00cdnsan genellikle duygulanyla ya\u015far. Duygular\u0131n, fiziksel bedende, fizyolojik bedende ve zihinsel sistemlerde derin<span class=\"excerpt-hellip\"> [\u2026]<\/span><\/p>\n","protected":false},"featured_media":0,"template":"","meta":{"_monsterinsights_skip_tracking":false,"_monsterinsights_sitenote_active":false,"_monsterinsights_sitenote_note":"","_monsterinsights_sitenote_category":0},"product_brand":[],"product_cat":[12364,12376],"product_tag":[],"class_list":{"0":"post-750577","1":"product","2":"type-product","3":"status-publish","5":"product_cat-genel-konular","6":"product_cat-kisisel-gelisim","7":"pa_cilt-ciltsiz","8":"pa_tur-kitap","9":"pa_yayinevi-eksik-parca-yayinlari","10":"pa_yazar-erdogan-yenice","12":"first","13":"instock","14":"sale","15":"shipping-taxable","16":"purchasable","17":"product-type-simple"},"_links":{"self":[{"href":"https:\/\/roveyayinevi.com.tr\/index.php\/wp-json\/wp\/v2\/product\/750577","targetHints":{"allow":["GET"]}}],"collection":[{"href":"https:\/\/roveyayinevi.com.tr\/index.php\/wp-json\/wp\/v2\/product"}],"about":[{"href":"https:\/\/roveyayinevi.com.tr\/index.php\/wp-json\/wp\/v2\/types\/product"}],"wp:attachment":[{"href":"https:\/\/roveyayinevi.com.tr\/index.php\/wp-json\/wp\/v2\/media?parent=750577"}],"wp:term":[{"taxonomy":"product_brand","embeddable":true,"href":"https:\/\/roveyayinevi.com.tr\/index.php\/wp-json\/wp\/v2\/product_brand?post=750577"},{"taxonomy":"product_cat","embeddable":true,"href":"https:\/\/roveyayinevi.com.tr\/index.php\/wp-json\/wp\/v2\/product_cat?post=750577"},{"taxonomy":"product_tag","embeddable":true,"href":"https:\/\/roveyayinevi.com.tr\/index.php\/wp-json\/wp\/v2\/product_tag?post=750577"}],"curies":[{"name":"wp","href":"https:\/\/api.w.org\/{rel}","templated":true}]}}