{"id":750573,"date":"2025-08-28T04:24:03","date_gmt":"2025-08-28T01:24:03","guid":{"rendered":"https:\/\/roveyayinevi.com.tr\/index.php\/urun\/aslan-avi\/"},"modified":"2026-04-16T03:03:55","modified_gmt":"2026-04-16T00:03:55","slug":"aslan-avi","status":"publish","type":"product","link":"https:\/\/roveyayinevi.com.tr\/index.php\/urun\/aslan-avi\/","title":{"rendered":"Aslan Av\u0131"},"content":{"rendered":"<p>\u201cB\u0130Z B\u0130R A\u0130LEY\u0130Z, SU\u00c7TA VE G\u00dcNAHTA ORTA\u011eIZ!\u201d Tarih 2 May\u0131s 2021 Pazar&#8230; Sedat Peker ilk videosunu yay\u0131mlad\u0131. Bir saatlik \u00e7arp\u0131c\u0131 video sadece T\u00fcrkiye g\u00fcndemini de\u011fil iktidar\u0131 da derinden sarst\u0131. Tarihin en b\u00fcy\u00fck if\u015fas\u0131yd\u0131 bu. Peker, AKP iktidar\u0131 d\u00f6neminin ba\u015frol oyuncular\u0131ndand\u0131 ve \u201ci\u00e7eriden\u201d biriydi. \u00d6yle ki bir eliyle \u201cBozkurt\u201d di\u011fer eliyle \u201cRabia\u201d i\u015fareti yap\u0131yor ve s\u00f6yledikleri \u015f\u00fcpheye yer b\u0131rakm\u0131yordu. Okuyacaklar\u0131n\u0131z sadece bir kabaday\u0131n\u0131n if\u015falar\u0131 de\u011fil bulmacan\u0131n eksik kalm\u0131\u015f par\u00e7as\u0131 ve ayn\u0131 zamanda T\u00fcrkiye\u2019nin son 3 y\u0131l\u0131ndan 30 y\u0131l geriye uzanan kirli tarihinin bir \u00f6zetidir. \u2022 Sedat Peker neden \u201cBen bir n\u00fcfus planlamac\u0131s\u0131y\u0131m&#8230;\u201d diyordu? \u2022 Piyasadaki b\u00fct\u00fcn k\u0131rm\u0131z\u0131 oyuncak arabalar\u0131 neden sat\u0131n ald\u0131? \u2022 Orhan Gencebay, Sedat Peker\u2019den ne istedi? \u2022 \u015eenkal Atasagun ve Filiz Ak\u0131n aras\u0131ndaki ba\u011f ne? \u2022 Be\u015fikta\u015fl\u0131 Sergen Yal\u00e7\u0131n, Peker\u2019e neden sitem etti? \u2022 Deyyus-u Ekber kim, g\u00fcc\u00fc nereden geliyor? \u2022 Erdo\u011fan\u2019\u0131 cezaevinde Peker koruyacakt\u0131, neden vazge\u00e7ildi? Musa Anter cinayeti, J\u0130TEM ve Zekeriya \u00d6z\u2019e ili\u015fkin bilinmeyenler, Burhan Kuzu\u2019nun son anlar\u0131, T\u00fcrkiye\u2019nin kan g\u00f6l\u00fcne d\u00f6nd\u00fc\u011f\u00fc karanl\u0131k g\u00fcnler, su\u00e7 batakl\u0131\u011f\u0131nda \u00e7arp\u0131k ili\u015fkiler, insan ka\u00e7ak\u00e7\u0131l\u0131\u011f\u0131, \u015faibeli \u00f6l\u00fcmler, borsa vurgunlar\u0131, \u00e7eteler&#8230; Hepsini ve \u015fimdiye dek duymad\u0131klar\u0131n\u0131z\u0131 ilk kez bu kitapta bulacaks\u0131n\u0131z. Bu bir \u201cTemiz T\u00fcrkiye\u201d ve \u201cKesintisiz Susurluk\u201d hik\u00e2yesidir. Derin sessizlik bozuldu, art\u0131k hi\u00e7bir \u015fey eskisi gibi olmayacak&#8230; <\/p>\n","protected":false},"excerpt":{"rendered":"<p>\u201cB\u0130Z B\u0130R A\u0130LEY\u0130Z, SU\u00c7TA VE G\u00dcNAHTA ORTA\u011eIZ!\u201d Tarih 2 May\u0131s 2021 Pazar&#8230; Sedat Peker ilk videosunu yay\u0131mlad\u0131. Bir saatlik \u00e7arp\u0131c\u0131 video sadece T\u00fcrkiye g\u00fcndemini de\u011fil iktidar\u0131<span class=\"excerpt-hellip\"> [\u2026]<\/span><\/p>\n","protected":false},"featured_media":0,"template":"","meta":{"_monsterinsights_skip_tracking":false,"_monsterinsights_sitenote_active":false,"_monsterinsights_sitenote_note":"","_monsterinsights_sitenote_category":0},"product_brand":[],"product_cat":[13590,12337],"product_tag":[],"class_list":{"0":"post-750573","1":"product","2":"type-product","3":"status-publish","5":"product_cat-arastirma-inceleme-politika-siyaset","6":"product_cat-politika-siyaset","7":"pa_cilt-ciltsiz","8":"pa_tur-kitap","9":"pa_yayinevi-destek-yayinlari","10":"pa_yazar-erk-acarer","12":"first","13":"instock","14":"sale","15":"shipping-taxable","16":"purchasable","17":"product-type-simple"},"_links":{"self":[{"href":"https:\/\/roveyayinevi.com.tr\/index.php\/wp-json\/wp\/v2\/product\/750573","targetHints":{"allow":["GET"]}}],"collection":[{"href":"https:\/\/roveyayinevi.com.tr\/index.php\/wp-json\/wp\/v2\/product"}],"about":[{"href":"https:\/\/roveyayinevi.com.tr\/index.php\/wp-json\/wp\/v2\/types\/product"}],"wp:attachment":[{"href":"https:\/\/roveyayinevi.com.tr\/index.php\/wp-json\/wp\/v2\/media?parent=750573"}],"wp:term":[{"taxonomy":"product_brand","embeddable":true,"href":"https:\/\/roveyayinevi.com.tr\/index.php\/wp-json\/wp\/v2\/product_brand?post=750573"},{"taxonomy":"product_cat","embeddable":true,"href":"https:\/\/roveyayinevi.com.tr\/index.php\/wp-json\/wp\/v2\/product_cat?post=750573"},{"taxonomy":"product_tag","embeddable":true,"href":"https:\/\/roveyayinevi.com.tr\/index.php\/wp-json\/wp\/v2\/product_tag?post=750573"}],"curies":[{"name":"wp","href":"https:\/\/api.w.org\/{rel}","templated":true}]}}