{"id":750572,"date":"2025-08-28T04:24:02","date_gmt":"2025-08-28T01:24:02","guid":{"rendered":"https:\/\/roveyayinevi.com.tr\/index.php\/urun\/kartal-imam-hatipliler\/"},"modified":"2026-04-16T03:03:55","modified_gmt":"2026-04-16T00:03:55","slug":"kartal-imam-hatipliler","status":"publish","type":"product","link":"https:\/\/roveyayinevi.com.tr\/index.php\/urun\/kartal-imam-hatipliler\/","title":{"rendered":"Kartal \u0130mam Hatipliler"},"content":{"rendered":"<p>\u00c7e\u015fitli kamu kurum ve kurulu\u015flar\u0131nda kilit noktalara getirilenlerin Kartal \u0130mam Hatip Lisesi mezunu olmas\u0131, \u00fcst\u00fcne bir de Cumhurba\u015fkan\u0131 Recep Tayyip Erdo\u011fan\u2019\u0131n o\u011flu N. Bilal Erdo\u011fan ile ayn\u0131 okulda veya s\u0131n\u0131fta okumalar\u0131, bu insanlar\u0131 ger\u00e7ekten ayr\u0131cal\u0131kl\u0131 m\u0131 k\u0131ld\u0131? Kartal Anadolu \u0130mam Hatip Lisesi, kendi aralar\u0131nda verdikleri isimle \u201cHarika \u0130\u015fler \u015eatosu\u201d, \u201cYeni T\u00fcrkiye\u2019nin\u201d se\u00e7kinler okulu mu oldu? Ger\u00e7ekten de Kartal \u0130mam Hatip Lisesi mezunlar\u0131, kamuoyuna b\u00f6l\u00fck p\u00f6r\u00e7\u00fck yans\u0131d\u0131\u011f\u0131 gibi kilit noktalara getirilen, kurduklar\u0131 \u015firketlerle dev ihaleleri alan ve milyonlarca dolar para kazanan AKP\u2019lilerin se\u00e7kin \u00e7ocuklar\u0131 m\u0131? Bu se\u00e7kinler, asl\u0131nda \u00f6rt\u00fcl\u00fc bir yap\u0131n\u0131n \u00fcyeleri mi?   \u0130\u015fte elinizdeki bu ara\u015ft\u0131rma, bu sorular\u0131 yan\u0131tl\u0131yor ve bir b\u00fcy\u00fck ger\u00e7e\u011fi, devlet ayg\u0131t\u0131n\u0131 sarmalam\u0131\u015f b\u00fcy\u00fck bir a\u011f\u0131 ortaya \u00e7\u0131kar\u0131yor. <\/p>\n","protected":false},"excerpt":{"rendered":"<p>\u00c7e\u015fitli kamu kurum ve kurulu\u015flar\u0131nda kilit noktalara getirilenlerin Kartal \u0130mam Hatip Lisesi mezunu olmas\u0131, \u00fcst\u00fcne bir de Cumhurba\u015fkan\u0131 Recep Tayyip Erdo\u011fan\u2019\u0131n o\u011flu N. Bilal Erdo\u011fan ile<span class=\"excerpt-hellip\"> [\u2026]<\/span><\/p>\n","protected":false},"featured_media":0,"template":"","meta":{"_monsterinsights_skip_tracking":false,"_monsterinsights_sitenote_active":false,"_monsterinsights_sitenote_note":"","_monsterinsights_sitenote_category":0},"product_brand":[],"product_cat":[13590,12337],"product_tag":[],"class_list":{"0":"post-750572","1":"product","2":"type-product","3":"status-publish","5":"product_cat-arastirma-inceleme-politika-siyaset","6":"product_cat-politika-siyaset","7":"pa_cilt-ciltsiz","8":"pa_tur-kitap","9":"pa_yayinevi-kirmizi-kedi-yayinevi","10":"pa_yazar-serdar-akinan-hayri-demir","12":"first","13":"instock","14":"sale","15":"shipping-taxable","16":"purchasable","17":"product-type-simple"},"_links":{"self":[{"href":"https:\/\/roveyayinevi.com.tr\/index.php\/wp-json\/wp\/v2\/product\/750572","targetHints":{"allow":["GET"]}}],"collection":[{"href":"https:\/\/roveyayinevi.com.tr\/index.php\/wp-json\/wp\/v2\/product"}],"about":[{"href":"https:\/\/roveyayinevi.com.tr\/index.php\/wp-json\/wp\/v2\/types\/product"}],"wp:attachment":[{"href":"https:\/\/roveyayinevi.com.tr\/index.php\/wp-json\/wp\/v2\/media?parent=750572"}],"wp:term":[{"taxonomy":"product_brand","embeddable":true,"href":"https:\/\/roveyayinevi.com.tr\/index.php\/wp-json\/wp\/v2\/product_brand?post=750572"},{"taxonomy":"product_cat","embeddable":true,"href":"https:\/\/roveyayinevi.com.tr\/index.php\/wp-json\/wp\/v2\/product_cat?post=750572"},{"taxonomy":"product_tag","embeddable":true,"href":"https:\/\/roveyayinevi.com.tr\/index.php\/wp-json\/wp\/v2\/product_tag?post=750572"}],"curies":[{"name":"wp","href":"https:\/\/api.w.org\/{rel}","templated":true}]}}