{"id":750571,"date":"2025-08-28T04:24:01","date_gmt":"2025-08-28T01:24:01","guid":{"rendered":"https:\/\/roveyayinevi.com.tr\/index.php\/urun\/yagma\/"},"modified":"2026-04-16T03:03:55","modified_gmt":"2026-04-16T00:03:55","slug":"yagma","status":"publish","type":"product","link":"https:\/\/roveyayinevi.com.tr\/index.php\/urun\/yagma\/","title":{"rendered":"Ya\u011fma"},"content":{"rendered":"<p>\u2022 K\u0131z\u0131lay dosyas\u0131: \u00c7ad\u0131rdan kana, ihalelerden kurban kesimlerine \u2022 AKP\u2019ye yak\u0131n vak\u0131flara K\u0131z\u0131lay \u00fczerinden aktar\u0131lan paralar \u2022 Say\u0131\u015ftay raporuna g\u00f6re ka\u00e7 bin \u00e7ocu\u011fumuza son kullanma tarihi ge\u00e7mi\u015f a\u015f\u0131 yap\u0131ld\u0131? \u2022 1 cm kal\u0131nl\u0131k \u00fczerinden ka\u00e7 milyar liral\u0131k asfalt yolsuzlu\u011fu yap\u0131ld\u0131? \u2022 \u015eehir hastanelerinin kamuya zarar\u0131 ne kadar? \u2022 9 g\u00fcn \u00f6nce kurulan \u015firket, milyonluk ihaleyi nas\u0131l alabildi? \u2022 Bo\u011fazi\u00e7i ba\u015fta, baz\u0131 \u00fcniversitelerdeki kay\u0131p tarihi eserlerin s\u0131rr\u0131 \u2022 \u00dcniversitelere atamalarda hangi usuls\u00fczl\u00fckler yap\u0131ld\u0131?     Binlerce kadro kimlere, hangi yollarla pe\u015fke\u015f \u00e7ekildi? \u2022 T\u00dc\u0130K\u2019in gelir-gider tablosundaki hatan\u0131n miktar\u0131 \u2022 Al\u0131nmayan bilgisayarlara \u00f6denen paralar kimlere akt\u0131? \u2022 Kamu kurumlar\u0131na oto kiralamada yap\u0131lan b\u00fcy\u00fck vurgun \u2022 Kamu bankalar\u0131n\u0131n sa\u00e7t\u0131\u011f\u0131 kredilerin \u00f6yk\u00fcleri \u2022 Hazineye kay\u0131tl\u0131 kay\u0131p ta\u015f\u0131nmazlar nerede? \u2022 Bakanl\u0131\u011f\u0131n kay\u0131p milyarlar\u0131, toplanmayan kiralar\u0131 ve kamunun zarar\u0131 \u2022 Ticaret Bakanl\u0131\u011f\u0131\u2019ndaki 562 milyonluk \u201chata\u201d \u2022 AKP hangi kurumlar\u0131\/dosyalar\u0131 Say\u0131\u015ftay denetiminden ka\u00e7\u0131rd\u0131? Murat A\u011f\u0131rel, 20 y\u0131ll\u0131k d\u00f6nemin ya\u011fma dosyas\u0131n\u0131 a\u00e7t\u0131. \u0130\u00e7inden sadece parasal ya\u011fma de\u011fil, \u00e7\u00fcr\u00fcme \u00e7\u0131kt\u0131. A\u011f\u0131rel, rejimin kurumlar\u0131, kadrolar\u0131, b\u00fct\u00e7eleri nas\u0131l d\u00f6n\u00fc\u015ft\u00fcrd\u00fc\u011f\u00fcn\u00fc, raporlara, belgelere ve derin ara\u015ft\u0131rmalara dayanarak ayd\u0131nlatt\u0131. <\/p>\n","protected":false},"excerpt":{"rendered":"<p>\u2022 K\u0131z\u0131lay dosyas\u0131: \u00c7ad\u0131rdan kana, ihalelerden kurban kesimlerine \u2022 AKP\u2019ye yak\u0131n vak\u0131flara K\u0131z\u0131lay \u00fczerinden aktar\u0131lan paralar \u2022 Say\u0131\u015ftay raporuna g\u00f6re ka\u00e7 bin \u00e7ocu\u011fumuza son kullanma tarihi<span class=\"excerpt-hellip\"> [\u2026]<\/span><\/p>\n","protected":false},"featured_media":0,"template":"","meta":{"_monsterinsights_skip_tracking":false,"_monsterinsights_sitenote_active":false,"_monsterinsights_sitenote_note":"","_monsterinsights_sitenote_category":0},"product_brand":[],"product_cat":[13590,12337],"product_tag":[],"class_list":{"0":"post-750571","1":"product","2":"type-product","3":"status-publish","5":"product_cat-arastirma-inceleme-politika-siyaset","6":"product_cat-politika-siyaset","7":"pa_cilt-ciltsiz","8":"pa_tur-kitap","9":"pa_yayinevi-kirmizi-kedi-yayinevi","10":"pa_yazar-murat-agirel","12":"first","13":"instock","14":"sale","15":"shipping-taxable","16":"purchasable","17":"product-type-simple"},"_links":{"self":[{"href":"https:\/\/roveyayinevi.com.tr\/index.php\/wp-json\/wp\/v2\/product\/750571","targetHints":{"allow":["GET"]}}],"collection":[{"href":"https:\/\/roveyayinevi.com.tr\/index.php\/wp-json\/wp\/v2\/product"}],"about":[{"href":"https:\/\/roveyayinevi.com.tr\/index.php\/wp-json\/wp\/v2\/types\/product"}],"wp:attachment":[{"href":"https:\/\/roveyayinevi.com.tr\/index.php\/wp-json\/wp\/v2\/media?parent=750571"}],"wp:term":[{"taxonomy":"product_brand","embeddable":true,"href":"https:\/\/roveyayinevi.com.tr\/index.php\/wp-json\/wp\/v2\/product_brand?post=750571"},{"taxonomy":"product_cat","embeddable":true,"href":"https:\/\/roveyayinevi.com.tr\/index.php\/wp-json\/wp\/v2\/product_cat?post=750571"},{"taxonomy":"product_tag","embeddable":true,"href":"https:\/\/roveyayinevi.com.tr\/index.php\/wp-json\/wp\/v2\/product_tag?post=750571"}],"curies":[{"name":"wp","href":"https:\/\/api.w.org\/{rel}","templated":true}]}}