{"id":750569,"date":"2025-08-28T04:23:58","date_gmt":"2025-08-28T01:23:58","guid":{"rendered":"https:\/\/roveyayinevi.com.tr\/index.php\/urun\/eglencenin-iyisi\/"},"modified":"2026-04-16T03:03:55","modified_gmt":"2026-04-16T00:03:55","slug":"eglencenin-iyisi","status":"publish","type":"product","link":"https:\/\/roveyayinevi.com.tr\/index.php\/urun\/eglencenin-iyisi\/","title":{"rendered":"E\u011flencenin \u0130yisi"},"content":{"rendered":"<p>E\u011flence yayg\u0131nla\u015f\u0131yor, yeni bir paradigma, yeni bir d\u00fcnya ve varl\u0131k form\u00fcl\u00fc olarak y\u00fckseliyor. Var olabilmek i\u00e7in, d\u00fcnyaya ait olabilmek i\u00e7in e\u011flendirici olmak gerekiyor. Art\u0131k sadece e\u011flendirici olan hakiki ya da ger\u00e7ek kabul ediliyor. Ger\u00e7ek ger\u00e7eklik ile kurgusal ger\u00e7eklik aras\u0131ndaki fark art\u0131k ge\u00e7erli de\u011fil. Bizzat ger\u00e7eklik e\u011flencenin bir etkisi olarak g\u00f6r\u00fcl\u00fcyor. E\u011flencenin totaliterle\u015fmesi pasyon ruhu i\u00e7in bir d\u00fc\u015f\u00fc\u015f olarak g\u00f6r\u00fcnebilir. Ancak pasyon ve e\u011flence temelde karde\u015ftir. Bu kitapta ikisinin pek \u00e7ok kez \u00f6rt\u00fck yak\u0131nla\u015fmalar\u0131na i\u015faret ediyorum. Kafka\u2019n\u0131n \u00f6yk\u00fcs\u00fcnde bir pasyon karakteri olan a\u00e7l\u0131k sanat\u00e7\u0131s\u0131 ile hedonist hayvan\u0131n varl\u0131k ve \u00f6zg\u00fcrl\u00fck konusunda farkl\u0131 anlay\u0131\u015flara sahip olmalar\u0131na ra\u011fmen ayn\u0131 kafese konmalar\u0131 tesad\u00fcf de\u011fildir. Bu ikisi sirkte s\u00fcrekli birbirlerinin yerini alacak iki karakterdir. \u2014 Byung-Chul Han<\/p>\n","protected":false},"excerpt":{"rendered":"<p>E\u011flence yayg\u0131nla\u015f\u0131yor, yeni bir paradigma, yeni bir d\u00fcnya ve varl\u0131k form\u00fcl\u00fc olarak y\u00fckseliyor. Var olabilmek i\u00e7in, d\u00fcnyaya ait olabilmek i\u00e7in e\u011flendirici olmak gerekiyor. Art\u0131k sadece e\u011flendirici<span class=\"excerpt-hellip\"> [\u2026]<\/span><\/p>\n","protected":false},"featured_media":0,"template":"","meta":{"_monsterinsights_skip_tracking":false,"_monsterinsights_sitenote_active":false,"_monsterinsights_sitenote_note":"","_monsterinsights_sitenote_category":0},"product_brand":[],"product_cat":[12388],"product_tag":[],"class_list":{"0":"post-750569","1":"product","2":"type-product","3":"status-publish","5":"product_cat-felsefe","6":"pa_cilt-ciltsiz","7":"pa_tur-kitap","8":"pa_yayinevi-metis-yayinlari","9":"pa_yazar-byung-chul-han","11":"first","12":"instock","13":"sale","14":"shipping-taxable","15":"purchasable","16":"product-type-simple"},"_links":{"self":[{"href":"https:\/\/roveyayinevi.com.tr\/index.php\/wp-json\/wp\/v2\/product\/750569","targetHints":{"allow":["GET"]}}],"collection":[{"href":"https:\/\/roveyayinevi.com.tr\/index.php\/wp-json\/wp\/v2\/product"}],"about":[{"href":"https:\/\/roveyayinevi.com.tr\/index.php\/wp-json\/wp\/v2\/types\/product"}],"wp:attachment":[{"href":"https:\/\/roveyayinevi.com.tr\/index.php\/wp-json\/wp\/v2\/media?parent=750569"}],"wp:term":[{"taxonomy":"product_brand","embeddable":true,"href":"https:\/\/roveyayinevi.com.tr\/index.php\/wp-json\/wp\/v2\/product_brand?post=750569"},{"taxonomy":"product_cat","embeddable":true,"href":"https:\/\/roveyayinevi.com.tr\/index.php\/wp-json\/wp\/v2\/product_cat?post=750569"},{"taxonomy":"product_tag","embeddable":true,"href":"https:\/\/roveyayinevi.com.tr\/index.php\/wp-json\/wp\/v2\/product_tag?post=750569"}],"curies":[{"name":"wp","href":"https:\/\/api.w.org\/{rel}","templated":true}]}}