{"id":750568,"date":"2025-08-28T04:23:57","date_gmt":"2025-08-28T01:23:57","guid":{"rendered":"https:\/\/roveyayinevi.com.tr\/index.php\/urun\/kafasi-karismislar-icin-spinoza\/"},"modified":"2026-04-16T03:03:55","modified_gmt":"2026-04-16T00:03:55","slug":"kafasi-karismislar-icin-spinoza","status":"publish","type":"product","link":"https:\/\/roveyayinevi.com.tr\/index.php\/urun\/kafasi-karismislar-icin-spinoza\/","title":{"rendered":"Kafas\u0131 Kar\u0131\u015fm\u0131\u015flar \u0130\u00e7in Spinoza"},"content":{"rendered":"<p>Benedict de Spinoza, Bat\u0131 felsefesiyle ilgilenen herkesin kar\u015f\u0131s\u0131na \u00e7\u0131kan bu\u0308yu\u0308k bir filozoftur. Etik, din ve siyaset felsefesi alanlar\u0131ndaki \u00e7al\u0131\u015fmalar\u0131 halen ufuk a\u00e7\u0131c\u0131 eserler olarak g\u00f6ru\u0308lmektedir. Ama ayn\u0131 zamanda, gu\u0308nu\u0308mu\u0308z okuyucular\u0131n\u0131 ciddi bi\u00e7imde zorlayan metinlerdir bunlar. Ge\u00e7 Orta\u00e7a\u011f skolasti\u011finin s\u00f6z da\u011far\u0131 ve terminolojisinin yan\u0131 s\u0131ra, Spinoza\u2019n\u0131n eserlerindeki kolayca nu\u0308fuz edilemeyen temalar \u00e7o\u011fu zaman a\u00e7\u0131kl\u0131\u011fa kavu\u015fturulmaya ihtiya\u00e7 duyar. Kafas\u0131 Kar\u0131\u015fm\u0131\u015flar \u0130\u00e7in Spinoza, du\u0308\u015fu\u0308nu\u0308ru\u0308n felsefi projesinin ve ba\u015fl\u0131ca eserlerinin kapsaml\u0131 bir a\u00e7\u0131klamas\u0131n\u0131 ve \u00e7\u00f6zu\u0308mlemesini yaparak bu ihtiyac\u0131 kar\u015f\u0131l\u0131yor. Spinoza\u2019n\u0131n anla\u015f\u0131lmas\u0131 gu\u0308\u00e7 dili ve terminolojisiyle ba\u015fa \u00e7\u0131kman\u0131n yollar\u0131n\u0131 sergiliyor, onun \u201cgeometrik\u201d yakla\u015f\u0131m\u0131n\u0131 ve karma\u015f\u0131k felsefi sistemini anla\u015f\u0131l\u0131r hale getiriyor. Ayr\u0131ca, Spinoza&#8217;n\u0131n halen devam eden etkisine ve \u00e7a\u011fda\u015f felsefi tart\u0131\u015fmalardaki yerine dair bir de\u011ferlendirme sunuyor.<\/p>\n","protected":false},"excerpt":{"rendered":"<p>Benedict de Spinoza, Bat\u0131 felsefesiyle ilgilenen herkesin kar\u015f\u0131s\u0131na \u00e7\u0131kan bu\u0308yu\u0308k bir filozoftur. Etik, din ve siyaset felsefesi alanlar\u0131ndaki \u00e7al\u0131\u015fmalar\u0131 halen ufuk a\u00e7\u0131c\u0131 eserler olarak g\u00f6ru\u0308lmektedir. Ama<span class=\"excerpt-hellip\"> [\u2026]<\/span><\/p>\n","protected":false},"featured_media":0,"template":"","meta":{"_monsterinsights_skip_tracking":false,"_monsterinsights_sitenote_active":false,"_monsterinsights_sitenote_note":"","_monsterinsights_sitenote_category":0},"product_brand":[],"product_cat":[12388,15536],"product_tag":[],"class_list":{"0":"post-750568","1":"product","2":"type-product","3":"status-publish","5":"product_cat-felsefe","6":"product_cat-siyaset-felsefesi","7":"pa_cilt-ciltsiz","8":"pa_tur-kitap","9":"pa_yayinevi-dipnot-yayinlari","10":"pa_yazar-charles-jarrett","12":"first","13":"instock","14":"sale","15":"shipping-taxable","16":"purchasable","17":"product-type-simple"},"_links":{"self":[{"href":"https:\/\/roveyayinevi.com.tr\/index.php\/wp-json\/wp\/v2\/product\/750568","targetHints":{"allow":["GET"]}}],"collection":[{"href":"https:\/\/roveyayinevi.com.tr\/index.php\/wp-json\/wp\/v2\/product"}],"about":[{"href":"https:\/\/roveyayinevi.com.tr\/index.php\/wp-json\/wp\/v2\/types\/product"}],"wp:attachment":[{"href":"https:\/\/roveyayinevi.com.tr\/index.php\/wp-json\/wp\/v2\/media?parent=750568"}],"wp:term":[{"taxonomy":"product_brand","embeddable":true,"href":"https:\/\/roveyayinevi.com.tr\/index.php\/wp-json\/wp\/v2\/product_brand?post=750568"},{"taxonomy":"product_cat","embeddable":true,"href":"https:\/\/roveyayinevi.com.tr\/index.php\/wp-json\/wp\/v2\/product_cat?post=750568"},{"taxonomy":"product_tag","embeddable":true,"href":"https:\/\/roveyayinevi.com.tr\/index.php\/wp-json\/wp\/v2\/product_tag?post=750568"}],"curies":[{"name":"wp","href":"https:\/\/api.w.org\/{rel}","templated":true}]}}