{"id":750566,"date":"2025-08-28T04:23:55","date_gmt":"2025-08-28T01:23:55","guid":{"rendered":"https:\/\/roveyayinevi.com.tr\/index.php\/urun\/meraklisina-bilissel-davranisci-terapi\/"},"modified":"2026-04-16T03:03:55","modified_gmt":"2026-04-16T00:03:55","slug":"meraklisina-bilissel-davranisci-terapi","status":"publish","type":"product","link":"https:\/\/roveyayinevi.com.tr\/index.php\/urun\/meraklisina-bilissel-davranisci-terapi\/","title":{"rendered":"Merakl\u0131s\u0131na Bili\u015fsel Davran\u0131\u015f\u00e7\u0131 Terapi"},"content":{"rendered":"<p>Merakl\u0131s\u0131na Bili\u015fsel Davran\u0131\u015f\u00e7\u0131 Terapi, psikolojik s\u0131k\u0131nt\u0131lar\u0131 anlama ve gidermede \u00f6nemli rol\u00fc bulunan, etkisi deneysel olarak kan\u0131tlanabilen bir psikoterapi y\u00f6ntemi olan BDT\u2019yi anlamak i\u00e7in m\u00fckemmel bir ba\u015flang\u0131\u00e7 noktas\u0131.    Freda McManus yal\u0131n bir dil ve kolay anla\u015f\u0131l\u0131r i\u00e7erikle haz\u0131rlad\u0131\u011f\u0131 bu kitapta BDT\u2019nin davran\u0131\u015fsal k\u00f6kenlerini, bili\u015f boyutunu, ard\u0131nda yatan kuramsal temeli, y\u00f6ntemlerini ve yap\u0131s\u0131n\u0131 a\u00e7\u0131kl\u0131yor. Ayr\u0131ca BDT\u2019nin uygulanabilece\u011fi \u00e7ok farkl\u0131 psikolojik bozukluklara ve deneye dayal\u0131 olma \u00f6zelli\u011fi sayesinde, gelecekte ortaya \u00e7\u0131kabilecek yeni sorunlara kar\u015f\u0131 nas\u0131l kolayca uyarlanabilece\u011fine de\u011finiyor.     Bu kitap, BDT\u2019nin nas\u0131l ortaya \u00e7\u0131kt\u0131\u011f\u0131n\u0131, ne i\u015fe yarad\u0131\u011f\u0131n\u0131 ve ne zaman kullan\u0131labilece\u011fini merak eden herkes i\u00e7in bulunmaz bir kaynak. <\/p>\n","protected":false},"excerpt":{"rendered":"<p>Merakl\u0131s\u0131na Bili\u015fsel Davran\u0131\u015f\u00e7\u0131 Terapi, psikolojik s\u0131k\u0131nt\u0131lar\u0131 anlama ve gidermede \u00f6nemli rol\u00fc bulunan, etkisi deneysel olarak kan\u0131tlanabilen bir psikoterapi y\u00f6ntemi olan BDT\u2019yi anlamak i\u00e7in m\u00fckemmel bir ba\u015flang\u0131\u00e7<span class=\"excerpt-hellip\"> [\u2026]<\/span><\/p>\n","protected":false},"featured_media":0,"template":"","meta":{"_monsterinsights_skip_tracking":false,"_monsterinsights_sitenote_active":false,"_monsterinsights_sitenote_note":"","_monsterinsights_sitenote_category":0},"product_brand":[],"product_cat":[12357],"product_tag":[],"class_list":{"0":"post-750566","1":"product","2":"type-product","3":"status-publish","5":"product_cat-psikoloji","6":"pa_cilt-ciltsiz","7":"pa_tur-kitap","8":"pa_yayinevi-nova-kitap","9":"pa_yazar-freda-mcmanus","11":"first","12":"instock","13":"sale","14":"shipping-taxable","15":"purchasable","16":"product-type-simple"},"_links":{"self":[{"href":"https:\/\/roveyayinevi.com.tr\/index.php\/wp-json\/wp\/v2\/product\/750566","targetHints":{"allow":["GET"]}}],"collection":[{"href":"https:\/\/roveyayinevi.com.tr\/index.php\/wp-json\/wp\/v2\/product"}],"about":[{"href":"https:\/\/roveyayinevi.com.tr\/index.php\/wp-json\/wp\/v2\/types\/product"}],"wp:attachment":[{"href":"https:\/\/roveyayinevi.com.tr\/index.php\/wp-json\/wp\/v2\/media?parent=750566"}],"wp:term":[{"taxonomy":"product_brand","embeddable":true,"href":"https:\/\/roveyayinevi.com.tr\/index.php\/wp-json\/wp\/v2\/product_brand?post=750566"},{"taxonomy":"product_cat","embeddable":true,"href":"https:\/\/roveyayinevi.com.tr\/index.php\/wp-json\/wp\/v2\/product_cat?post=750566"},{"taxonomy":"product_tag","embeddable":true,"href":"https:\/\/roveyayinevi.com.tr\/index.php\/wp-json\/wp\/v2\/product_tag?post=750566"}],"curies":[{"name":"wp","href":"https:\/\/api.w.org\/{rel}","templated":true}]}}