{"id":750557,"date":"2025-08-28T04:23:43","date_gmt":"2025-08-28T01:23:43","guid":{"rendered":"https:\/\/roveyayinevi.com.tr\/index.php\/urun\/sehir-yonetim-ve-kulturel-miras\/"},"modified":"2026-04-16T03:03:55","modified_gmt":"2026-04-16T00:03:55","slug":"sehir-yonetim-ve-kulturel-miras","status":"publish","type":"product","link":"https:\/\/roveyayinevi.com.tr\/index.php\/urun\/sehir-yonetim-ve-kulturel-miras\/","title":{"rendered":"\u015eehir Y\u00f6netim ve K\u00fclt\u00fcrel Miras"},"content":{"rendered":"<p>T\u00fcrkiye\u2019de \u00fcst y\u00f6netici olarak b\u00fcrokratlar\u0131n ayn\u0131 zamanda akademik \u00e7al\u0131\u015fma yapm\u0131\u015f olmalar\u0131 \u00f6nemsenmez. Halbuki Bat\u0131 \u00fclkelerinde uygulama ve bilimsellik paralel gider ve bu iki hususun birlikteli\u011fi \u00e7ok \u00f6nemsenir. \u00dclkelerin ve uluslar\u0131n g\u00fc\u00e7l\u00fc olmalar\u0131nda ku\u015fkusuz en ba\u015fta gelen etkenlerden birisi, b\u00fcrokrasinin etkinli\u011fi ve niteli\u011fidir. B\u00fcrokrasinin hem akademik hem de uygulama ba\u011flam\u0131ndaki tecr\u00fcbesinin bir araya gelmesi ise verilen hizmetleri \u00e7ok daha nitelikli hale getirmektedir. Bu kitab\u0131n yazar\u0131 Enis Yeter \u015fehir meselesine uygulaman\u0131n i\u00e7inden akademik bir perspektif ile bak\u0131yor. Yazar, akademik yakla\u015f\u0131m\u0131n verdi\u011fi imkanlar\u0131 kullanarak \u015fehrin sorunlar\u0131n\u0131 daha derinlikli olarak ele al\u0131yor, tarihsel ve y\u00f6netsel tecr\u00fcbeleri ihmal etmeden gelecek ufkunu da dikkate alarak \u00e7\u00f6z\u00fcmler \u00f6neriyor. Yerel hizmetlerde merkezle olan i\u015f yapma bi\u00e7iminin sorunlar\u0131 ve bunlar\u0131 a\u015fman\u0131n yollar\u0131n\u0131 da ele alan yazar k\u00fclt\u00fcrel miras\u0131n korunmas\u0131 \u00fczerine de \u00f6nemli tespitlerde bulunuyor. Alt\u0131 y\u0131l valilik yapt\u0131\u011f\u0131 Kastamonu\u2019nun k\u00fclt\u00fcrel miras\u0131n\u0131 nas\u0131l canland\u0131rd\u0131\u011f\u0131na da \u015fahit oldu\u011fumuz yazar\u0131n devlette s\u00fcreklili\u011fin ve s\u00fcreksizli\u011fin do\u011furdu\u011fu sorunlar\u0131 da \u00e7ok \u00e7arp\u0131c\u0131 ve sarih bir \u015fekilde ele ald\u0131\u011f\u0131n\u0131 g\u00f6zlemliyoruz. Avrupa Birli\u011fi\u2019nin mahalli idareler \u00fczerindeki etkilerini de g\u00fcndeme alarak irdeleyen yazar hizmetlerin esas sahibinin vatanda\u015fa en yak\u0131n birimler olarak yerel y\u00f6netimler oldu\u011funu Subsidiarite ilkesi \u00fczerinden Avrupa\u2019da nas\u0131l ele al\u0131nd\u0131\u011f\u0131n\u0131 da aktar\u0131yor. Yerel olan\u0131n uluslararas\u0131 alandaki izd\u00fc\u015f\u00fcm\u00fcn\u00fcn analiz edildi\u011fi kitapta yat\u0131r\u0131m ve hizmetlerin merkezi kurulu\u015flardan yerel y\u00f6netimler, hatta daha b\u00fcy\u00fck yerel y\u00f6netimlerden alt kademe yerel y\u00f6netimlere kayd\u0131r\u0131lmas\u0131n\u0131n da yerellik a\u00e7\u0131s\u0131ndan ne kadar \u00f6nemli oldu\u011fu vurgulan\u0131yor.<\/p>\n","protected":false},"excerpt":{"rendered":"<p>T\u00fcrkiye\u2019de \u00fcst y\u00f6netici olarak b\u00fcrokratlar\u0131n ayn\u0131 zamanda akademik \u00e7al\u0131\u015fma yapm\u0131\u015f olmalar\u0131 \u00f6nemsenmez. Halbuki Bat\u0131 \u00fclkelerinde uygulama ve bilimsellik paralel gider ve bu iki hususun birlikteli\u011fi \u00e7ok<span class=\"excerpt-hellip\"> [\u2026]<\/span><\/p>\n","protected":false},"featured_media":0,"template":"","meta":{"_monsterinsights_skip_tracking":false,"_monsterinsights_sitenote_active":false,"_monsterinsights_sitenote_note":"","_monsterinsights_sitenote_category":0},"product_brand":[],"product_cat":[13043,19008],"product_tag":[],"class_list":{"0":"post-750557","1":"product","2":"type-product","3":"status-publish","5":"product_cat-ekonomi","6":"product_cat-yonetim","7":"pa_cilt-ciltsiz","8":"pa_tur-kitap","9":"pa_yayinevi-idealkent-yayincilik","10":"pa_yazar-enis-yeter","12":"first","13":"instock","14":"sale","15":"shipping-taxable","16":"purchasable","17":"product-type-simple"},"_links":{"self":[{"href":"https:\/\/roveyayinevi.com.tr\/index.php\/wp-json\/wp\/v2\/product\/750557","targetHints":{"allow":["GET"]}}],"collection":[{"href":"https:\/\/roveyayinevi.com.tr\/index.php\/wp-json\/wp\/v2\/product"}],"about":[{"href":"https:\/\/roveyayinevi.com.tr\/index.php\/wp-json\/wp\/v2\/types\/product"}],"wp:attachment":[{"href":"https:\/\/roveyayinevi.com.tr\/index.php\/wp-json\/wp\/v2\/media?parent=750557"}],"wp:term":[{"taxonomy":"product_brand","embeddable":true,"href":"https:\/\/roveyayinevi.com.tr\/index.php\/wp-json\/wp\/v2\/product_brand?post=750557"},{"taxonomy":"product_cat","embeddable":true,"href":"https:\/\/roveyayinevi.com.tr\/index.php\/wp-json\/wp\/v2\/product_cat?post=750557"},{"taxonomy":"product_tag","embeddable":true,"href":"https:\/\/roveyayinevi.com.tr\/index.php\/wp-json\/wp\/v2\/product_tag?post=750557"}],"curies":[{"name":"wp","href":"https:\/\/api.w.org\/{rel}","templated":true}]}}